{"id":2963,"date":"2024-12-11T12:59:46","date_gmt":"2024-12-11T11:59:46","guid":{"rendered":"https:\/\/bordeauxgsef2025.org\/?page_id=2963"},"modified":"2025-04-09T16:59:25","modified_gmt":"2025-04-09T14:59:25","slug":"lancement-gsef2025","status":"publish","type":"page","link":"https:\/\/bordeauxgsef2025.org\/es\/ressources\/lancement-gsef2025\/","title":{"rendered":"Lanzamiento"},"content":{"rendered":"<div style=\"height:20px\" aria-hidden=\"true\" class=\"wp-block-spacer\"><\/div>\n\n\n<div class=\"yoast-breadcrumbs\"><span><span><a href=\"https:\/\/bordeauxgsef2025.org\/es\/\">Inicio<\/a><\/span> \u00bb <span><a href=\"https:\/\/bordeauxgsef2025.org\/es\/ressources\/\">Recursos<\/a><\/span> \u00bb <span class=\"breadcrumb_last\" aria-current=\"page\"><strong>Lanzamiento<\/strong><\/span><\/span><\/div>\n\n\n<div style=\"height:20px\" aria-hidden=\"true\" class=\"wp-block-spacer\"><\/div>\n\n\n\n<h1 class=\"wp-block-heading\"><strong>Lanzamiento oficial de Bordeaux GSEF 2025<\/strong><\/h1>\n\n\n\n<div class=\"wp-block-columns bloc-blanc  has-white-background-color has-background is-layout-flex wp-container-core-columns-is-layout-28f84493 wp-block-columns-is-layout-flex\">\n<div class=\"wp-block-column is-vertically-aligned-stretch is-layout-flow wp-block-column-is-layout-flow\" style=\"flex-basis:100%\">\n<h6 class=\"wp-block-heading\"><\/h6>\n\n\n\n<p>El 7<sup>\u00ba<\/sup> Foro Global de la Econom\u00eda Social y Solidaria arranc\u00f3 en el Ayuntamiento de Burdeos el martes 3 de diciembre de 2024.<\/p>\n\n\n\n<p><strong>Juan Mari Aburto<\/strong>, alcalde de Bilbao, miembro del Comit\u00e9 Directivo del GSEF y anfitri\u00f3n del GSEF2018 y <strong>Mamie Awou Dieng L\u00f4<\/strong>, teniente de alcalde de Dakar, copresidenta continental del GSEF para \u00c1frica y anfitriona del GSEF23, compartir\u00e1n en v\u00eddeo sus mejores deseos para el \u00e9xito de la 7<sup>\u00ba<\/sup> edici\u00f3n de este gran evento mundial.<\/p>\n\n\n\n<p>El lanzamiento brind\u00f3 la oportunidad de poner de relieve la din\u00e1mica colectiva de las autoridades locales organizadoras del acto. Entre los oradores figuraban: <strong>Pierre Hurmic<\/strong> \u2013 Alcalde de Burdeos y presidente del GSEF, <strong>Alain Garnier<\/strong> \u2013 Vicepresidente de Bordeaux M\u00e9tropole responsable de la ESS y de la econom\u00eda local, <strong>Jean-Luc Gleyze<\/strong> \u2013 Presidente del Consejo Departamental de Gironda, <strong>Alain Rousset <\/strong>\u2013 Presidente del Consejo Regional de Nouvelle-Aquitaine <strong>St\u00e9phane Montuzet<\/strong> \u2013 Presidente de la C\u00e1mara Regional de la ESS Nouvelle-Aquitaine y <strong>Beno\u00eet Hamon <\/strong>\u2013 Presidente de ESS France que asisti\u00f3 al acto, tambi\u00e9n tom\u00f3 la palabra.<\/p>\n\n\n\n<div class=\"wp-block-columns is-layout-flex wp-container-core-columns-is-layout-28f84493 wp-block-columns-is-layout-flex\">\n<div class=\"wp-block-column is-vertically-aligned-center is-layout-flow wp-block-column-is-layout-flow\">\n<figure class=\"wp-block-image alignright size-large is-resized\"><a href=\"https:\/\/www.youtube.com\/watch?v=tYTvg_Mjhyw\"><img fetchpriority=\"high\" decoding=\"async\" width=\"1024\" height=\"576\" sizes=\"(max-width: 1024px) 100vw, 1024px\" src=\"https:\/\/bordeauxgsef2025.org\/wp-content\/uploads\/2024\/12\/Juan-Mari-Aburto-City-of-Bilbao-Launch-event-of-BordeauxGSEF2025-1024x576.jpg\" alt=\"\" class=\"wp-image-3104\" style=\"width:360px\" srcset=\"https:\/\/bordeauxgsef2025.org\/wp-content\/uploads\/2024\/12\/Juan-Mari-Aburto-City-of-Bilbao-Launch-event-of-BordeauxGSEF2025-1024x576.jpg 1024w, https:\/\/bordeauxgsef2025.org\/wp-content\/uploads\/2024\/12\/Juan-Mari-Aburto-City-of-Bilbao-Launch-event-of-BordeauxGSEF2025-300x169.jpg 300w, https:\/\/bordeauxgsef2025.org\/wp-content\/uploads\/2024\/12\/Juan-Mari-Aburto-City-of-Bilbao-Launch-event-of-BordeauxGSEF2025-768x432.jpg 768w, https:\/\/bordeauxgsef2025.org\/wp-content\/uploads\/2024\/12\/Juan-Mari-Aburto-City-of-Bilbao-Launch-event-of-BordeauxGSEF2025-18x10.jpg 18w, https:\/\/bordeauxgsef2025.org\/wp-content\/uploads\/2024\/12\/Juan-Mari-Aburto-City-of-Bilbao-Launch-event-of-BordeauxGSEF2025.jpg 1280w\" \/><\/a><\/figure>\n<\/div>\n\n\n\n<div class=\"wp-block-column is-vertically-aligned-center is-layout-flow wp-block-column-is-layout-flow\">\n<figure class=\"wp-block-image alignleft size-large is-resized\"><a href=\"https:\/\/www.youtube.com\/watch?v=OTTIHLhVxvU\"><img decoding=\"async\" width=\"1024\" height=\"576\" sizes=\"(max-width: 1024px) 100vw, 1024px\" src=\"https:\/\/bordeauxgsef2025.org\/wp-content\/uploads\/2024\/12\/Mamie-Awou-Dieng-Lo-City-of-Dakar-Launch-event-of-BordeauxGSEF2025-1-1024x576.jpg\" alt=\"\" class=\"wp-image-3103\" style=\"width:360px\" srcset=\"https:\/\/bordeauxgsef2025.org\/wp-content\/uploads\/2024\/12\/Mamie-Awou-Dieng-Lo-City-of-Dakar-Launch-event-of-BordeauxGSEF2025-1-1024x576.jpg 1024w, https:\/\/bordeauxgsef2025.org\/wp-content\/uploads\/2024\/12\/Mamie-Awou-Dieng-Lo-City-of-Dakar-Launch-event-of-BordeauxGSEF2025-1-300x169.jpg 300w, https:\/\/bordeauxgsef2025.org\/wp-content\/uploads\/2024\/12\/Mamie-Awou-Dieng-Lo-City-of-Dakar-Launch-event-of-BordeauxGSEF2025-1-768x432.jpg 768w, https:\/\/bordeauxgsef2025.org\/wp-content\/uploads\/2024\/12\/Mamie-Awou-Dieng-Lo-City-of-Dakar-Launch-event-of-BordeauxGSEF2025-1-18x10.jpg 18w, https:\/\/bordeauxgsef2025.org\/wp-content\/uploads\/2024\/12\/Mamie-Awou-Dieng-Lo-City-of-Dakar-Launch-event-of-BordeauxGSEF2025-1.jpg 1280w\" \/><\/a><\/figure>\n<\/div>\n<\/div>\n\n\n\n<p>Todos destacaron la oportunidad que representa este Foro para poner de relieve la ESS: sus valores, su utilidad y su capacidad de innovaci\u00f3n y transformaci\u00f3n al servicio de la sociedad, en todo el mundo. <strong>Marie-Agn\u00e8s Poussier-Winsback<\/strong>, el Ministra franc\u00e9s de ESS, tambi\u00e9n dese\u00f3 mucho \u00e9xito a este acontecimiento internacional.<br><\/p>\n\n\n\n<div style=\"height:41px\" aria-hidden=\"true\" class=\"wp-block-spacer\"><\/div>\n\n\n\n<div class=\"wp-block-columns is-layout-flex wp-container-core-columns-is-layout-28f84493 wp-block-columns-is-layout-flex\">\n<div class=\"wp-block-column is-layout-flow wp-block-column-is-layout-flow\">\n<figure class=\"wp-block-video\"><video height=\"720\" style=\"aspect-ratio: 1280 \/ 720;\" width=\"1280\" controls src=\"https:\/\/bordeauxgsef2025.org\/wp-content\/uploads\/2024\/12\/gesef_timelapse_v2-720p.mp4\"><\/video><\/figure>\n\n\n\n<p class=\"has-text-align-center\">El obra participativo en 40 segundos<\/p>\n<\/div>\n\n\n\n<div class=\"wp-block-column is-layout-flow wp-block-column-is-layout-flow\">\n<div id=\"video-container\"><\/div>\n\n\n<script>\ndocument.addEventListener('DOMContentLoaded', function() {\n    var lang = document.documentElement.lang; \/\/ R\u00e9cup\u00e9rer la langue du document\n    console.log(\"Langue d\u00e9tect\u00e9e : \" + lang); \n\n    var videoUrl;\n\n    \/\/ URL des vid\u00e9os t\u00e9l\u00e9charg\u00e9es sur WordPress\n    if (lang.startsWith(\"en\")) {\n        videoUrl = 'https:\/\/bordeauxgsef2025.org\/wp-content\/uploads\/2024\/12\/Reportage-lancement-anglais.mp4'; \/\/ Vid\u00e9o en anglais\n    } else if (lang.startsWith(\"es\")) {\n        videoUrl = 'https:\/\/bordeauxgsef2025.org\/wp-content\/uploads\/2024\/12\/Reportage_lancement_espagnol.mp4'; \/\/ Vid\u00e9o en espagnol\n    } else if (lang.startsWith(\"fr\")) {\n        videoUrl = 'https:\/\/bordeauxgsef2025.org\/wp-content\/uploads\/2024\/12\/gsef_film_format_web-720p.mp4'; \/\/ Vid\u00e9o en fran\u00e7ais\n    } else {\n        videoUrl == 'https:\/\/bordeauxgsef2025.org\/wp-content\/uploads\/2024\/12\/gsef_film_format_web-720p.mp4'; \/\/ Langue par d\u00e9faut (fran\u00e7ais)\n    }\n\n    \/\/ Cr\u00e9er le lecteur vid\u00e9o\n    var videoContainer = document.getElementById('video-container');\n    var videoElement = document.createElement('video');\n    videoElement.controls = true;\n    videoElement.classList.add('custom-video') ; \n    videoElement.innerHTML = `<source src=\"${videoUrl}\" type=\"video\/mp4\">`;\n    videoContainer.appendChild(videoElement);\n\n    console.log(\"Video ajout\u00e9e au conteneur:\", videoElement);\n});\n<\/script>\n\n\n\n\n\n<p class=\"has-text-align-center\">Informe sobre lo m\u00e1s destacado<\/p>\n<\/div>\n<\/div>\n<\/div>\n\n\n\n<div class=\"wp-block-column is-layout-flow wp-block-column-is-layout-flow\"><\/div>\n<\/div>\n\n\n\n<div class=\"wp-block-columns bloc-blanc has-background is-layout-flex wp-container-core-columns-is-layout-28f84493 wp-block-columns-is-layout-flex\" style=\"background-color:#1e4b98\">\n<div class=\"wp-block-column is-layout-flow wp-block-column-is-layout-flow\" style=\"flex-basis:5%\"><\/div>\n\n\n\n<div class=\"wp-block-column is-vertically-aligned-center is-layout-flow wp-block-column-is-layout-flow\">\n<p class=\"has-white-color has-text-color has-link-color wp-elements-6b085cdd951cd92c686b9dea3e45fcc0\"><strong>La ceremonia oficial termin\u00f3 con la firma de una estructura de madera de 8 metros de largo realizada por Compagnons B\u00e2tisseurs Nouvelle-Aquitaine, un actor local de la ESS que representa a un gigante #BordeauxGSEF2025. <\/strong><\/p>\n\n\n\n<p class=\"has-white-color has-text-color has-link-color wp-elements-1dce8857284c2a929deeaed38c6fc5cf\">El t\u00f3tem, que se expondr\u00e1 en varios puntos del \u00e1rea metropolitana de Burdeos y se completar\u00e1 durante la tarde como obra participativa, simboliza la cooperaci\u00f3n, la co-construcci\u00f3n y la apertura, se\u00f1as de identidad de esta edici\u00f3n 2025 del Foro.<\/p>\n\n\n\n<p><\/p>\n\n\n\n<p><\/p>\n\n\n\n<p><\/p>\n<\/div>\n\n\n\n<div class=\"wp-block-column is-layout-flow wp-block-column-is-layout-flow\">\n<figure class=\"wp-block-image\"><a href=\"https:\/\/www.youtube.com\/watch?v=_dyW0OgT0C0\"><img decoding=\"async\" width=\"1024\" height=\"575\" sizes=\"(max-width: 1273px) 100vw, 1273px\" src=\"https:\/\/bordeauxgsef2025.org\/wp-content\/uploads\/2024\/12\/Vignette-Timelapse-1024x575.jpg\" alt=\"\" class=\"wp-image-3113\" srcset=\"https:\/\/bordeauxgsef2025.org\/wp-content\/uploads\/2024\/12\/Vignette-Timelapse-1024x575.jpg 1024w, https:\/\/bordeauxgsef2025.org\/wp-content\/uploads\/2024\/12\/Vignette-Timelapse-300x168.jpg 300w, https:\/\/bordeauxgsef2025.org\/wp-content\/uploads\/2024\/12\/Vignette-Timelapse-768x431.jpg 768w, https:\/\/bordeauxgsef2025.org\/wp-content\/uploads\/2024\/12\/Vignette-Timelapse-18x10.jpg 18w, https:\/\/bordeauxgsef2025.org\/wp-content\/uploads\/2024\/12\/Vignette-Timelapse.jpg 1273w\" \/><\/a><\/figure>\n\n\n\n<p><\/p>\n<\/div>\n\n\n\n<div class=\"wp-block-column is-layout-flow wp-block-column-is-layout-flow\" style=\"flex-basis:5%\"><\/div>\n<\/div>\n\n\n\n<div class=\"wp-block-buttons is-content-justification-center is-layout-flex wp-container-core-buttons-is-layout-a89b3969 wp-block-buttons-is-layout-flex\"><\/div>\n\n\n\n<div class=\"wp-block-columns is-layout-flex wp-container-core-columns-is-layout-28f84493 wp-block-columns-is-layout-flex\">\n<div class=\"wp-block-column is-layout-flow wp-block-column-is-layout-flow\" style=\"flex-basis:15%\"><\/div>\n\n\n\n<div class=\"wp-block-column is-vertically-aligned-stretch is-layout-flow wp-block-column-is-layout-flow\" style=\"flex-basis:80%\">\n<h3 class=\"wp-block-heading has-text-align-center\"><strong><mark style=\"background-color:rgba(0, 0, 0, 0);color:#cf2c43\" class=\"has-inline-color\">Los mejores momentos del d\u00eda en im\u00e1genes<\/mark><\/strong><\/h3>\n\n\n\n<div style=\"height:25px\" aria-hidden=\"true\" class=\"wp-block-spacer\"><\/div>\n\n\n\n<div class=\"wp-block-advgb-images-slider advgb-images-slider-block advgb-images-slider-lightbox advg-images-slider-39521f00-09fc-4c53-bd0a-4ce5a46d4cb4\"><div class=\"advgb-images-slider\" dir=\"ltr\"><div class=\"advgb-image-slider-item\"><img decoding=\"async\" src=\"https:\/\/bordeauxgsef2025.org\/wp-content\/uploads\/2024\/12\/BDX25-1-.jpg\" class=\"advgb-image-slider-img\" alt=\"\" style=\"width:100%;height:auto\"\/><div class=\"advgb-image-slider-item-info\" style=\"justify-content:center;align-items:center\"><a class=\"advgb-image-slider-overlay\" target=\"_blank\" rel=\"noopener noreferrer\" href=\"#\"><\/a><\/div><\/div><div class=\"advgb-image-slider-item\"><img decoding=\"async\" src=\"https:\/\/bordeauxgsef2025.org\/wp-content\/uploads\/2024\/12\/BDX25-1.jpg\" class=\"advgb-image-slider-img\" alt=\"\" style=\"width:100%;height:auto\"\/><div class=\"advgb-image-slider-item-info\" style=\"justify-content:center;align-items:center\"><a class=\"advgb-image-slider-overlay\" target=\"_blank\" rel=\"noopener noreferrer\" href=\"#\"><\/a><\/div><\/div><div class=\"advgb-image-slider-item\"><img decoding=\"async\" src=\"https:\/\/bordeauxgsef2025.org\/wp-content\/uploads\/2024\/12\/BDX25-3.jpg\" class=\"advgb-image-slider-img\" alt=\"\" style=\"width:100%;height:auto\"\/><div class=\"advgb-image-slider-item-info\" style=\"justify-content:center;align-items:center\"><a class=\"advgb-image-slider-overlay\" target=\"_blank\" rel=\"noopener noreferrer\" href=\"#\"><\/a><\/div><\/div><div class=\"advgb-image-slider-item\"><img decoding=\"async\" src=\"https:\/\/bordeauxgsef2025.org\/wp-content\/uploads\/2024\/12\/BDX25-4.jpg\" class=\"advgb-image-slider-img\" alt=\"\" style=\"width:100%;height:auto\"\/><div class=\"advgb-image-slider-item-info\" style=\"justify-content:center;align-items:center\"><a class=\"advgb-image-slider-overlay\" target=\"_blank\" rel=\"noopener noreferrer\" href=\"#\"><\/a><\/div><\/div><div class=\"advgb-image-slider-item\"><img decoding=\"async\" src=\"https:\/\/bordeauxgsef2025.org\/wp-content\/uploads\/2024\/12\/BDX25-5-.jpg\" class=\"advgb-image-slider-img\" alt=\"\" style=\"width:100%;height:auto\"\/><div class=\"advgb-image-slider-item-info\" style=\"justify-content:center;align-items:center\"><a class=\"advgb-image-slider-overlay\" target=\"_blank\" rel=\"noopener noreferrer\" href=\"#\"><\/a><\/div><\/div><\/div><\/div>\n<\/div>\n\n\n\n<div class=\"wp-block-column is-layout-flow wp-block-column-is-layout-flow\" style=\"flex-basis:15%\"><\/div>\n<\/div>\n\n\n\n<p class=\"has-text-align-center\">Fotos copyright \u00a9 TS \u2013 Mairie de Bordeaux<\/p>\n\n\n\n<p><\/p>\n<style class=\"advgb-styles-renderer\">\n    .custom-video {\n        width: 600px !important; \/* Largeur fixe *\/\n        height: auto; \/* Hauteur automatique pour maintenir le ratio *\/\n        max-width: 100% !important; \/* Rendre la vid\u00e9o responsive *\/\n}\n\n    #video-container {\n        width: 600px; \/* Largeur fixe *\/\n        margin: 0 auto; \n        max-width: 100% !important; \/* Rendre la vid\u00e9o responsive *\/\n}\n\n<\/style>","protected":false},"excerpt":{"rendered":"<p>Lancement officiel de Bordeaux GSEF 2025 Le coup d&rsquo;envoi de la 7e \u00e9dition du Forum mondial de l&rsquo;\u00c9conomie Sociale et Solidaire s&rsquo;est d\u00e9roul\u00e9 le mardi 3 d\u00e9cembre 2024 \u00e0 la Mairie de Bordeaux. Juan Mari Aburto, Maire de la ville de Bilbao, membre du Comit\u00e9 Directeur du GSEF et h\u00f4te du GSEF2018 et Mamie Awou [&hellip;]<\/p>","protected":false},"author":1,"featured_media":0,"parent":531,"menu_order":0,"comment_status":"closed","ping_status":"closed","template":"","meta":{"_acf_changed":false,"advgb_blocks_editor_width":"","advgb_blocks_columns_visual_guide":"","footnotes":""},"class_list":["post-2963","page","type-page","status-publish","hentry"],"acf":[],"yoast_head":"<!-- This site is optimized with the Yoast SEO plugin v26.5 - https:\/\/yoast.com\/wordpress\/plugins\/seo\/ -->\n<title>Lancement &#8226; FORUM MONDIAL DE l&#039;\u00c9CONOMIE SOCIALE ET SOLIDAIRE<\/title>\n<meta name=\"robots\" content=\"index, follow, max-snippet:-1, max-image-preview:large, max-video-preview:-1\" \/>\n<link rel=\"canonical\" href=\"https:\/\/bordeauxgsef2025.org\/es\/ressources\/lancement-gsef2025\/\" \/>\n<meta property=\"og:locale\" content=\"es_ES\" \/>\n<meta property=\"og:type\" content=\"article\" \/>\n<meta property=\"og:title\" content=\"Lancement &#8226; FORUM MONDIAL DE l&#039;\u00c9CONOMIE SOCIALE ET SOLIDAIRE\" \/>\n<meta property=\"og:description\" content=\"Lancement officiel de Bordeaux GSEF 2025 Le coup d&rsquo;envoi de la 7e \u00e9dition du Forum mondial de l&rsquo;\u00c9conomie Sociale et Solidaire s&rsquo;est d\u00e9roul\u00e9 le mardi 3 d\u00e9cembre 2024 \u00e0 la Mairie de Bordeaux. Juan Mari Aburto, Maire de la ville de Bilbao, membre du Comit\u00e9 Directeur du GSEF et h\u00f4te du GSEF2018 et Mamie Awou [&hellip;]\" \/>\n<meta property=\"og:url\" content=\"https:\/\/bordeauxgsef2025.org\/es\/ressources\/lancement-gsef2025\/\" \/>\n<meta property=\"og:site_name\" content=\"FORUM MONDIAL DE l&#039;\u00c9CONOMIE SOCIALE ET SOLIDAIRE\" \/>\n<meta property=\"article:publisher\" content=\"https:\/\/www.facebook.com\/BordeauxGSEF2025\/\" \/>\n<meta property=\"article:modified_time\" content=\"2025-04-09T14:59:25+00:00\" \/>\n<meta property=\"og:image\" content=\"https:\/\/bordeauxgsef2025.org\/wp-content\/uploads\/2024\/12\/Juan-Mari-Aburto-City-of-Bilbao-Launch-event-of-BordeauxGSEF2025.jpg\" \/>\n\t<meta property=\"og:image:width\" content=\"1280\" \/>\n\t<meta property=\"og:image:height\" content=\"720\" \/>\n\t<meta property=\"og:image:type\" content=\"image\/jpeg\" \/>\n<meta name=\"twitter:card\" content=\"summary_large_image\" \/>\n<meta name=\"twitter:site\" content=\"@BdxGSEF2025\" \/>\n<script type=\"application\/ld+json\" class=\"yoast-schema-graph\">{\"@context\":\"https:\/\/schema.org\",\"@graph\":[{\"@type\":\"WebPage\",\"@id\":\"https:\/\/bordeauxgsef2025.org\/ressources\/lancement-gsef2025\/\",\"url\":\"https:\/\/bordeauxgsef2025.org\/ressources\/lancement-gsef2025\/\",\"name\":\"Lancement &#8226; FORUM MONDIAL DE l&#039;\u00c9CONOMIE SOCIALE ET SOLIDAIRE\",\"isPartOf\":{\"@id\":\"https:\/\/bordeauxgsef2025.org\/#website\"},\"primaryImageOfPage\":{\"@id\":\"https:\/\/bordeauxgsef2025.org\/ressources\/lancement-gsef2025\/#primaryimage\"},\"image\":{\"@id\":\"https:\/\/bordeauxgsef2025.org\/ressources\/lancement-gsef2025\/#primaryimage\"},\"thumbnailUrl\":\"https:\/\/bordeauxgsef2025.org\/wp-content\/uploads\/2024\/12\/Juan-Mari-Aburto-City-of-Bilbao-Launch-event-of-BordeauxGSEF2025-1024x576.jpg\",\"datePublished\":\"2024-12-11T11:59:46+00:00\",\"dateModified\":\"2025-04-09T14:59:25+00:00\",\"breadcrumb\":{\"@id\":\"https:\/\/bordeauxgsef2025.org\/ressources\/lancement-gsef2025\/#breadcrumb\"},\"inLanguage\":\"es\",\"potentialAction\":[{\"@type\":\"ReadAction\",\"target\":[\"https:\/\/bordeauxgsef2025.org\/ressources\/lancement-gsef2025\/\"]}]},{\"@type\":\"ImageObject\",\"inLanguage\":\"es\",\"@id\":\"https:\/\/bordeauxgsef2025.org\/ressources\/lancement-gsef2025\/#primaryimage\",\"url\":\"https:\/\/bordeauxgsef2025.org\/wp-content\/uploads\/2024\/12\/Juan-Mari-Aburto-City-of-Bilbao-Launch-event-of-BordeauxGSEF2025-1024x576.jpg\",\"contentUrl\":\"https:\/\/bordeauxgsef2025.org\/wp-content\/uploads\/2024\/12\/Juan-Mari-Aburto-City-of-Bilbao-Launch-event-of-BordeauxGSEF2025-1024x576.jpg\"},{\"@type\":\"BreadcrumbList\",\"@id\":\"https:\/\/bordeauxgsef2025.org\/ressources\/lancement-gsef2025\/#breadcrumb\",\"itemListElement\":[{\"@type\":\"ListItem\",\"position\":1,\"name\":\"Accueil\",\"item\":\"https:\/\/bordeauxgsef2025.org\/\"},{\"@type\":\"ListItem\",\"position\":2,\"name\":\"Ressources\",\"item\":\"https:\/\/bordeauxgsef2025.org\/ressources\/\"},{\"@type\":\"ListItem\",\"position\":3,\"name\":\"Lancement\"}]},{\"@type\":\"WebSite\",\"@id\":\"https:\/\/bordeauxgsef2025.org\/#website\",\"url\":\"https:\/\/bordeauxgsef2025.org\/\",\"name\":\"FORUM MONDIAL DE l'\u00c9CONOMIE SOCIALE ET SOLIDAIRE\",\"description\":\"Bordeaux 29 30 31 Octobre 2025\",\"publisher\":{\"@id\":\"https:\/\/bordeauxgsef2025.org\/#organization\"},\"alternateName\":\"BORDEAUX GSEF 225\",\"potentialAction\":[{\"@type\":\"SearchAction\",\"target\":{\"@type\":\"EntryPoint\",\"urlTemplate\":\"https:\/\/bordeauxgsef2025.org\/?s={search_term_string}\"},\"query-input\":{\"@type\":\"PropertyValueSpecification\",\"valueRequired\":true,\"valueName\":\"search_term_string\"}}],\"inLanguage\":\"es\"},{\"@type\":\"Organization\",\"@id\":\"https:\/\/bordeauxgsef2025.org\/#organization\",\"name\":\"FORUM MONDIAL DE l'\u00c9CONOMIE SOCIALE ET SOLIDAIRE\",\"alternateName\":\"Bordeaux Gsef 2025\",\"url\":\"https:\/\/bordeauxgsef2025.org\/\",\"logo\":{\"@type\":\"ImageObject\",\"inLanguage\":\"es\",\"@id\":\"https:\/\/bordeauxgsef2025.org\/#\/schema\/logo\/image\/\",\"url\":\"https:\/\/bordeauxgsef2025.org\/wp-content\/uploads\/2024\/10\/logo-carre-gsef2025.png\",\"contentUrl\":\"https:\/\/bordeauxgsef2025.org\/wp-content\/uploads\/2024\/10\/logo-carre-gsef2025.png\",\"width\":800,\"height\":800,\"caption\":\"FORUM MONDIAL DE l'\u00c9CONOMIE SOCIALE ET SOLIDAIRE\"},\"image\":{\"@id\":\"https:\/\/bordeauxgsef2025.org\/#\/schema\/logo\/image\/\"},\"sameAs\":[\"https:\/\/www.facebook.com\/BordeauxGSEF2025\/\",\"https:\/\/x.com\/BdxGSEF2025\",\"https:\/\/www.linkedin.com\/company\/bordeaux-gsef-2025\/\",\"https:\/\/www.instagram.com\/bordeaux_gsef2025\/\"]}]}<\/script>\n<!-- \/ Yoast SEO plugin. -->","yoast_head_json":{"title":"Lancement &#8226; FORUM MONDIAL DE l&#039;\u00c9CONOMIE SOCIALE ET SOLIDAIRE","robots":{"index":"index","follow":"follow","max-snippet":"max-snippet:-1","max-image-preview":"max-image-preview:large","max-video-preview":"max-video-preview:-1"},"canonical":"https:\/\/bordeauxgsef2025.org\/es\/ressources\/lancement-gsef2025\/","og_locale":"es_ES","og_type":"article","og_title":"Lancement &#8226; FORUM MONDIAL DE l&#039;\u00c9CONOMIE SOCIALE ET SOLIDAIRE","og_description":"Lancement officiel de Bordeaux GSEF 2025 Le coup d&rsquo;envoi de la 7e \u00e9dition du Forum mondial de l&rsquo;\u00c9conomie Sociale et Solidaire s&rsquo;est d\u00e9roul\u00e9 le mardi 3 d\u00e9cembre 2024 \u00e0 la Mairie de Bordeaux. Juan Mari Aburto, Maire de la ville de Bilbao, membre du Comit\u00e9 Directeur du GSEF et h\u00f4te du GSEF2018 et Mamie Awou [&hellip;]","og_url":"https:\/\/bordeauxgsef2025.org\/es\/ressources\/lancement-gsef2025\/","og_site_name":"FORUM MONDIAL DE l&#039;\u00c9CONOMIE SOCIALE ET SOLIDAIRE","article_publisher":"https:\/\/www.facebook.com\/BordeauxGSEF2025\/","article_modified_time":"2025-04-09T14:59:25+00:00","og_image":[{"width":1280,"height":720,"url":"https:\/\/bordeauxgsef2025.org\/wp-content\/uploads\/2024\/12\/Juan-Mari-Aburto-City-of-Bilbao-Launch-event-of-BordeauxGSEF2025.jpg","type":"image\/jpeg"}],"twitter_card":"summary_large_image","twitter_site":"@BdxGSEF2025","schema":{"@context":"https:\/\/schema.org","@graph":[{"@type":"WebPage","@id":"https:\/\/bordeauxgsef2025.org\/ressources\/lancement-gsef2025\/","url":"https:\/\/bordeauxgsef2025.org\/ressources\/lancement-gsef2025\/","name":"Lancement &#8226; FORUM MONDIAL DE l&#039;\u00c9CONOMIE SOCIALE ET SOLIDAIRE","isPartOf":{"@id":"https:\/\/bordeauxgsef2025.org\/#website"},"primaryImageOfPage":{"@id":"https:\/\/bordeauxgsef2025.org\/ressources\/lancement-gsef2025\/#primaryimage"},"image":{"@id":"https:\/\/bordeauxgsef2025.org\/ressources\/lancement-gsef2025\/#primaryimage"},"thumbnailUrl":"https:\/\/bordeauxgsef2025.org\/wp-content\/uploads\/2024\/12\/Juan-Mari-Aburto-City-of-Bilbao-Launch-event-of-BordeauxGSEF2025-1024x576.jpg","datePublished":"2024-12-11T11:59:46+00:00","dateModified":"2025-04-09T14:59:25+00:00","breadcrumb":{"@id":"https:\/\/bordeauxgsef2025.org\/ressources\/lancement-gsef2025\/#breadcrumb"},"inLanguage":"es","potentialAction":[{"@type":"ReadAction","target":["https:\/\/bordeauxgsef2025.org\/ressources\/lancement-gsef2025\/"]}]},{"@type":"ImageObject","inLanguage":"es","@id":"https:\/\/bordeauxgsef2025.org\/ressources\/lancement-gsef2025\/#primaryimage","url":"https:\/\/bordeauxgsef2025.org\/wp-content\/uploads\/2024\/12\/Juan-Mari-Aburto-City-of-Bilbao-Launch-event-of-BordeauxGSEF2025-1024x576.jpg","contentUrl":"https:\/\/bordeauxgsef2025.org\/wp-content\/uploads\/2024\/12\/Juan-Mari-Aburto-City-of-Bilbao-Launch-event-of-BordeauxGSEF2025-1024x576.jpg"},{"@type":"BreadcrumbList","@id":"https:\/\/bordeauxgsef2025.org\/ressources\/lancement-gsef2025\/#breadcrumb","itemListElement":[{"@type":"ListItem","position":1,"name":"Accueil","item":"https:\/\/bordeauxgsef2025.org\/"},{"@type":"ListItem","position":2,"name":"Ressources","item":"https:\/\/bordeauxgsef2025.org\/ressources\/"},{"@type":"ListItem","position":3,"name":"Lancement"}]},{"@type":"WebSite","@id":"https:\/\/bordeauxgsef2025.org\/#website","url":"https:\/\/bordeauxgsef2025.org\/","name":"FORUM MONDIAL DE l'\u00c9CONOMIE SOCIALE ET SOLIDAIRE","description":"Bordeaux 29 30 31 Octobre 2025","publisher":{"@id":"https:\/\/bordeauxgsef2025.org\/#organization"},"alternateName":"BORDEAUX GSEF 225","potentialAction":[{"@type":"SearchAction","target":{"@type":"EntryPoint","urlTemplate":"https:\/\/bordeauxgsef2025.org\/?s={search_term_string}"},"query-input":{"@type":"PropertyValueSpecification","valueRequired":true,"valueName":"search_term_string"}}],"inLanguage":"es"},{"@type":"Organization","@id":"https:\/\/bordeauxgsef2025.org\/#organization","name":"FORUM MONDIAL DE l'\u00c9CONOMIE SOCIALE ET SOLIDAIRE","alternateName":"Bordeaux Gsef 2025","url":"https:\/\/bordeauxgsef2025.org\/","logo":{"@type":"ImageObject","inLanguage":"es","@id":"https:\/\/bordeauxgsef2025.org\/#\/schema\/logo\/image\/","url":"https:\/\/bordeauxgsef2025.org\/wp-content\/uploads\/2024\/10\/logo-carre-gsef2025.png","contentUrl":"https:\/\/bordeauxgsef2025.org\/wp-content\/uploads\/2024\/10\/logo-carre-gsef2025.png","width":800,"height":800,"caption":"FORUM MONDIAL DE l'\u00c9CONOMIE SOCIALE ET SOLIDAIRE"},"image":{"@id":"https:\/\/bordeauxgsef2025.org\/#\/schema\/logo\/image\/"},"sameAs":["https:\/\/www.facebook.com\/BordeauxGSEF2025\/","https:\/\/x.com\/BdxGSEF2025","https:\/\/www.linkedin.com\/company\/bordeaux-gsef-2025\/","https:\/\/www.instagram.com\/bordeaux_gsef2025\/"]}]}},"coauthors":[],"author_meta":{"author_link":"https:\/\/bordeauxgsef2025.org\/es\/author\/admin-ot\/","display_name":"admin-ot"},"relative_dates":{"created":"Publicado 1 a\u00f1o hace","modified":"Actualizado 1 a\u00f1o hace"},"absolute_dates":{"created":"Publicado el 11 diciembre 2024","modified":"Actualizado el 9 abril 2025"},"absolute_dates_time":{"created":"Publicado el 11 diciembre 2024 12h59","modified":"Actualizado el 9 abril 2025 16h59"},"featured_img_caption":"","featured_img":false,"series_order":"","_links":{"self":[{"href":"https:\/\/bordeauxgsef2025.org\/es\/wp-json\/wp\/v2\/pages\/2963","targetHints":{"allow":["GET"]}}],"collection":[{"href":"https:\/\/bordeauxgsef2025.org\/es\/wp-json\/wp\/v2\/pages"}],"about":[{"href":"https:\/\/bordeauxgsef2025.org\/es\/wp-json\/wp\/v2\/types\/page"}],"author":[{"embeddable":true,"href":"https:\/\/bordeauxgsef2025.org\/es\/wp-json\/wp\/v2\/users\/1"}],"replies":[{"embeddable":true,"href":"https:\/\/bordeauxgsef2025.org\/es\/wp-json\/wp\/v2\/comments?post=2963"}],"version-history":[{"count":137,"href":"https:\/\/bordeauxgsef2025.org\/es\/wp-json\/wp\/v2\/pages\/2963\/revisions"}],"predecessor-version":[{"id":3712,"href":"https:\/\/bordeauxgsef2025.org\/es\/wp-json\/wp\/v2\/pages\/2963\/revisions\/3712"}],"up":[{"embeddable":true,"href":"https:\/\/bordeauxgsef2025.org\/es\/wp-json\/wp\/v2\/pages\/531"}],"wp:attachment":[{"href":"https:\/\/bordeauxgsef2025.org\/es\/wp-json\/wp\/v2\/media?parent=2963"}],"curies":[{"name":"wp","href":"https:\/\/api.w.org\/{rel}","templated":true}]}}