{"id":2374,"date":"2024-10-31T17:07:33","date_gmt":"2024-10-31T16:07:33","guid":{"rendered":"https:\/\/bordeauxgsef2025.org\/?page_id=2374"},"modified":"2025-04-08T16:36:23","modified_gmt":"2025-04-08T14:36:23","slug":"comite-scientifique","status":"publish","type":"page","link":"https:\/\/bordeauxgsef2025.org\/es\/forum-bordeaux-2025\/comite-scientifique\/","title":{"rendered":"Comit\u00e9 cient\u00edfico"},"content":{"rendered":"<div style=\"height:20px\" aria-hidden=\"true\" class=\"wp-block-spacer\"><\/div>\n\n\n<div class=\"yoast-breadcrumbs\"><span><span><a href=\"https:\/\/bordeauxgsef2025.org\/es\/\">Inicio<\/a><\/span> \u00bb <span><a href=\"https:\/\/bordeauxgsef2025.org\/es\/forum-bordeaux-2025\/\">Foro BORDEAUX 2025<\/a><\/span> \u00bb <span class=\"breadcrumb_last\" aria-current=\"page\"><strong>Comit\u00e9 cient\u00edfico<\/strong><\/span><\/span><\/div>\n\n\n<div style=\"height:20px\" aria-hidden=\"true\" class=\"wp-block-spacer\"><\/div>\n\n\n\n<h1 class=\"wp-block-heading\"><strong>Comit\u00e9 cient\u00edfico<\/strong><\/h1>\n\n\n\n<div class=\"wp-block-columns bloc-blanc  has-white-background-color has-background is-layout-flex wp-container-core-columns-is-layout-28f84493 wp-block-columns-is-layout-flex\">\n<div class=\"wp-block-column is-vertically-aligned-stretch is-layout-flow wp-block-column-is-layout-flow\" style=\"flex-basis:100%\">\n<p><strong>El comit\u00e9 cient\u00edfico, compuesto por investigadores y agentes nacionales e internacionales, ha definido un tema general del Forum: <\/strong><br><strong>\u00ab<\/strong><mark style=\"background-color:rgba(0, 0, 0, 0);color:#1e4b98\" class=\"has-inline-color\"><strong> La ESS, una condici\u00f3n para la transici\u00f3n justa\nhacia territorios<sup data-fn=\"143a0d04-195b-4cce-810e-118b3abe2b15\" class=\"fn\"><a href=\"#143a0d04-195b-4cce-810e-118b3abe2b15\" id=\"143a0d04-195b-4cce-810e-118b3abe2b15-link\">1<\/a><\/sup>&nbsp;resilientes y el bienestar de los habitantes<\/strong> <\/mark><strong>\u00bb<\/strong> y subtemas. Sobre esta base, se lanz\u00f3 la convocatoria de comunicaciones para recoger propuestas de contribuciones en l\u00ednea.<\/p>\n\n\n\n<p>\u00c9stas ser\u00e1n procesadas por el Comit\u00e9 Cient\u00edfico para formar las secuencias de talleres y sesiones autogestionadas del Foro que seguir\u00e1n a las sesiones plenarias pol\u00edticas.&nbsp;<\/p>\n\n\n\n<p>El objetivo es construir un programa equilibrado en cuanto al origen de las expresiones y los temas propuestos, con el fin no s\u00f3lo de responder a las expectativas de los participantes, sino tambi\u00e9n de movilizar en torno a una ESS que aporte soluciones concretas a escala local, al servicio del inter\u00e9s general y de las necesidades colectivas de hoy y de ma\u00f1ana.&nbsp;<\/p>\n\n\n\n<div style=\"height:16px\" aria-hidden=\"true\" class=\"wp-block-spacer\"><\/div>\n\n\n\n<h2 class=\"wp-block-heading has-text-align-left\"><strong>Composici\u00f3n del Comit\u00e9 Cient\u00edfico:<\/strong><\/h2>\n\n\n\n<p class=\"has-text-align-left\">presidido por <strong>Timoth\u00e9e Duverger<\/strong>, Doctor en Historia y profesor en Sciences Po Bordeaux, donde dirige la c\u00e1tedra TerrESS.<\/p>\n\n\n\n<div class=\"wp-block-columns is-layout-flex wp-container-core-columns-is-layout-28f84493 wp-block-columns-is-layout-flex\">\n<div class=\"wp-block-column is-layout-flow wp-block-column-is-layout-flow\" style=\"flex-basis:30%\">\n<h3 class=\"wp-block-heading has-text-color has-link-color wp-elements-7c1ad3d60330034400a39e4d20d16d0b\" style=\"color:#009541;font-size:18px\"><strong>Investigadores nacionales<\/strong><\/h3>\n\n\n\n<ul class=\"wp-block-list\">\n<li><strong>Eric Bidet<\/strong> &#8211; ADDES<\/li>\n\n\n\n<li><strong>Eliabetta Bucolo<\/strong> &#8211; RIUESS<\/li>\n\n\n\n<li><strong>Timoth\u00e9e Duverger<\/strong> &#8211; CIRIEC France<\/li>\n\n\n\n<li><strong>Marilyne Filippi<\/strong> &#8211; RECMA<\/li>\n\n\n\n<li><strong>Xabier It\u00e7aina<\/strong> &#8211; ScPo Bx<\/li>\n\n\n\n<li><strong>Francesca Petrella<\/strong> &#8211; EMES<\/li>\n\n\n\n<li><strong>Nadine Richez-Battesti<\/strong> &#8211; ADDES<\/li>\n<\/ul>\n<\/div>\n\n\n\n<div class=\"wp-block-column is-layout-flow wp-block-column-is-layout-flow\">\n<h3 class=\"wp-block-heading has-text-color has-link-color wp-elements-18c539c111d736c41476d55dd31e4cb5\" style=\"color:#009541;font-size:18px\"><strong>Investigadores internacionales<\/strong><\/h3>\n\n\n\n<ul class=\"wp-block-list\">\n<li><strong>Marie Bouchard<\/strong> &#8211; CIRIEC International \u2013&nbsp;Qu\u00e9bec \u2013 Canada<\/li>\n\n\n\n<li><strong>Rafael Chaves-Avila<\/strong> \u2013 CIRIEC Espa\u00f1a<\/li>\n\n\n\n<li><strong>Cheikh Gueye<\/strong>&nbsp;\u2013 Red de Think Tanks \u2013 Senegal<\/li>\n\n\n\n<li><strong>Marguerite Mendell<\/strong> \u2013 Instituto Karl Polanyi \u2013 Qu\u00e9bec \u2013 Canad\u00e1 \u2013 miembro del Advisory Committee del GSEF<\/li>\n\n\n\n<li><strong>Sybille Mertens<\/strong> &#8211; EMES \u2013&nbsp;Belgique<\/li>\n\n\n\n<li><strong>Leandro Morais <\/strong>\u2013 Universidad de S\u00e3o Paulo (UNESP) \u2013  Brasil \u2013 Miembro del Advisory Committee del GSEF<\/li>\n\n\n\n<li><strong>Amadou Ndiaye <\/strong>\u2013 Red franc\u00f3fona de l'ESS Ciudad de Dakar y Universidad Amadou-MahtarM'Bow \u2013 Senegal&nbsp;<\/li>\n\n\n\n<li><strong>Sambou Ndiaye<\/strong>&nbsp;\u2013 Universidad GB de Saint Louis \u2013 Senegal \u2013 Presidente del Comit\u00e9 Cient\u00edfico de Dakar GSEF2023&nbsp;<\/li>\n\n\n\n<li><strong>Ilcheong Yi<\/strong> &#8211; UNRISD &#8211;&nbsp;Suisse<\/li>\n<\/ul>\n<\/div>\n<\/div>\n\n\n\n<div class=\"wp-block-columns is-layout-flex wp-container-core-columns-is-layout-28f84493 wp-block-columns-is-layout-flex\">\n<div class=\"wp-block-column is-layout-flow wp-block-column-is-layout-flow\" style=\"flex-basis:30%\">\n<h3 class=\"wp-block-heading has-text-color has-link-color wp-elements-0e2f79fe833be3d11c30395d14703048\" style=\"color:#009541;font-size:18px\"><strong>Agentes nacionales<\/strong><\/h3>\n\n\n\n<ul class=\"wp-block-list\">\n<li><strong>Alain Arnaud<\/strong> &#8211; CIRIEC France<\/li>\n\n\n\n<li><strong>Ghislain Br\u00e9geot <\/strong>&#8211; IFAID<\/li>\n\n\n\n<li><strong>Mahel Coppey <\/strong>&#8211; RTES<\/li>\n\n\n\n<li><strong>Antoine D\u00e9tourn\u00e9<\/strong> ESS Francia<\/li>\n\n\n\n<li><strong>M\u00e9lissa Gentile<\/strong> &#8211; Coop Tiers lieux<\/li>\n\n\n\n<li><strong>Dominique Lesaffre<\/strong>\u00a0- experto en finanzas solidarias - miembro del comit\u00e9 consultivo del GSEF<\/li>\n\n\n\n<li><strong>David Le Norcy<\/strong><\/li>\n\n\n\n<li><strong>J\u00e9r\u00f4me Saddier<\/strong> &#8211; Cr\u00e9dit coop\u00e9ratif<\/li>\n\n\n\n<li><strong>Hugues Sibille<\/strong> &#8211; Labo de l&rsquo;ESS<\/li>\n\n\n\n<li><strong>Claire Thoury<\/strong> &#8211; Le mouvement associatif<\/li>\n\n\n\n<li><strong>M\u00e9lanie Thuilier<\/strong> &#8211; CRESS NA<\/li>\n<\/ul>\n<\/div>\n\n\n\n<div class=\"wp-block-column is-layout-flow wp-block-column-is-layout-flow\">\n<h3 class=\"wp-block-heading has-text-color has-link-color wp-elements-a7810f992e7437f348aae4a648bbd5ce\" style=\"color:#009541;font-size:18px\"><strong>Agentes internacionales<\/strong><\/h3>\n\n\n\n<ul class=\"wp-block-list\">\n<li><strong>B\u00e9r\u00e9nice Alcade Castro<\/strong> - SSE expert - Mexico - member of the GSEF advisory committee<\/li>\n\n\n\n<li><strong>Fabrice Adelphe Balou<\/strong> \u2013 PoJET \u2013 Costa de Marfil \u2013 Polo Juvenil \u00c1frica GSEF<\/li>\n\n\n\n<li><strong>Alain Coheur<\/strong> \u2013 ESS Forum International \u2013 B\u00e9lgica<\/li>\n\n\n\n<li><strong>Malick Diop<\/strong> \u2013 Plataforma de Agentes No Estatales Senegal \u2013 Copresidente continental del GSEF<\/li>\n\n\n\n<li><strong>Denise Fatoumata Ndour<\/strong> \u2013 INAISE\u2013 Senegal \u2013 miembro del Advisory committee del GSEF<\/li>\n\n\n\n<li><strong>Laurence Kwark<\/strong> \u2013 Advisory Committee del GSEF \u2013 Corea del Sur<\/li>\n\n\n\n<li><strong>Antonella Noya<\/strong> - OCDE - Italia - miembro del Comit\u00e9 Consultivo GSEF<\/li>\n\n\n\n<li><strong>Mireille Pelchat<\/strong> \u2013 Chantier de l\u2019ESS du Qu\u00e9bec \u2013 Canad\u00e1 \u2013 Copresidenta continental del GSEF<\/li>\n\n\n\n<li><strong>Yvon Poirier<\/strong> \u2013 RIPESS \u2013 Qu\u00e9bec \u2013 Canad\u00e1<\/li>\n\n\n\n<li><strong>Emilio R. Rabasco<\/strong> \u2013 FAMSI\/CGLU \u2013 Espa\u00f1a<\/li>\n\n\n\n<li><strong>Barbara Sak<\/strong> \u2013 CIRIEC International \u2013 B\u00e9lgica<\/li>\n\n\n\n<li><strong>Denis Stokkink<\/strong> \u2013 Asesor \u2013 B\u00e9lgica<\/li>\n<\/ul>\n<\/div>\n<\/div>\n<\/div>\n<\/div>\n\n\n\n<p class=\"has-text-align-center\"><\/p>\n\n\n<ol class=\"wp-block-footnotes\"><li id=\"143a0d04-195b-4cce-810e-118b3abe2b15\"><em>Territorio: un espacio que puede estar en diferentes escalas, cubriendo varias dimensiones tales como econ\u00f3mica, pol\u00edtica, cultural, geogr\u00e1fica y demogr\u00e1fica<\/em>\u00a0 <a href=\"#143a0d04-195b-4cce-810e-118b3abe2b15-link\" aria-label=\"Saltar a la referencia de la nota 1\">\u21a9\ufe0e<\/a><\/li><\/ol>\n\n\n<p><\/p>","protected":false},"excerpt":{"rendered":"<p>Comit\u00e9 scientifique Le comit\u00e9 scientifique compos\u00e9 d\u2019acteurs et de chercheurs nationaux et internationaux a d\u00e9fini la th\u00e9matique du Forum&nbsp;: \u00ab L\u2019ESS, une condition pour la transition juste vers des territoires&nbsp;r\u00e9silients et le bien-\u00eatre de leurs habitants \u00bb ainsi que les sous-th\u00e9matiques. C\u2019est sur cette base que l\u2019appel \u00e0 contributions a \u00e9t\u00e9 lanc\u00e9 pour collecter en [&hellip;]<\/p>","protected":false},"author":1,"featured_media":0,"parent":2414,"menu_order":3,"comment_status":"closed","ping_status":"closed","template":"","meta":{"_acf_changed":false,"advgb_blocks_editor_width":"","advgb_blocks_columns_visual_guide":"","footnotes":"[{\"content\":\"<em>Territoire : un espace qui peut \u00eatre \u00e0 diff\u00e9rentes \u00e9chelles, couvrant diverses dimensions telles qu\u2019\u00e9conomique, politique, culturelle, g\u00e9ographique et d\u00e9mographique<\/em>\u00a0\",\"id\":\"143a0d04-195b-4cce-810e-118b3abe2b15\"}]"},"class_list":["post-2374","page","type-page","status-publish","hentry"],"acf":[],"yoast_head":"<!-- This site is optimized with the Yoast SEO plugin v26.5 - https:\/\/yoast.com\/wordpress\/plugins\/seo\/ -->\n<title>Comit\u00e9 scientifique &#8226; FORUM MONDIAL DE l&#039;\u00c9CONOMIE SOCIALE ET SOLIDAIRE<\/title>\n<meta name=\"robots\" content=\"index, follow, max-snippet:-1, max-image-preview:large, max-video-preview:-1\" \/>\n<link rel=\"canonical\" href=\"https:\/\/bordeauxgsef2025.org\/es\/forum-bordeaux-2025\/comite-scientifique\/\" \/>\n<meta property=\"og:locale\" content=\"es_ES\" \/>\n<meta property=\"og:type\" content=\"article\" \/>\n<meta property=\"og:title\" content=\"Comit\u00e9 scientifique &#8226; FORUM MONDIAL DE l&#039;\u00c9CONOMIE SOCIALE ET SOLIDAIRE\" \/>\n<meta property=\"og:description\" content=\"Comit\u00e9 scientifique Le comit\u00e9 scientifique compos\u00e9 d\u2019acteurs et de chercheurs nationaux et internationaux a d\u00e9fini la th\u00e9matique du Forum&nbsp;: \u00ab L\u2019ESS, une condition pour la transition juste vers des territoires&nbsp;r\u00e9silients et le bien-\u00eatre de leurs habitants \u00bb ainsi que les sous-th\u00e9matiques. C\u2019est sur cette base que l\u2019appel \u00e0 contributions a \u00e9t\u00e9 lanc\u00e9 pour collecter en [&hellip;]\" \/>\n<meta property=\"og:url\" content=\"https:\/\/bordeauxgsef2025.org\/es\/forum-bordeaux-2025\/comite-scientifique\/\" \/>\n<meta property=\"og:site_name\" content=\"FORUM MONDIAL DE l&#039;\u00c9CONOMIE SOCIALE ET SOLIDAIRE\" \/>\n<meta property=\"article:publisher\" content=\"https:\/\/www.facebook.com\/BordeauxGSEF2025\/\" \/>\n<meta property=\"article:modified_time\" content=\"2025-04-08T14:36:23+00:00\" \/>\n<meta property=\"og:image\" content=\"https:\/\/bordeauxgsef2025.org\/wp-content\/uploads\/2024\/10\/YOAST-SEO-GSEF.png\" \/>\n\t<meta property=\"og:image:width\" content=\"1200\" \/>\n\t<meta property=\"og:image:height\" content=\"675\" \/>\n\t<meta property=\"og:image:type\" content=\"image\/png\" \/>\n<meta name=\"twitter:card\" content=\"summary_large_image\" \/>\n<meta name=\"twitter:site\" content=\"@BdxGSEF2025\" \/>\n<script type=\"application\/ld+json\" class=\"yoast-schema-graph\">{\"@context\":\"https:\/\/schema.org\",\"@graph\":[{\"@type\":\"WebPage\",\"@id\":\"https:\/\/bordeauxgsef2025.org\/forum-bordeaux-2025\/comite-scientifique\/\",\"url\":\"https:\/\/bordeauxgsef2025.org\/forum-bordeaux-2025\/comite-scientifique\/\",\"name\":\"Comit\u00e9 scientifique &#8226; FORUM MONDIAL DE l&#039;\u00c9CONOMIE SOCIALE ET SOLIDAIRE\",\"isPartOf\":{\"@id\":\"https:\/\/bordeauxgsef2025.org\/#website\"},\"datePublished\":\"2024-10-31T16:07:33+00:00\",\"dateModified\":\"2025-04-08T14:36:23+00:00\",\"breadcrumb\":{\"@id\":\"https:\/\/bordeauxgsef2025.org\/forum-bordeaux-2025\/comite-scientifique\/#breadcrumb\"},\"inLanguage\":\"es\",\"potentialAction\":[{\"@type\":\"ReadAction\",\"target\":[\"https:\/\/bordeauxgsef2025.org\/forum-bordeaux-2025\/comite-scientifique\/\"]}]},{\"@type\":\"BreadcrumbList\",\"@id\":\"https:\/\/bordeauxgsef2025.org\/forum-bordeaux-2025\/comite-scientifique\/#breadcrumb\",\"itemListElement\":[{\"@type\":\"ListItem\",\"position\":1,\"name\":\"Accueil\",\"item\":\"https:\/\/bordeauxgsef2025.org\/\"},{\"@type\":\"ListItem\",\"position\":2,\"name\":\"Forum BORDEAUX 2025\",\"item\":\"https:\/\/bordeauxgsef2025.org\/forum-bordeaux-2025\/\"},{\"@type\":\"ListItem\",\"position\":3,\"name\":\"Comit\u00e9 scientifique\"}]},{\"@type\":\"WebSite\",\"@id\":\"https:\/\/bordeauxgsef2025.org\/#website\",\"url\":\"https:\/\/bordeauxgsef2025.org\/\",\"name\":\"FORUM MONDIAL DE l'\u00c9CONOMIE SOCIALE ET SOLIDAIRE\",\"description\":\"Bordeaux 29 30 31 Octobre 2025\",\"publisher\":{\"@id\":\"https:\/\/bordeauxgsef2025.org\/#organization\"},\"alternateName\":\"BORDEAUX GSEF 225\",\"potentialAction\":[{\"@type\":\"SearchAction\",\"target\":{\"@type\":\"EntryPoint\",\"urlTemplate\":\"https:\/\/bordeauxgsef2025.org\/?s={search_term_string}\"},\"query-input\":{\"@type\":\"PropertyValueSpecification\",\"valueRequired\":true,\"valueName\":\"search_term_string\"}}],\"inLanguage\":\"es\"},{\"@type\":\"Organization\",\"@id\":\"https:\/\/bordeauxgsef2025.org\/#organization\",\"name\":\"FORUM MONDIAL DE l'\u00c9CONOMIE SOCIALE ET SOLIDAIRE\",\"alternateName\":\"Bordeaux Gsef 2025\",\"url\":\"https:\/\/bordeauxgsef2025.org\/\",\"logo\":{\"@type\":\"ImageObject\",\"inLanguage\":\"es\",\"@id\":\"https:\/\/bordeauxgsef2025.org\/#\/schema\/logo\/image\/\",\"url\":\"https:\/\/bordeauxgsef2025.org\/wp-content\/uploads\/2024\/10\/logo-carre-gsef2025.png\",\"contentUrl\":\"https:\/\/bordeauxgsef2025.org\/wp-content\/uploads\/2024\/10\/logo-carre-gsef2025.png\",\"width\":800,\"height\":800,\"caption\":\"FORUM MONDIAL DE l'\u00c9CONOMIE SOCIALE ET SOLIDAIRE\"},\"image\":{\"@id\":\"https:\/\/bordeauxgsef2025.org\/#\/schema\/logo\/image\/\"},\"sameAs\":[\"https:\/\/www.facebook.com\/BordeauxGSEF2025\/\",\"https:\/\/x.com\/BdxGSEF2025\",\"https:\/\/www.linkedin.com\/company\/bordeaux-gsef-2025\/\",\"https:\/\/www.instagram.com\/bordeaux_gsef2025\/\"]}]}<\/script>\n<!-- \/ Yoast SEO plugin. -->","yoast_head_json":{"title":"Comit\u00e9 scientifique &#8226; FORUM MONDIAL DE l&#039;\u00c9CONOMIE SOCIALE ET SOLIDAIRE","robots":{"index":"index","follow":"follow","max-snippet":"max-snippet:-1","max-image-preview":"max-image-preview:large","max-video-preview":"max-video-preview:-1"},"canonical":"https:\/\/bordeauxgsef2025.org\/es\/forum-bordeaux-2025\/comite-scientifique\/","og_locale":"es_ES","og_type":"article","og_title":"Comit\u00e9 scientifique &#8226; FORUM MONDIAL DE l&#039;\u00c9CONOMIE SOCIALE ET SOLIDAIRE","og_description":"Comit\u00e9 scientifique Le comit\u00e9 scientifique compos\u00e9 d\u2019acteurs et de chercheurs nationaux et internationaux a d\u00e9fini la th\u00e9matique du Forum&nbsp;: \u00ab L\u2019ESS, une condition pour la transition juste vers des territoires&nbsp;r\u00e9silients et le bien-\u00eatre de leurs habitants \u00bb ainsi que les sous-th\u00e9matiques. C\u2019est sur cette base que l\u2019appel \u00e0 contributions a \u00e9t\u00e9 lanc\u00e9 pour collecter en [&hellip;]","og_url":"https:\/\/bordeauxgsef2025.org\/es\/forum-bordeaux-2025\/comite-scientifique\/","og_site_name":"FORUM MONDIAL DE l&#039;\u00c9CONOMIE SOCIALE ET SOLIDAIRE","article_publisher":"https:\/\/www.facebook.com\/BordeauxGSEF2025\/","article_modified_time":"2025-04-08T14:36:23+00:00","og_image":[{"width":1200,"height":675,"url":"https:\/\/bordeauxgsef2025.org\/wp-content\/uploads\/2024\/10\/YOAST-SEO-GSEF.png","type":"image\/png"}],"twitter_card":"summary_large_image","twitter_site":"@BdxGSEF2025","schema":{"@context":"https:\/\/schema.org","@graph":[{"@type":"WebPage","@id":"https:\/\/bordeauxgsef2025.org\/forum-bordeaux-2025\/comite-scientifique\/","url":"https:\/\/bordeauxgsef2025.org\/forum-bordeaux-2025\/comite-scientifique\/","name":"Comit\u00e9 scientifique &#8226; FORUM MONDIAL DE l&#039;\u00c9CONOMIE SOCIALE ET SOLIDAIRE","isPartOf":{"@id":"https:\/\/bordeauxgsef2025.org\/#website"},"datePublished":"2024-10-31T16:07:33+00:00","dateModified":"2025-04-08T14:36:23+00:00","breadcrumb":{"@id":"https:\/\/bordeauxgsef2025.org\/forum-bordeaux-2025\/comite-scientifique\/#breadcrumb"},"inLanguage":"es","potentialAction":[{"@type":"ReadAction","target":["https:\/\/bordeauxgsef2025.org\/forum-bordeaux-2025\/comite-scientifique\/"]}]},{"@type":"BreadcrumbList","@id":"https:\/\/bordeauxgsef2025.org\/forum-bordeaux-2025\/comite-scientifique\/#breadcrumb","itemListElement":[{"@type":"ListItem","position":1,"name":"Accueil","item":"https:\/\/bordeauxgsef2025.org\/"},{"@type":"ListItem","position":2,"name":"Forum BORDEAUX 2025","item":"https:\/\/bordeauxgsef2025.org\/forum-bordeaux-2025\/"},{"@type":"ListItem","position":3,"name":"Comit\u00e9 scientifique"}]},{"@type":"WebSite","@id":"https:\/\/bordeauxgsef2025.org\/#website","url":"https:\/\/bordeauxgsef2025.org\/","name":"FORUM MONDIAL DE l'\u00c9CONOMIE SOCIALE ET SOLIDAIRE","description":"Bordeaux 29 30 31 Octobre 2025","publisher":{"@id":"https:\/\/bordeauxgsef2025.org\/#organization"},"alternateName":"BORDEAUX GSEF 225","potentialAction":[{"@type":"SearchAction","target":{"@type":"EntryPoint","urlTemplate":"https:\/\/bordeauxgsef2025.org\/?s={search_term_string}"},"query-input":{"@type":"PropertyValueSpecification","valueRequired":true,"valueName":"search_term_string"}}],"inLanguage":"es"},{"@type":"Organization","@id":"https:\/\/bordeauxgsef2025.org\/#organization","name":"FORUM MONDIAL DE l'\u00c9CONOMIE SOCIALE ET SOLIDAIRE","alternateName":"Bordeaux Gsef 2025","url":"https:\/\/bordeauxgsef2025.org\/","logo":{"@type":"ImageObject","inLanguage":"es","@id":"https:\/\/bordeauxgsef2025.org\/#\/schema\/logo\/image\/","url":"https:\/\/bordeauxgsef2025.org\/wp-content\/uploads\/2024\/10\/logo-carre-gsef2025.png","contentUrl":"https:\/\/bordeauxgsef2025.org\/wp-content\/uploads\/2024\/10\/logo-carre-gsef2025.png","width":800,"height":800,"caption":"FORUM MONDIAL DE l'\u00c9CONOMIE SOCIALE ET SOLIDAIRE"},"image":{"@id":"https:\/\/bordeauxgsef2025.org\/#\/schema\/logo\/image\/"},"sameAs":["https:\/\/www.facebook.com\/BordeauxGSEF2025\/","https:\/\/x.com\/BdxGSEF2025","https:\/\/www.linkedin.com\/company\/bordeaux-gsef-2025\/","https:\/\/www.instagram.com\/bordeaux_gsef2025\/"]}]}},"coauthors":[],"author_meta":{"author_link":"https:\/\/bordeauxgsef2025.org\/es\/author\/admin-ot\/","display_name":"admin-ot"},"relative_dates":{"created":"Publicado 1 a\u00f1o hace","modified":"Actualizado 1 a\u00f1o hace"},"absolute_dates":{"created":"Publicado el 31 octubre 2024","modified":"Actualizado el 8 abril 2025"},"absolute_dates_time":{"created":"Publicado el 31 octubre 2024 17h07","modified":"Actualizado el 8 abril 2025 16h36"},"featured_img_caption":"","featured_img":false,"series_order":"","_links":{"self":[{"href":"https:\/\/bordeauxgsef2025.org\/es\/wp-json\/wp\/v2\/pages\/2374","targetHints":{"allow":["GET"]}}],"collection":[{"href":"https:\/\/bordeauxgsef2025.org\/es\/wp-json\/wp\/v2\/pages"}],"about":[{"href":"https:\/\/bordeauxgsef2025.org\/es\/wp-json\/wp\/v2\/types\/page"}],"author":[{"embeddable":true,"href":"https:\/\/bordeauxgsef2025.org\/es\/wp-json\/wp\/v2\/users\/1"}],"replies":[{"embeddable":true,"href":"https:\/\/bordeauxgsef2025.org\/es\/wp-json\/wp\/v2\/comments?post=2374"}],"version-history":[{"count":25,"href":"https:\/\/bordeauxgsef2025.org\/es\/wp-json\/wp\/v2\/pages\/2374\/revisions"}],"predecessor-version":[{"id":3705,"href":"https:\/\/bordeauxgsef2025.org\/es\/wp-json\/wp\/v2\/pages\/2374\/revisions\/3705"}],"up":[{"embeddable":true,"href":"https:\/\/bordeauxgsef2025.org\/es\/wp-json\/wp\/v2\/pages\/2414"}],"wp:attachment":[{"href":"https:\/\/bordeauxgsef2025.org\/es\/wp-json\/wp\/v2\/media?parent=2374"}],"curies":[{"name":"wp","href":"https:\/\/api.w.org\/{rel}","templated":true}]}}