{"id":1720,"date":"2024-10-17T15:42:22","date_gmt":"2024-10-17T13:42:22","guid":{"rendered":"https:\/\/bordeauxgsef2025.org\/?page_id=1720"},"modified":"2025-04-09T16:58:51","modified_gmt":"2025-04-09T14:58:51","slug":"ess","status":"publish","type":"page","link":"https:\/\/bordeauxgsef2025.org\/es\/le-gsef\/ess\/","title":{"rendered":"ESS"},"content":{"rendered":"<div style=\"height:20px\" aria-hidden=\"true\" class=\"wp-block-spacer\"><\/div>\n\n\n<div class=\"yoast-breadcrumbs\"><span><span><a href=\"https:\/\/bordeauxgsef2025.org\/es\/\">Inicio<\/a><\/span> \u00bb <span><a href=\"https:\/\/bordeauxgsef2025.org\/es\/le-gsef\/\">El Gsef<\/a><\/span> \u00bb <span class=\"breadcrumb_last\" aria-current=\"page\"><strong>ESS<\/strong><\/span><\/span><\/div>\n\n\n<div style=\"height:20px\" aria-hidden=\"true\" class=\"wp-block-spacer\"><\/div>\n\n\n\n<h1 class=\"wp-block-heading\">La&nbsp;<strong>E<\/strong>conom\u00eda <strong>S<\/strong>ocial y <strong>S<\/strong>olidaria<\/h1>\n\n\n\n<div class=\"wp-block-columns bloc-blanc  has-white-background-color has-background is-layout-flex wp-container-core-columns-is-layout-28f84493 wp-block-columns-is-layout-flex\">\n<div class=\"wp-block-column is-layout-flow wp-block-column-is-layout-flow\">\n<p><strong>La Econom\u00eda Social y Solidaria (ESS) tiene un papel importante que desempe\u00f1ar en la transici\u00f3n justa, reforzando la resiliencia de los territorios y el bienestar de sus habitantes.<\/strong>&nbsp;Es una econom\u00eda caracterizada por la primac\u00eda de las personas y de los objetivos sociales o medioambientales sobre el beneficio,\npor la gobernanza democr\u00e1tica o participativa, o tambi\u00e9n por los principios de cooperaci\u00f3n y ayuda mutua. Por tanto, se adapta\nespecialmente bien a las transformaciones ecol\u00f3gicas y sociales de nuestros sistemas para redefinir la riqueza y construir sociedades sostenibles, democr\u00e1ticas e inclusivas. Para alcanzar estos ambiciosos objetivos, la ESS necesita movilizar m\u00e1s a los ciudadanos, recibir un apoyo m\u00e1s firme y estar en el centro de\nlas grandes coaliciones entre los actores privados y p\u00fablicos, las clases sociales y los pa\u00edses del Sur y del Norte.<\/p>\n<\/div>\n<\/div>\n\n\n\n<div class=\"wp-block-columns bloc-blanc  has-white-background-color has-background is-layout-flex wp-container-core-columns-is-layout-28f84493 wp-block-columns-is-layout-flex\">\n<div class=\"wp-block-column is-layout-flow wp-block-column-is-layout-flow\">\n<h2 class=\"wp-block-heading has-text-color has-link-color wp-elements-a526e376883f3243afabdd2696ee5bdf\" style=\"color:#009541\"><strong>En el mundo<\/strong><\/h2>\n\n\n\n<p><strong>Si bien est\u00e1 presente en todos los continentes<\/strong>, la ESS adopta distintas\nformas seg\u00fan la cultura o la historia del pa\u00eds, y no siempre\nest\u00e1 representada a nivel institucional y pol\u00edtico.<\/p>\n\n\n\n<p>No obstante, el objetivo es siempre el mismo: devolver la econom\u00eda a una escala local para que sea un medio al servicio de un desarrollo que de verdad est\u00e9 pensado para los habitantes, y no como un fin en s\u00ed mismo. Muchos pa\u00edses de todo el mundo han adoptado recientemente un marco legislativo o pol\u00edtico para apoyar la ESS o se est\u00e1n planteando hacerlo. Los gobiernos locales han definido pol\u00edticas proactivas para dar cabida a la ESS.<\/p>\n<\/div>\n\n\n\n<div class=\"wp-block-column is-vertically-aligned-bottom is-layout-flow wp-block-column-is-layout-flow\">\n<p class=\"has-text-color has-link-color wp-elements-42e764cf5d771127784f584e954f77a5\" style=\"color:#1e4b98\"><strong>\u2198<\/strong> El a\u00f1o 2023 fue especialmente relevante en\nt\u00e9rminos de reconocimiento internacional, ya\nque el 18 de abril la Asamblea General de las\nNaciones Unidas adopt\u00f3 la resoluci\u00f3n \u00abPromover\nla Econom\u00eda Social y Solidaria para el desarrollo\nsostenible\u00bb. En ella se formula la definici\u00f3n\noficial de la ESS y se reconoce que puede\ncontribuir a la consecuci\u00f3n y a la localizaci\u00f3n de\nlos Objetivos de Desarrollo Sostenible.<br>Dicho reconocimiento lleg\u00f3 tras la adopci\u00f3n en\n2022 por parte de la Conferencia Internacional\ndel Trabajo de una resoluci\u00f3n relacionada\ncon el empleo decente y la ESS, as\u00ed como de la\nrecomendaci\u00f3n del Consejo de la OCDE sobre la\nEconom\u00eda Social y Solidaria y la innovaci\u00f3n social,\nque se produjo ese mismo a\u00f1o.<\/p>\n<\/div>\n<\/div>\n\n\n\n<div class=\"wp-block-columns bloc-blanc  has-white-background-color has-background is-layout-flex wp-container-core-columns-is-layout-28f84493 wp-block-columns-is-layout-flex\">\n<div class=\"wp-block-column is-layout-flow wp-block-column-is-layout-flow\">\n<h2 class=\"wp-block-heading has-text-color has-link-color wp-elements-f88a3c59ad2cca68af54358cfc59a36d\" style=\"color:#009541\"><strong>En Europa<\/strong><\/h2>\n\n\n\n<p>La Econom\u00eda Social y Solidaria (ESS) es una realidad en Europa, ya que representa <strong>19,1 millones de empleos en la Uni\u00f3n Europea<\/strong> lo que supone el 9 % de la poblaci\u00f3n activa de\nla UE y el 10 % del PIB europeo, seg\u00fan el informe del Consejo Econ\u00f3mico y Social Europeo. Es m\u00e1s, un cuarto de las empresas\ncreadas en Europa son empresas de la ESS. As\u00ed, los diferentes Estados miembros cada vez son m\u00e1s conscientes de las posibilidades\nque plantea el sector, aunque solo algunos disponen de un marco legislativo completo para la ESS (Francia, B\u00e9lgica, Italia, Portugal, Espa\u00f1a, Suecia).<\/p>\n<\/div>\n\n\n\n<div class=\"wp-block-column is-vertically-aligned-top is-layout-flow wp-block-column-is-layout-flow\">\n<div style=\"height:56px\" aria-hidden=\"true\" class=\"wp-block-spacer\"><\/div>\n\n\n\n<p class=\"has-text-color has-link-color wp-elements-e720e474c28c5a8735b1a1ecf12ca8c8\" style=\"color:#1e4b98\"><strong>\u2198<\/strong> El 27 de noviembre de 2023, el Consejo de la Uni\u00f3n Europea adopt\u00f3 una recomendaci\u00f3n que ten\u00eda como objetivo guiar a los Estados miembros a la hora de generar las condiciones marco favorables para el desarrollo de la econom\u00eda social.<\/p>\n<\/div>\n<\/div>\n\n\n\n<div class=\"wp-block-group is-layout-constrained wp-block-group-is-layout-constrained\">\n<div class=\"wp-block-columns bloc-blanc  has-white-background-color has-background is-layout-flex wp-container-core-columns-is-layout-28f84493 wp-block-columns-is-layout-flex\">\n<div class=\"wp-block-column is-layout-flow wp-block-column-is-layout-flow\">\n<div class=\"wp-block-columns is-layout-flex wp-container-core-columns-is-layout-28f84493 wp-block-columns-is-layout-flex\">\n<div class=\"wp-block-column is-layout-flow wp-block-column-is-layout-flow\">\n<h2 class=\"wp-block-heading has-text-color has-link-color wp-elements-a76dbd26853b5c53d2bd871c86fd8d90\" style=\"color:#009541\"><strong>En Francia<\/strong><\/h2>\n\n\n\n<h3 class=\"wp-block-heading\" style=\"font-size:22px\"><strong>Una amplia gama de actividades y formas jur\u00eddicas<\/strong><\/h3>\n\n\n\n<p>Las organizaciones de la ESS tienen una amplia gama de actividades, or\u00edgenes, tama\u00f1os y proyectos. Todo el mundo se beneficia colectivamente y a diario de los servicios y productos producidos por el sector de la ESS, a menudo sin ni siquiera darse cuenta: servicios personales y empresariales, servicios m\u00e9dicos y sociales, agricultura, energ\u00eda, transporte, construcci\u00f3n, industria... todas las actividades humanas est\u00e1n representadas por:<\/p>\n\n\n\n<ul class=\"wp-block-list\">\n<li>asociaciones culturales y sociales<\/li>\n\n\n\n<li>cooperativas de trabajadores<\/li>\n\n\n\n<li>estructuras de integraci\u00f3n<\/li>\n\n\n\n<li>mutuas de salud y seguros<\/li>\n\n\n\n<li>sociedades comerciales<\/li>\n\n\n\n<li>clubes deportivos<\/li>\n\n\n\n<li>cooperativas agrarias<\/li>\n\n\n\n<li>bancos cooperativos<\/li>\n\n\n\n<li>fundaciones m\u00e9dico-sociales...<\/li>\n<\/ul>\n<\/div>\n\n\n\n<div class=\"wp-block-column is-layout-flow wp-block-column-is-layout-flow\">\n<div style=\"height:68px\" aria-hidden=\"true\" class=\"wp-block-spacer\"><\/div>\n\n\n\n<p class=\"has-text-color has-link-color wp-elements-1cdda9c08ca726ed611de1e333166944\" style=\"color:#1e4b98\"><strong>\u2198<\/strong> La Econom\u00eda Social y Solidaria (ESS) es una forma de emprender y de desarrollar la econom\u00eda que re\u00fane a aquellas organizaciones que buscan compaginar la cooperaci\u00f3n con los resultados econ\u00f3micos, sociales y medioambientales. Funcionan de forma colectiva y democr\u00e1tica, apostando por el territorio local. Su objetivo no es lucrarse, o lo es solo hasta cierto punto.\nLa Ley del 31 de julio de 2014 proporcion\u00f3 a estas estructuras un amplio marco jur\u00eddico.<br>Son asociaciones, no sociedades de capital, y funcionan de forma colectiva y democr\u00e1tica, dando prioridad al \u00e1mbito local. Sus objetivos son no lucrativos (asociaciones de la ley de 1901) o lucrativos limitados (SCIC - sociedad cooperativa de inter\u00e9s colectivo, SCOP - sociedad cooperativa de producci\u00f3n, SCESS - sociedad comercial SSE...).<\/p>\n\n\n\n<div style=\"height:22px\" aria-hidden=\"true\" class=\"wp-block-spacer\"><\/div>\n\n\n\n<div class=\"wp-block-columns is-layout-flex wp-container-core-columns-is-layout-28f84493 wp-block-columns-is-layout-flex\">\n<div class=\"wp-block-column blue has-background is-layout-flow wp-block-column-is-layout-flow\" style=\"background-color:#1f4b9933\">\n<p class=\"has-text-color has-link-color has-small-font-size wp-elements-b26b65214899b854d2d06ac4135095a3\" style=\"color:#1e4b98\"><strong>La C\u00e1mara Regional de la ESS Nouvelle-Aquitaine<\/strong> es una asociaci\u00f3n que\nrepresenta a las organizaciones ESS de la regi\u00f3n.<br>Las 18 CRESS de Francia adquieren su legitimidad de la Ley del 31 de julio de 2014 sobre la ESS, que reconoce su papel y objetivos. <br>Todas forman parte de ESS France, la C\u00e1mara Francesa de la Econom\u00eda Social y Solidaria.<\/p>\n<\/div>\n<\/div>\n<\/div>\n<\/div>\n\n\n\n<div class=\"wp-block-buttons has-custom-font-size has-small-font-size is-content-justification-center is-layout-flex wp-container-core-buttons-is-layout-a89b3969 wp-block-buttons-is-layout-flex\"><\/div>\n\n\n\n<div class=\"wp-block-columns is-layout-flex wp-container-core-columns-is-layout-28f84493 wp-block-columns-is-layout-flex\">\n<div class=\"wp-block-column is-vertically-aligned-top is-layout-flow wp-block-column-is-layout-flow\" style=\"flex-basis:15%\">\n<p class=\"has-text-align-left\"><strong>Algunos datos clave<\/strong><\/p>\n\n\n\n<hr class=\"wp-block-separator has-text-color has-alpha-channel-opacity has-background\" style=\"background-color:#1e4b98;color:#1e4b98\"\/>\n<\/div>\n<\/div>\n\n\n\n<div class=\"wp-block-columns is-layout-flex wp-container-core-columns-is-layout-28f84493 wp-block-columns-is-layout-flex\">\n<div class=\"wp-block-column is-vertically-aligned-top is-layout-flow wp-block-column-is-layout-flow\" style=\"flex-basis:7%\">\n<figure class=\"wp-block-image aligncenter size-full is-resized\"><img decoding=\"async\" width=\"209\" height=\"237\" sizes=\"(max-width: 209px) 100vw, 209px\" src=\"https:\/\/bordeauxgsef2025.org\/wp-content\/uploads\/2024\/10\/france.png\" alt=\"\" class=\"wp-image-1787\" style=\"width:65px;height:auto\" srcset=\"https:\/\/bordeauxgsef2025.org\/wp-content\/uploads\/2024\/10\/france.png 209w, https:\/\/bordeauxgsef2025.org\/wp-content\/uploads\/2024\/10\/france-11x12.png 11w\" \/><\/figure>\n<\/div>\n\n\n\n<div class=\"wp-block-column is-layout-flow wp-block-column-is-layout-flow\">\n<h4 class=\"wp-block-heading\"><strong>En Francia <sup data-fn=\"090c630a-c23b-4442-9203-c25aef771637\" class=\"fn\"><a id=\"090c630a-c23b-4442-9203-c25aef771637-link\" href=\"#090c630a-c23b-4442-9203-c25aef771637\">1<\/a><\/sup><\/strong><\/h4>\n\n\n\n<ul class=\"wp-block-list\">\n<li><strong>164 540 empresas<\/strong><\/li>\n\n\n\n<li><strong>222 331 centros de trabajo<\/strong><\/li>\n\n\n\n<li><strong>2,4 millones de trabajadores, de los que el 68 %\nson mujeres<\/strong><\/li>\n\n\n\n<li><strong>14 % del empleo privado<\/strong><\/li>\n\n\n\n<li><strong>21 millones de voluntarios<\/strong><\/li>\n<\/ul>\n<\/div>\n\n\n\n<div class=\"wp-block-column is-vertically-aligned-top is-layout-flow wp-block-column-is-layout-flow\" style=\"flex-basis:7%\">\n<figure class=\"wp-block-image alignright size-full is-resized\"><img decoding=\"async\" width=\"209\" height=\"237\" sizes=\"(max-width: 209px) 100vw, 209px\" src=\"https:\/\/bordeauxgsef2025.org\/wp-content\/uploads\/2024\/10\/nouvelle-aquitaine.png\" alt=\"\" class=\"wp-image-1786\" style=\"width:65px;height:auto\" srcset=\"https:\/\/bordeauxgsef2025.org\/wp-content\/uploads\/2024\/10\/nouvelle-aquitaine.png 209w, https:\/\/bordeauxgsef2025.org\/wp-content\/uploads\/2024\/10\/nouvelle-aquitaine-11x12.png 11w\" \/><\/figure>\n<\/div>\n\n\n\n<div class=\"wp-block-column is-layout-flow wp-block-column-is-layout-flow\">\n<h4 class=\"wp-block-heading\"><strong>En Nueva Aquitania <sup data-fn=\"8ff95e6a-9bd5-43e7-8484-926b41d15d50\" class=\"fn\"><a id=\"8ff95e6a-9bd5-43e7-8484-926b41d15d50-link\" href=\"#8ff95e6a-9bd5-43e7-8484-926b41d15d50\">2<\/a><\/sup><\/strong><\/h4>\n\n\n\n<ul class=\"wp-block-list\">\n<li><strong>19 840 centros de trabajo<\/strong><br>(es decir, el 10 % de los\nestablecimientos privados)<\/li>\n\n\n\n<li><strong>3.\u00aa regi\u00f3n de Francia en volumen de puestos de trabajo\nESS<\/strong><\/li>\n\n\n\n<li><strong>246 065 trabajadores<\/strong> (es decir, el 16 % del empleo\nprivado)<\/li>\n\n\n\n<li><strong>1,2 millones de voluntarios<\/strong><\/li>\n\n\n\n<li><strong>6300 millones de euros de masa salarial bruta<\/strong><\/li>\n<\/ul>\n<\/div>\n<\/div>\n<\/div>\n<\/div>\n<\/div>\n\n\n<ol class=\"wp-block-footnotes has-small-font-size\"><li id=\"090c630a-c23b-4442-9203-c25aef771637\">Fuente ESS France <a href=\"#090c630a-c23b-4442-9203-c25aef771637-link\" aria-label=\"Saltar a la referencia de la nota 1\">\u21a9\ufe0e<\/a><\/li><li id=\"8ff95e6a-9bd5-43e7-8484-926b41d15d50\">Fuente Insee Flores 2020 \u2013 Mouvement Associatif <a href=\"#8ff95e6a-9bd5-43e7-8484-926b41d15d50-link\" aria-label=\"Saltar a la referencia de la nota 2\">\u21a9\ufe0e<\/a><\/li><\/ol>\n\n\n<p><\/p>\n\n\n\n<p><\/p>","protected":false},"excerpt":{"rendered":"<p>L&rsquo;\u00c9conomie Sociale et Solidaire L\u2019\u00c9conomie Sociale et Solidaire (ESS) a un r\u00f4le majeur \u00e0 jouer en faveur de la transition juste pour renforcer la r\u00e9silience des territoires et le bien-\u00eatre de leurs habitants.&nbsp;Elle se caract\u00e9rise par la primaut\u00e9 de l\u2019humain et des objectifs sociaux ou environnementaux sur le profit, la gouvernance d\u00e9mocratique ou participative, ou [&hellip;]<\/p>","protected":false},"author":1,"featured_media":0,"parent":2410,"menu_order":1,"comment_status":"closed","ping_status":"closed","template":"","meta":{"_acf_changed":false,"advgb_blocks_editor_width":"","advgb_blocks_columns_visual_guide":"","footnotes":"[{\"content\":\"Source ESS France\",\"id\":\"090c630a-c23b-4442-9203-c25aef771637\"},{\"content\":\"Source Insee Flores 2020 - Mouvement Associatif\",\"id\":\"8ff95e6a-9bd5-43e7-8484-926b41d15d50\"}]"},"class_list":["post-1720","page","type-page","status-publish","hentry"],"acf":[],"yoast_head":"<!-- This site is optimized with the Yoast SEO plugin v26.5 - https:\/\/yoast.com\/wordpress\/plugins\/seo\/ -->\n<title>L&#039;ESS &#8226; FORUM MONDIAL DE l&#039;\u00c9CONOMIE SOCIALE ET SOLIDAIRE<\/title>\n<meta name=\"robots\" content=\"index, follow, max-snippet:-1, max-image-preview:large, max-video-preview:-1\" \/>\n<link rel=\"canonical\" href=\"https:\/\/bordeauxgsef2025.org\/es\/le-gsef\/ess\/\" \/>\n<meta property=\"og:locale\" content=\"es_ES\" \/>\n<meta property=\"og:type\" content=\"article\" \/>\n<meta property=\"og:title\" content=\"L&#039;ESS &#8226; FORUM MONDIAL DE l&#039;\u00c9CONOMIE SOCIALE ET SOLIDAIRE\" \/>\n<meta property=\"og:description\" content=\"L&rsquo;\u00c9conomie Sociale et Solidaire L\u2019\u00c9conomie Sociale et Solidaire (ESS) a un r\u00f4le majeur \u00e0 jouer en faveur de la transition juste pour renforcer la r\u00e9silience des territoires et le bien-\u00eatre de leurs habitants.&nbsp;Elle se caract\u00e9rise par la primaut\u00e9 de l\u2019humain et des objectifs sociaux ou environnementaux sur le profit, la gouvernance d\u00e9mocratique ou participative, ou [&hellip;]\" \/>\n<meta property=\"og:url\" content=\"https:\/\/bordeauxgsef2025.org\/es\/le-gsef\/ess\/\" \/>\n<meta property=\"og:site_name\" content=\"FORUM MONDIAL DE l&#039;\u00c9CONOMIE SOCIALE ET SOLIDAIRE\" \/>\n<meta property=\"article:publisher\" content=\"https:\/\/www.facebook.com\/BordeauxGSEF2025\/\" \/>\n<meta property=\"article:modified_time\" content=\"2025-04-09T14:58:51+00:00\" \/>\n<meta property=\"og:image\" content=\"https:\/\/bordeauxgsef2025.org\/wp-content\/uploads\/2024\/10\/france.png\" \/>\n\t<meta property=\"og:image:width\" content=\"209\" \/>\n\t<meta property=\"og:image:height\" content=\"237\" \/>\n\t<meta property=\"og:image:type\" content=\"image\/png\" \/>\n<meta name=\"twitter:card\" content=\"summary_large_image\" \/>\n<meta name=\"twitter:site\" content=\"@BdxGSEF2025\" \/>\n<script type=\"application\/ld+json\" class=\"yoast-schema-graph\">{\"@context\":\"https:\/\/schema.org\",\"@graph\":[{\"@type\":\"WebPage\",\"@id\":\"https:\/\/bordeauxgsef2025.org\/le-gsef\/ess\/\",\"url\":\"https:\/\/bordeauxgsef2025.org\/le-gsef\/ess\/\",\"name\":\"L'ESS &#8226; FORUM MONDIAL DE l&#039;\u00c9CONOMIE SOCIALE ET SOLIDAIRE\",\"isPartOf\":{\"@id\":\"https:\/\/bordeauxgsef2025.org\/#website\"},\"primaryImageOfPage\":{\"@id\":\"https:\/\/bordeauxgsef2025.org\/le-gsef\/ess\/#primaryimage\"},\"image\":{\"@id\":\"https:\/\/bordeauxgsef2025.org\/le-gsef\/ess\/#primaryimage\"},\"thumbnailUrl\":\"https:\/\/bordeauxgsef2025.org\/wp-content\/uploads\/2024\/10\/france.png\",\"datePublished\":\"2024-10-17T13:42:22+00:00\",\"dateModified\":\"2025-04-09T14:58:51+00:00\",\"breadcrumb\":{\"@id\":\"https:\/\/bordeauxgsef2025.org\/le-gsef\/ess\/#breadcrumb\"},\"inLanguage\":\"es\",\"potentialAction\":[{\"@type\":\"ReadAction\",\"target\":[\"https:\/\/bordeauxgsef2025.org\/le-gsef\/ess\/\"]}]},{\"@type\":\"ImageObject\",\"inLanguage\":\"es\",\"@id\":\"https:\/\/bordeauxgsef2025.org\/le-gsef\/ess\/#primaryimage\",\"url\":\"https:\/\/bordeauxgsef2025.org\/wp-content\/uploads\/2024\/10\/france.png\",\"contentUrl\":\"https:\/\/bordeauxgsef2025.org\/wp-content\/uploads\/2024\/10\/france.png\"},{\"@type\":\"BreadcrumbList\",\"@id\":\"https:\/\/bordeauxgsef2025.org\/le-gsef\/ess\/#breadcrumb\",\"itemListElement\":[{\"@type\":\"ListItem\",\"position\":1,\"name\":\"Accueil\",\"item\":\"https:\/\/bordeauxgsef2025.org\/\"},{\"@type\":\"ListItem\",\"position\":2,\"name\":\"Le Gsef\",\"item\":\"https:\/\/bordeauxgsef2025.org\/le-gsef\/\"},{\"@type\":\"ListItem\",\"position\":3,\"name\":\"L&rsquo;ESS\"}]},{\"@type\":\"WebSite\",\"@id\":\"https:\/\/bordeauxgsef2025.org\/#website\",\"url\":\"https:\/\/bordeauxgsef2025.org\/\",\"name\":\"FORUM MONDIAL DE l'\u00c9CONOMIE SOCIALE ET SOLIDAIRE\",\"description\":\"Bordeaux 29 30 31 Octobre 2025\",\"publisher\":{\"@id\":\"https:\/\/bordeauxgsef2025.org\/#organization\"},\"alternateName\":\"BORDEAUX GSEF 225\",\"potentialAction\":[{\"@type\":\"SearchAction\",\"target\":{\"@type\":\"EntryPoint\",\"urlTemplate\":\"https:\/\/bordeauxgsef2025.org\/?s={search_term_string}\"},\"query-input\":{\"@type\":\"PropertyValueSpecification\",\"valueRequired\":true,\"valueName\":\"search_term_string\"}}],\"inLanguage\":\"es\"},{\"@type\":\"Organization\",\"@id\":\"https:\/\/bordeauxgsef2025.org\/#organization\",\"name\":\"FORUM MONDIAL DE l'\u00c9CONOMIE SOCIALE ET SOLIDAIRE\",\"alternateName\":\"Bordeaux Gsef 2025\",\"url\":\"https:\/\/bordeauxgsef2025.org\/\",\"logo\":{\"@type\":\"ImageObject\",\"inLanguage\":\"es\",\"@id\":\"https:\/\/bordeauxgsef2025.org\/#\/schema\/logo\/image\/\",\"url\":\"https:\/\/bordeauxgsef2025.org\/wp-content\/uploads\/2024\/10\/logo-carre-gsef2025.png\",\"contentUrl\":\"https:\/\/bordeauxgsef2025.org\/wp-content\/uploads\/2024\/10\/logo-carre-gsef2025.png\",\"width\":800,\"height\":800,\"caption\":\"FORUM MONDIAL DE l'\u00c9CONOMIE SOCIALE ET SOLIDAIRE\"},\"image\":{\"@id\":\"https:\/\/bordeauxgsef2025.org\/#\/schema\/logo\/image\/\"},\"sameAs\":[\"https:\/\/www.facebook.com\/BordeauxGSEF2025\/\",\"https:\/\/x.com\/BdxGSEF2025\",\"https:\/\/www.linkedin.com\/company\/bordeaux-gsef-2025\/\",\"https:\/\/www.instagram.com\/bordeaux_gsef2025\/\"]}]}<\/script>\n<!-- \/ Yoast SEO plugin. -->","yoast_head_json":{"title":"L'ESS &#8226; FORUM MONDIAL DE l&#039;\u00c9CONOMIE SOCIALE ET SOLIDAIRE","robots":{"index":"index","follow":"follow","max-snippet":"max-snippet:-1","max-image-preview":"max-image-preview:large","max-video-preview":"max-video-preview:-1"},"canonical":"https:\/\/bordeauxgsef2025.org\/es\/le-gsef\/ess\/","og_locale":"es_ES","og_type":"article","og_title":"L'ESS &#8226; FORUM MONDIAL DE l&#039;\u00c9CONOMIE SOCIALE ET SOLIDAIRE","og_description":"L&rsquo;\u00c9conomie Sociale et Solidaire L\u2019\u00c9conomie Sociale et Solidaire (ESS) a un r\u00f4le majeur \u00e0 jouer en faveur de la transition juste pour renforcer la r\u00e9silience des territoires et le bien-\u00eatre de leurs habitants.&nbsp;Elle se caract\u00e9rise par la primaut\u00e9 de l\u2019humain et des objectifs sociaux ou environnementaux sur le profit, la gouvernance d\u00e9mocratique ou participative, ou [&hellip;]","og_url":"https:\/\/bordeauxgsef2025.org\/es\/le-gsef\/ess\/","og_site_name":"FORUM MONDIAL DE l&#039;\u00c9CONOMIE SOCIALE ET SOLIDAIRE","article_publisher":"https:\/\/www.facebook.com\/BordeauxGSEF2025\/","article_modified_time":"2025-04-09T14:58:51+00:00","og_image":[{"width":209,"height":237,"url":"https:\/\/bordeauxgsef2025.org\/wp-content\/uploads\/2024\/10\/france.png","type":"image\/png"}],"twitter_card":"summary_large_image","twitter_site":"@BdxGSEF2025","schema":{"@context":"https:\/\/schema.org","@graph":[{"@type":"WebPage","@id":"https:\/\/bordeauxgsef2025.org\/le-gsef\/ess\/","url":"https:\/\/bordeauxgsef2025.org\/le-gsef\/ess\/","name":"L'ESS &#8226; FORUM MONDIAL DE l&#039;\u00c9CONOMIE SOCIALE ET SOLIDAIRE","isPartOf":{"@id":"https:\/\/bordeauxgsef2025.org\/#website"},"primaryImageOfPage":{"@id":"https:\/\/bordeauxgsef2025.org\/le-gsef\/ess\/#primaryimage"},"image":{"@id":"https:\/\/bordeauxgsef2025.org\/le-gsef\/ess\/#primaryimage"},"thumbnailUrl":"https:\/\/bordeauxgsef2025.org\/wp-content\/uploads\/2024\/10\/france.png","datePublished":"2024-10-17T13:42:22+00:00","dateModified":"2025-04-09T14:58:51+00:00","breadcrumb":{"@id":"https:\/\/bordeauxgsef2025.org\/le-gsef\/ess\/#breadcrumb"},"inLanguage":"es","potentialAction":[{"@type":"ReadAction","target":["https:\/\/bordeauxgsef2025.org\/le-gsef\/ess\/"]}]},{"@type":"ImageObject","inLanguage":"es","@id":"https:\/\/bordeauxgsef2025.org\/le-gsef\/ess\/#primaryimage","url":"https:\/\/bordeauxgsef2025.org\/wp-content\/uploads\/2024\/10\/france.png","contentUrl":"https:\/\/bordeauxgsef2025.org\/wp-content\/uploads\/2024\/10\/france.png"},{"@type":"BreadcrumbList","@id":"https:\/\/bordeauxgsef2025.org\/le-gsef\/ess\/#breadcrumb","itemListElement":[{"@type":"ListItem","position":1,"name":"Accueil","item":"https:\/\/bordeauxgsef2025.org\/"},{"@type":"ListItem","position":2,"name":"Le Gsef","item":"https:\/\/bordeauxgsef2025.org\/le-gsef\/"},{"@type":"ListItem","position":3,"name":"L&rsquo;ESS"}]},{"@type":"WebSite","@id":"https:\/\/bordeauxgsef2025.org\/#website","url":"https:\/\/bordeauxgsef2025.org\/","name":"FORUM MONDIAL DE l'\u00c9CONOMIE SOCIALE ET SOLIDAIRE","description":"Bordeaux 29 30 31 Octobre 2025","publisher":{"@id":"https:\/\/bordeauxgsef2025.org\/#organization"},"alternateName":"BORDEAUX GSEF 225","potentialAction":[{"@type":"SearchAction","target":{"@type":"EntryPoint","urlTemplate":"https:\/\/bordeauxgsef2025.org\/?s={search_term_string}"},"query-input":{"@type":"PropertyValueSpecification","valueRequired":true,"valueName":"search_term_string"}}],"inLanguage":"es"},{"@type":"Organization","@id":"https:\/\/bordeauxgsef2025.org\/#organization","name":"FORUM MONDIAL DE l'\u00c9CONOMIE SOCIALE ET SOLIDAIRE","alternateName":"Bordeaux Gsef 2025","url":"https:\/\/bordeauxgsef2025.org\/","logo":{"@type":"ImageObject","inLanguage":"es","@id":"https:\/\/bordeauxgsef2025.org\/#\/schema\/logo\/image\/","url":"https:\/\/bordeauxgsef2025.org\/wp-content\/uploads\/2024\/10\/logo-carre-gsef2025.png","contentUrl":"https:\/\/bordeauxgsef2025.org\/wp-content\/uploads\/2024\/10\/logo-carre-gsef2025.png","width":800,"height":800,"caption":"FORUM MONDIAL DE l'\u00c9CONOMIE SOCIALE ET SOLIDAIRE"},"image":{"@id":"https:\/\/bordeauxgsef2025.org\/#\/schema\/logo\/image\/"},"sameAs":["https:\/\/www.facebook.com\/BordeauxGSEF2025\/","https:\/\/x.com\/BdxGSEF2025","https:\/\/www.linkedin.com\/company\/bordeaux-gsef-2025\/","https:\/\/www.instagram.com\/bordeaux_gsef2025\/"]}]}},"coauthors":[],"author_meta":{"author_link":"https:\/\/bordeauxgsef2025.org\/es\/author\/admin-ot\/","display_name":"admin-ot"},"relative_dates":{"created":"Publicado 2 a\u00f1os hace","modified":"Actualizado 1 a\u00f1o hace"},"absolute_dates":{"created":"Publicado el 17 octubre 2024","modified":"Actualizado el 9 abril 2025"},"absolute_dates_time":{"created":"Publicado el 17 octubre 2024 15h42","modified":"Actualizado el 9 abril 2025 16h58"},"featured_img_caption":"","featured_img":false,"series_order":"","_links":{"self":[{"href":"https:\/\/bordeauxgsef2025.org\/es\/wp-json\/wp\/v2\/pages\/1720","targetHints":{"allow":["GET"]}}],"collection":[{"href":"https:\/\/bordeauxgsef2025.org\/es\/wp-json\/wp\/v2\/pages"}],"about":[{"href":"https:\/\/bordeauxgsef2025.org\/es\/wp-json\/wp\/v2\/types\/page"}],"author":[{"embeddable":true,"href":"https:\/\/bordeauxgsef2025.org\/es\/wp-json\/wp\/v2\/users\/1"}],"replies":[{"embeddable":true,"href":"https:\/\/bordeauxgsef2025.org\/es\/wp-json\/wp\/v2\/comments?post=1720"}],"version-history":[{"count":181,"href":"https:\/\/bordeauxgsef2025.org\/es\/wp-json\/wp\/v2\/pages\/1720\/revisions"}],"predecessor-version":[{"id":2774,"href":"https:\/\/bordeauxgsef2025.org\/es\/wp-json\/wp\/v2\/pages\/1720\/revisions\/2774"}],"up":[{"embeddable":true,"href":"https:\/\/bordeauxgsef2025.org\/es\/wp-json\/wp\/v2\/pages\/2410"}],"wp:attachment":[{"href":"https:\/\/bordeauxgsef2025.org\/es\/wp-json\/wp\/v2\/media?parent=1720"}],"curies":[{"name":"wp","href":"https:\/\/api.w.org\/{rel}","templated":true}]}}