{"id":8255,"date":"2025-11-13T15:24:44","date_gmt":"2025-11-13T14:24:44","guid":{"rendered":"https:\/\/bordeauxgsef2025.org\/?page_id=8255"},"modified":"2025-11-13T16:50:12","modified_gmt":"2025-11-13T15:50:12","slug":"declarations-du-forum","status":"publish","type":"page","link":"https:\/\/bordeauxgsef2025.org\/en\/declarations-du-forum\/","title":{"rendered":"Forum Declarations"},"content":{"rendered":"<div style=\"height:15px\" aria-hidden=\"true\" class=\"wp-block-spacer\"><\/div>\n\n\n<div class=\"yoast-breadcrumbs\"><span><span><a href=\"https:\/\/bordeauxgsef2025.org\/en\/\">Home<\/a><\/span> \u00bb <span class=\"breadcrumb_last\" aria-current=\"page\"><strong>Forum Declarations<\/strong><\/span><\/span><\/div>\n\n\n<div style=\"height:15px\" aria-hidden=\"true\" class=\"wp-block-spacer\"><\/div>\n\n\n\n<div class=\"wp-block-columns is-layout-flex wp-container-core-columns-is-layout-28f84493 wp-block-columns-is-layout-flex\">\n<div class=\"wp-block-column is-layout-flow wp-block-column-is-layout-flow\" style=\"flex-basis:40%\">\n<figure class=\"wp-block-image size-large\"><img fetchpriority=\"high\" decoding=\"async\" width=\"1024\" height=\"742\" sizes=\"(max-width: 1024px) 100vw, 1024px\" src=\"https:\/\/dev.bordeauxgsef2025.org\/wp-content\/uploads\/2024\/10\/gsef-bx-2025-icono2-1024x742.png\" alt=\"\" class=\"wp-image-1357\" srcset=\"https:\/\/bordeauxgsef2025.org\/wp-content\/uploads\/2024\/10\/gsef-bx-2025-icono2-1024x742.png 1024w, https:\/\/bordeauxgsef2025.org\/wp-content\/uploads\/2024\/10\/gsef-bx-2025-icono2-300x217.png 300w, https:\/\/bordeauxgsef2025.org\/wp-content\/uploads\/2024\/10\/gsef-bx-2025-icono2-768x557.png 768w, https:\/\/bordeauxgsef2025.org\/wp-content\/uploads\/2024\/10\/gsef-bx-2025-icono2-18x12.png 18w, https:\/\/bordeauxgsef2025.org\/wp-content\/uploads\/2024\/10\/gsef-bx-2025-icono2.png 1098w\" \/><\/figure>\n<\/div>\n\n\n\n<div class=\"wp-block-column is-vertically-aligned-center has-text-color has-link-color wp-elements-4e8eec1c62df9d9d27328892bfe150ef is-layout-flow wp-block-column-is-layout-flow\" style=\"color:#1e4b98;flex-basis:60%\">\n<h1 class=\"wp-block-heading has-large-font-size\"><strong><mark style=\"background-color:rgba(0, 0, 0, 0);color:#1e4b98\" class=\"has-inline-color\">Global SSE Forum<\/mark><br><mark style=\"background-color:rgba(0, 0, 0, 0);color:#009541\" class=\"has-inline-color\">Bordeaux<\/mark>&nbsp;<mark style=\"background-color:rgba(0, 0, 0, 0);color:#1e4b98\" class=\"has-inline-color\">GSEF<\/mark>&nbsp;<mark style=\"background-color:rgba(0, 0, 0, 0);color:#e4003e\" class=\"has-inline-color\">2025<\/mark><\/strong><\/h1>\n\n\n\n<p style=\"font-size:16px\">Discover and download the declarations issued by the <mark style=\"background-color:rgba(0, 0, 0, 0);color:#1e4b98\" class=\"has-inline-color\">7<sup>th<\/sup> Global Social Solidarity Economy Forum<\/mark> Bordeaux GSEF 2025.<\/p>\n<\/div>\n<\/div>\n\n\n\n<div style=\"height:15px\" aria-hidden=\"true\" class=\"wp-block-spacer\"><\/div>\n\n\n\n<h1 class=\"wp-block-heading\"><strong>The Forum Declarations<\/strong><\/h1>\n\n\n\n<div class=\"wp-block-columns bloc-blanc  has-white-background-color has-background is-layout-flex wp-container-core-columns-is-layout-28f84493 wp-block-columns-is-layout-flex\">\n<div class=\"wp-block-column is-layout-flow wp-block-column-is-layout-flow\">\n<div class=\"wp-block-columns is-layout-flex wp-container-core-columns-is-layout-28f84493 wp-block-columns-is-layout-flex\">\n<div class=\"wp-block-column is-layout-flow wp-block-column-is-layout-flow\" style=\"flex-basis:60%\">\n<h2 class=\"wp-block-heading has-text-align-left\" style=\"font-size:19px\"><mark style=\"background-color:rgba(0, 0, 0, 0)\" class=\"has-inline-color has-rouge-color\"><strong>The Bordeaux GSEF 2025 Declaration<\/strong><\/mark><\/h2>\n\n\n\n<hr class=\"wp-block-separator has-text-color has-rouge-color has-alpha-channel-opacity has-rouge-background-color has-background\"\/>\n\n\n\n<p style=\"font-size:16px\">The Bordeaux GSEF 2025 Declaration sets out the political roadmap that will lead to the next Forum.<\/p>\n\n\n\n<ul class=\"wp-block-list\">\n<li style=\"font-size:16px\"><a href=\"https:\/\/bordeauxgsef2025.org\/wp-content\/uploads\/2025\/11\/EN_Declaration_BordeauxGSEF2025_0.pdf\" target=\"_blank\" rel=\"noreferrer noopener\">The Declaration in English <strong>\u2193<\/strong><\/a><\/li>\n<\/ul>\n<\/div>\n\n\n\n<div class=\"wp-block-column is-vertically-aligned-center is-layout-flow wp-block-column-is-layout-flow\">\n<figure class=\"wp-block-image aligncenter size-full is-resized\"><img data-dominant-color=\"e1e4ea\" data-has-transparency=\"false\" decoding=\"async\" width=\"1810\" height=\"2560\" sizes=\"(max-width: 1810px) 100vw, 1810px\" src=\"https:\/\/bordeauxgsef2025.org\/wp-content\/uploads\/2025\/11\/Bordeaux-GSEF-2025-FR-scaled.png\" alt=\"\" class=\"wp-image-8288 not-transparent\" style=\"--dominant-color: #e1e4ea; width:200px\" srcset=\"https:\/\/bordeauxgsef2025.org\/wp-content\/uploads\/2025\/11\/Bordeaux-GSEF-2025-FR-scaled.png 1810w, https:\/\/bordeauxgsef2025.org\/wp-content\/uploads\/2025\/11\/Bordeaux-GSEF-2025-FR-212x300.png 212w, https:\/\/bordeauxgsef2025.org\/wp-content\/uploads\/2025\/11\/Bordeaux-GSEF-2025-FR-724x1024.png 724w, https:\/\/bordeauxgsef2025.org\/wp-content\/uploads\/2025\/11\/Bordeaux-GSEF-2025-FR-768x1086.png 768w, https:\/\/bordeauxgsef2025.org\/wp-content\/uploads\/2025\/11\/Bordeaux-GSEF-2025-FR-1086x1536.png 1086w, https:\/\/bordeauxgsef2025.org\/wp-content\/uploads\/2025\/11\/Bordeaux-GSEF-2025-FR-1448x2048.png 1448w, https:\/\/bordeauxgsef2025.org\/wp-content\/uploads\/2025\/11\/Bordeaux-GSEF-2025-FR-8x12.png 8w\" \/><\/figure>\n<\/div>\n<\/div>\n<\/div>\n<\/div>\n\n\n\n<div class=\"wp-block-columns bloc-blanc  has-white-background-color has-background is-layout-flex wp-container-core-columns-is-layout-28f84493 wp-block-columns-is-layout-flex\">\n<div class=\"wp-block-column is-layout-flow wp-block-column-is-layout-flow\">\n<div class=\"wp-block-columns is-layout-flex wp-container-core-columns-is-layout-28f84493 wp-block-columns-is-layout-flex\">\n<div class=\"wp-block-column is-layout-flow wp-block-column-is-layout-flow\" style=\"flex-basis:60%\">\n<h2 class=\"wp-block-heading has-text-align-left\" style=\"font-size:19px\"><mark style=\"background-color:rgba(0, 0, 0, 0)\" class=\"has-inline-color has-rouge-color\"><strong>La D\u00e9claration pour une paix durable<\/strong><\/mark><\/h2>\n\n\n\n<hr class=\"wp-block-separator has-text-color has-rouge-color has-alpha-channel-opacity has-rouge-background-color has-background\"\/>\n\n\n\n<ul class=\"wp-block-list\">\n<li style=\"font-size:16px\"><a href=\"https:\/\/bordeauxgsef2025.org\/wp-content\/uploads\/2025\/11\/EN_Declaration_Lasting_Peace_BordeauxGSEF2025_0.pdf\" target=\"_blank\" rel=\"noreferrer noopener\">The Declaration in English <strong>\u2193<\/strong><\/a><\/li>\n<\/ul>\n<\/div>\n\n\n\n<div class=\"wp-block-column is-vertically-aligned-center is-layout-flow wp-block-column-is-layout-flow\">\n<figure class=\"wp-block-image aligncenter size-full is-resized\"><img data-dominant-color=\"e2e4eb\" data-has-transparency=\"false\" decoding=\"async\" width=\"1810\" height=\"2560\" sizes=\"(max-width: 1810px) 100vw, 1810px\" src=\"https:\/\/bordeauxgsef2025.org\/wp-content\/uploads\/2025\/11\/Paix-durable-FR-scaled.png\" alt=\"\" class=\"wp-image-8290 not-transparent\" style=\"--dominant-color: #e2e4eb; width:200px\" srcset=\"https:\/\/bordeauxgsef2025.org\/wp-content\/uploads\/2025\/11\/Paix-durable-FR-scaled.png 1810w, https:\/\/bordeauxgsef2025.org\/wp-content\/uploads\/2025\/11\/Paix-durable-FR-212x300.png 212w, https:\/\/bordeauxgsef2025.org\/wp-content\/uploads\/2025\/11\/Paix-durable-FR-724x1024.png 724w, https:\/\/bordeauxgsef2025.org\/wp-content\/uploads\/2025\/11\/Paix-durable-FR-768x1086.png 768w, https:\/\/bordeauxgsef2025.org\/wp-content\/uploads\/2025\/11\/Paix-durable-FR-1086x1536.png 1086w, https:\/\/bordeauxgsef2025.org\/wp-content\/uploads\/2025\/11\/Paix-durable-FR-1448x2048.png 1448w, https:\/\/bordeauxgsef2025.org\/wp-content\/uploads\/2025\/11\/Paix-durable-FR-8x12.png 8w\" \/><\/figure>\n<\/div>\n<\/div>\n<\/div>\n<\/div>\n\n\n\n<div class=\"wp-block-columns bloc-blanc  has-white-background-color has-background is-layout-flex wp-container-core-columns-is-layout-28f84493 wp-block-columns-is-layout-flex\">\n<div class=\"wp-block-column is-layout-flow wp-block-column-is-layout-flow\">\n<div class=\"wp-block-columns is-layout-flex wp-container-core-columns-is-layout-28f84493 wp-block-columns-is-layout-flex\">\n<div class=\"wp-block-column is-layout-flow wp-block-column-is-layout-flow\" style=\"flex-basis:60%\">\n<h2 class=\"wp-block-heading has-text-align-left\" style=\"font-size:19px\"><mark style=\"background-color:rgba(0, 0, 0, 0)\" class=\"has-inline-color has-rouge-color\"><strong>The International Youth Declaration for the SSE<\/strong><\/mark><\/h2>\n\n\n\n<hr class=\"wp-block-separator has-text-color has-rouge-color has-alpha-channel-opacity has-rouge-background-color has-background\"\/>\n\n\n\n<p style=\"font-size:16px\">The Declaration was created by the GSEF youth delegations by bringing together the advocacy efforts of the different continents.<\/p>\n\n\n\n<ul class=\"wp-block-list\">\n<li style=\"font-size:16px\"><a href=\"https:\/\/bordeauxgsef2025.org\/wp-content\/uploads\/2025\/11\/EN_International_Youth_declaration_for_SSE_BordeauxGSEF2025.pdf\" target=\"_blank\" rel=\"noreferrer noopener\">The Declaration in English <strong>\u2193<\/strong><\/a><\/li>\n<\/ul>\n<\/div>\n\n\n\n<div class=\"wp-block-column is-vertically-aligned-center is-layout-flow wp-block-column-is-layout-flow\">\n<figure class=\"wp-block-image aligncenter size-full is-resized\"><img data-dominant-color=\"e2e4ea\" data-has-transparency=\"false\" loading=\"lazy\" decoding=\"async\" width=\"1810\" height=\"2560\" sizes=\"(max-width: 1810px) 100vw, 1810px\" src=\"https:\/\/bordeauxgsef2025.org\/wp-content\/uploads\/2025\/11\/Jeunesse-FR-scaled.png\" alt=\"\" class=\"wp-image-8289 not-transparent\" style=\"--dominant-color: #e2e4ea; width:200px\" srcset=\"https:\/\/bordeauxgsef2025.org\/wp-content\/uploads\/2025\/11\/Jeunesse-FR-scaled.png 1810w, https:\/\/bordeauxgsef2025.org\/wp-content\/uploads\/2025\/11\/Jeunesse-FR-212x300.png 212w, https:\/\/bordeauxgsef2025.org\/wp-content\/uploads\/2025\/11\/Jeunesse-FR-724x1024.png 724w, https:\/\/bordeauxgsef2025.org\/wp-content\/uploads\/2025\/11\/Jeunesse-FR-768x1086.png 768w, https:\/\/bordeauxgsef2025.org\/wp-content\/uploads\/2025\/11\/Jeunesse-FR-1086x1536.png 1086w, https:\/\/bordeauxgsef2025.org\/wp-content\/uploads\/2025\/11\/Jeunesse-FR-1448x2048.png 1448w, https:\/\/bordeauxgsef2025.org\/wp-content\/uploads\/2025\/11\/Jeunesse-FR-8x12.png 8w\" \/><\/figure>\n<\/div>\n<\/div>\n<\/div>\n<\/div>","protected":false},"excerpt":{"rendered":"<p>Le Forum mondial de l\u2019ESSBordeaux&nbsp;GSEF&nbsp;2025 D\u00e9couvrez et t\u00e9l\u00e9chargez les d\u00e9clarations issues de la 7\u00e8me \u00e9dition du Forum mondial de l\u2019\u00c9conomie Sociale et Solidaire Bordeaux GSEF 2025. Les D\u00e9clarations du Forum La D\u00e9claration de Bordeaux GSEF 2025 La D\u00e9claration de Bordeaux GSEF 2025 pose la feuille de route politique qui conduira au prochain Forum. La D\u00e9claration [&hellip;]<\/p>","protected":false},"author":3,"featured_media":0,"parent":0,"menu_order":0,"comment_status":"closed","ping_status":"closed","template":"","meta":{"_acf_changed":false,"advgb_blocks_editor_width":"","advgb_blocks_columns_visual_guide":"","footnotes":""},"class_list":["post-8255","page","type-page","status-publish","hentry"],"acf":[],"yoast_head":"<!-- This site is optimized with the Yoast SEO plugin v26.5 - https:\/\/yoast.com\/wordpress\/plugins\/seo\/ -->\n<title>D\u00e9clarations du Forum &#8226; FORUM MONDIAL DE l&#039;\u00c9CONOMIE SOCIALE ET SOLIDAIRE<\/title>\n<meta name=\"robots\" content=\"index, follow, max-snippet:-1, max-image-preview:large, max-video-preview:-1\" \/>\n<link rel=\"canonical\" href=\"https:\/\/bordeauxgsef2025.org\/en\/declarations-du-forum\/\" \/>\n<meta property=\"og:locale\" content=\"en_US\" \/>\n<meta property=\"og:type\" content=\"article\" \/>\n<meta property=\"og:title\" content=\"D\u00e9clarations du Forum &#8226; FORUM MONDIAL DE l&#039;\u00c9CONOMIE SOCIALE ET SOLIDAIRE\" \/>\n<meta property=\"og:description\" content=\"Le Forum mondial de l\u2019ESSBordeaux&nbsp;GSEF&nbsp;2025 D\u00e9couvrez et t\u00e9l\u00e9chargez les d\u00e9clarations issues de la 7\u00e8me \u00e9dition du Forum mondial de l\u2019\u00c9conomie Sociale et Solidaire Bordeaux GSEF 2025. Les D\u00e9clarations du Forum La D\u00e9claration de Bordeaux GSEF 2025 La D\u00e9claration de Bordeaux GSEF 2025 pose la feuille de route politique qui conduira au prochain Forum. La D\u00e9claration [&hellip;]\" \/>\n<meta property=\"og:url\" content=\"https:\/\/bordeauxgsef2025.org\/en\/declarations-du-forum\/\" \/>\n<meta property=\"og:site_name\" content=\"FORUM MONDIAL DE l&#039;\u00c9CONOMIE SOCIALE ET SOLIDAIRE\" \/>\n<meta property=\"article:publisher\" content=\"https:\/\/www.facebook.com\/BordeauxGSEF2025\/\" \/>\n<meta property=\"article:modified_time\" content=\"2025-11-13T15:50:12+00:00\" \/>\n<meta property=\"og:image\" content=\"https:\/\/bordeauxgsef2025.org\/wp-content\/uploads\/2024\/10\/gsef-bx-2025-icono2.png\" \/>\n\t<meta property=\"og:image:width\" content=\"1098\" \/>\n\t<meta property=\"og:image:height\" content=\"796\" \/>\n\t<meta property=\"og:image:type\" content=\"image\/png\" \/>\n<meta name=\"twitter:card\" content=\"summary_large_image\" \/>\n<meta name=\"twitter:site\" content=\"@BdxGSEF2025\" \/>\n<script type=\"application\/ld+json\" class=\"yoast-schema-graph\">{\"@context\":\"https:\/\/schema.org\",\"@graph\":[{\"@type\":\"WebPage\",\"@id\":\"https:\/\/bordeauxgsef2025.org\/declarations-du-forum\/\",\"url\":\"https:\/\/bordeauxgsef2025.org\/declarations-du-forum\/\",\"name\":\"D\u00e9clarations du Forum &#8226; FORUM MONDIAL DE l&#039;\u00c9CONOMIE SOCIALE ET SOLIDAIRE\",\"isPartOf\":{\"@id\":\"https:\/\/bordeauxgsef2025.org\/#website\"},\"primaryImageOfPage\":{\"@id\":\"https:\/\/bordeauxgsef2025.org\/declarations-du-forum\/#primaryimage\"},\"image\":{\"@id\":\"https:\/\/bordeauxgsef2025.org\/declarations-du-forum\/#primaryimage\"},\"thumbnailUrl\":\"https:\/\/dev.bordeauxgsef2025.org\/wp-content\/uploads\/2024\/10\/gsef-bx-2025-icono2-1024x742.png\",\"datePublished\":\"2025-11-13T14:24:44+00:00\",\"dateModified\":\"2025-11-13T15:50:12+00:00\",\"breadcrumb\":{\"@id\":\"https:\/\/bordeauxgsef2025.org\/declarations-du-forum\/#breadcrumb\"},\"inLanguage\":\"en-US\",\"potentialAction\":[{\"@type\":\"ReadAction\",\"target\":[\"https:\/\/bordeauxgsef2025.org\/declarations-du-forum\/\"]}]},{\"@type\":\"ImageObject\",\"inLanguage\":\"en-US\",\"@id\":\"https:\/\/bordeauxgsef2025.org\/declarations-du-forum\/#primaryimage\",\"url\":\"https:\/\/dev.bordeauxgsef2025.org\/wp-content\/uploads\/2024\/10\/gsef-bx-2025-icono2-1024x742.png\",\"contentUrl\":\"https:\/\/dev.bordeauxgsef2025.org\/wp-content\/uploads\/2024\/10\/gsef-bx-2025-icono2-1024x742.png\"},{\"@type\":\"BreadcrumbList\",\"@id\":\"https:\/\/bordeauxgsef2025.org\/declarations-du-forum\/#breadcrumb\",\"itemListElement\":[{\"@type\":\"ListItem\",\"position\":1,\"name\":\"Accueil\",\"item\":\"https:\/\/bordeauxgsef2025.org\/\"},{\"@type\":\"ListItem\",\"position\":2,\"name\":\"D\u00e9clarations du Forum\"}]},{\"@type\":\"WebSite\",\"@id\":\"https:\/\/bordeauxgsef2025.org\/#website\",\"url\":\"https:\/\/bordeauxgsef2025.org\/\",\"name\":\"FORUM MONDIAL DE l'\u00c9CONOMIE SOCIALE ET SOLIDAIRE\",\"description\":\"Bordeaux 29 30 31 Octobre 2025\",\"publisher\":{\"@id\":\"https:\/\/bordeauxgsef2025.org\/#organization\"},\"alternateName\":\"BORDEAUX GSEF 225\",\"potentialAction\":[{\"@type\":\"SearchAction\",\"target\":{\"@type\":\"EntryPoint\",\"urlTemplate\":\"https:\/\/bordeauxgsef2025.org\/?s={search_term_string}\"},\"query-input\":{\"@type\":\"PropertyValueSpecification\",\"valueRequired\":true,\"valueName\":\"search_term_string\"}}],\"inLanguage\":\"en-US\"},{\"@type\":\"Organization\",\"@id\":\"https:\/\/bordeauxgsef2025.org\/#organization\",\"name\":\"FORUM MONDIAL DE l'\u00c9CONOMIE SOCIALE ET SOLIDAIRE\",\"alternateName\":\"Bordeaux Gsef 2025\",\"url\":\"https:\/\/bordeauxgsef2025.org\/\",\"logo\":{\"@type\":\"ImageObject\",\"inLanguage\":\"en-US\",\"@id\":\"https:\/\/bordeauxgsef2025.org\/#\/schema\/logo\/image\/\",\"url\":\"https:\/\/bordeauxgsef2025.org\/wp-content\/uploads\/2024\/10\/logo-carre-gsef2025.png\",\"contentUrl\":\"https:\/\/bordeauxgsef2025.org\/wp-content\/uploads\/2024\/10\/logo-carre-gsef2025.png\",\"width\":800,\"height\":800,\"caption\":\"FORUM MONDIAL DE l'\u00c9CONOMIE SOCIALE ET SOLIDAIRE\"},\"image\":{\"@id\":\"https:\/\/bordeauxgsef2025.org\/#\/schema\/logo\/image\/\"},\"sameAs\":[\"https:\/\/www.facebook.com\/BordeauxGSEF2025\/\",\"https:\/\/x.com\/BdxGSEF2025\",\"https:\/\/www.linkedin.com\/company\/bordeaux-gsef-2025\/\",\"https:\/\/www.instagram.com\/bordeaux_gsef2025\/\"]}]}<\/script>\n<!-- \/ Yoast SEO plugin. -->","yoast_head_json":{"title":"D\u00e9clarations du Forum &#8226; FORUM MONDIAL DE l&#039;\u00c9CONOMIE SOCIALE ET SOLIDAIRE","robots":{"index":"index","follow":"follow","max-snippet":"max-snippet:-1","max-image-preview":"max-image-preview:large","max-video-preview":"max-video-preview:-1"},"canonical":"https:\/\/bordeauxgsef2025.org\/en\/declarations-du-forum\/","og_locale":"en_US","og_type":"article","og_title":"D\u00e9clarations du Forum &#8226; FORUM MONDIAL DE l&#039;\u00c9CONOMIE SOCIALE ET SOLIDAIRE","og_description":"Le Forum mondial de l\u2019ESSBordeaux&nbsp;GSEF&nbsp;2025 D\u00e9couvrez et t\u00e9l\u00e9chargez les d\u00e9clarations issues de la 7\u00e8me \u00e9dition du Forum mondial de l\u2019\u00c9conomie Sociale et Solidaire Bordeaux GSEF 2025. Les D\u00e9clarations du Forum La D\u00e9claration de Bordeaux GSEF 2025 La D\u00e9claration de Bordeaux GSEF 2025 pose la feuille de route politique qui conduira au prochain Forum. La D\u00e9claration [&hellip;]","og_url":"https:\/\/bordeauxgsef2025.org\/en\/declarations-du-forum\/","og_site_name":"FORUM MONDIAL DE l&#039;\u00c9CONOMIE SOCIALE ET SOLIDAIRE","article_publisher":"https:\/\/www.facebook.com\/BordeauxGSEF2025\/","article_modified_time":"2025-11-13T15:50:12+00:00","og_image":[{"width":1098,"height":796,"url":"https:\/\/bordeauxgsef2025.org\/wp-content\/uploads\/2024\/10\/gsef-bx-2025-icono2.png","type":"image\/png"}],"twitter_card":"summary_large_image","twitter_site":"@BdxGSEF2025","schema":{"@context":"https:\/\/schema.org","@graph":[{"@type":"WebPage","@id":"https:\/\/bordeauxgsef2025.org\/declarations-du-forum\/","url":"https:\/\/bordeauxgsef2025.org\/declarations-du-forum\/","name":"D\u00e9clarations du Forum &#8226; FORUM MONDIAL DE l&#039;\u00c9CONOMIE SOCIALE ET SOLIDAIRE","isPartOf":{"@id":"https:\/\/bordeauxgsef2025.org\/#website"},"primaryImageOfPage":{"@id":"https:\/\/bordeauxgsef2025.org\/declarations-du-forum\/#primaryimage"},"image":{"@id":"https:\/\/bordeauxgsef2025.org\/declarations-du-forum\/#primaryimage"},"thumbnailUrl":"https:\/\/dev.bordeauxgsef2025.org\/wp-content\/uploads\/2024\/10\/gsef-bx-2025-icono2-1024x742.png","datePublished":"2025-11-13T14:24:44+00:00","dateModified":"2025-11-13T15:50:12+00:00","breadcrumb":{"@id":"https:\/\/bordeauxgsef2025.org\/declarations-du-forum\/#breadcrumb"},"inLanguage":"en-US","potentialAction":[{"@type":"ReadAction","target":["https:\/\/bordeauxgsef2025.org\/declarations-du-forum\/"]}]},{"@type":"ImageObject","inLanguage":"en-US","@id":"https:\/\/bordeauxgsef2025.org\/declarations-du-forum\/#primaryimage","url":"https:\/\/dev.bordeauxgsef2025.org\/wp-content\/uploads\/2024\/10\/gsef-bx-2025-icono2-1024x742.png","contentUrl":"https:\/\/dev.bordeauxgsef2025.org\/wp-content\/uploads\/2024\/10\/gsef-bx-2025-icono2-1024x742.png"},{"@type":"BreadcrumbList","@id":"https:\/\/bordeauxgsef2025.org\/declarations-du-forum\/#breadcrumb","itemListElement":[{"@type":"ListItem","position":1,"name":"Accueil","item":"https:\/\/bordeauxgsef2025.org\/"},{"@type":"ListItem","position":2,"name":"D\u00e9clarations du Forum"}]},{"@type":"WebSite","@id":"https:\/\/bordeauxgsef2025.org\/#website","url":"https:\/\/bordeauxgsef2025.org\/","name":"FORUM MONDIAL DE l'\u00c9CONOMIE SOCIALE ET SOLIDAIRE","description":"Bordeaux 29 30 31 Octobre 2025","publisher":{"@id":"https:\/\/bordeauxgsef2025.org\/#organization"},"alternateName":"BORDEAUX GSEF 225","potentialAction":[{"@type":"SearchAction","target":{"@type":"EntryPoint","urlTemplate":"https:\/\/bordeauxgsef2025.org\/?s={search_term_string}"},"query-input":{"@type":"PropertyValueSpecification","valueRequired":true,"valueName":"search_term_string"}}],"inLanguage":"en-US"},{"@type":"Organization","@id":"https:\/\/bordeauxgsef2025.org\/#organization","name":"FORUM MONDIAL DE l'\u00c9CONOMIE SOCIALE ET SOLIDAIRE","alternateName":"Bordeaux Gsef 2025","url":"https:\/\/bordeauxgsef2025.org\/","logo":{"@type":"ImageObject","inLanguage":"en-US","@id":"https:\/\/bordeauxgsef2025.org\/#\/schema\/logo\/image\/","url":"https:\/\/bordeauxgsef2025.org\/wp-content\/uploads\/2024\/10\/logo-carre-gsef2025.png","contentUrl":"https:\/\/bordeauxgsef2025.org\/wp-content\/uploads\/2024\/10\/logo-carre-gsef2025.png","width":800,"height":800,"caption":"FORUM MONDIAL DE l'\u00c9CONOMIE SOCIALE ET SOLIDAIRE"},"image":{"@id":"https:\/\/bordeauxgsef2025.org\/#\/schema\/logo\/image\/"},"sameAs":["https:\/\/www.facebook.com\/BordeauxGSEF2025\/","https:\/\/x.com\/BdxGSEF2025","https:\/\/www.linkedin.com\/company\/bordeaux-gsef-2025\/","https:\/\/www.instagram.com\/bordeaux_gsef2025\/"]}]}},"coauthors":[],"author_meta":{"author_link":"https:\/\/bordeauxgsef2025.org\/en\/author\/lorena\/","display_name":"Lorena Lacombe"},"relative_dates":{"created":"Posted 6 months ago","modified":"Updated 6 months ago"},"absolute_dates":{"created":"Posted on 13 November 2025","modified":"Updated on 13 November 2025"},"absolute_dates_time":{"created":"Posted on 13 November 2025 15h24","modified":"Updated on 13 November 2025 16h50"},"featured_img_caption":"","featured_img":false,"series_order":"","_links":{"self":[{"href":"https:\/\/bordeauxgsef2025.org\/en\/wp-json\/wp\/v2\/pages\/8255","targetHints":{"allow":["GET"]}}],"collection":[{"href":"https:\/\/bordeauxgsef2025.org\/en\/wp-json\/wp\/v2\/pages"}],"about":[{"href":"https:\/\/bordeauxgsef2025.org\/en\/wp-json\/wp\/v2\/types\/page"}],"author":[{"embeddable":true,"href":"https:\/\/bordeauxgsef2025.org\/en\/wp-json\/wp\/v2\/users\/3"}],"replies":[{"embeddable":true,"href":"https:\/\/bordeauxgsef2025.org\/en\/wp-json\/wp\/v2\/comments?post=8255"}],"version-history":[{"count":18,"href":"https:\/\/bordeauxgsef2025.org\/en\/wp-json\/wp\/v2\/pages\/8255\/revisions"}],"predecessor-version":[{"id":8861,"href":"https:\/\/bordeauxgsef2025.org\/en\/wp-json\/wp\/v2\/pages\/8255\/revisions\/8861"}],"wp:attachment":[{"href":"https:\/\/bordeauxgsef2025.org\/en\/wp-json\/wp\/v2\/media?parent=8255"}],"curies":[{"name":"wp","href":"https:\/\/api.w.org\/{rel}","templated":true}]}}