{"id":5440,"date":"2025-04-29T12:50:57","date_gmt":"2025-04-29T10:50:57","guid":{"rendered":"https:\/\/bordeauxgsef2025.org\/?page_id=5440"},"modified":"2025-09-29T16:17:27","modified_gmt":"2025-09-29T14:17:27","slug":"presentation-forum","status":"publish","type":"page","link":"https:\/\/bordeauxgsef2025.org\/en\/forum-bordeaux-2025\/presentation-forum\/","title":{"rendered":"Presentation"},"content":{"rendered":"<div style=\"height:20px\" aria-hidden=\"true\" class=\"wp-block-spacer\"><\/div>\n\n\n<div class=\"yoast-breadcrumbs\"><span><span><a href=\"https:\/\/bordeauxgsef2025.org\/en\/\">Home<\/a><\/span> \u00bb <span><a href=\"https:\/\/bordeauxgsef2025.org\/en\/forum-bordeaux-2025\/\">BORDEAUX 2025 Forum<\/a><\/span> \u00bb <span class=\"breadcrumb_last\" aria-current=\"page\"><strong>Presentation<\/strong><\/span><\/span><\/div>\n\n\n<div style=\"height:15px\" aria-hidden=\"true\" class=\"wp-block-spacer\"><\/div>\n\n\n\n<div class=\"wp-block-columns is-layout-flex wp-container-core-columns-is-layout-28f84493 wp-block-columns-is-layout-flex\">\n<div class=\"wp-block-column is-vertically-aligned-center has-text-color has-link-color wp-elements-3f558a67c0b2bc010504ed7b564b814c is-layout-flow wp-block-column-is-layout-flow\" style=\"color:#1e4b98;flex-basis:60%\">\n<h1 class=\"wp-block-heading has-large-font-size\"><strong><mark style=\"background-color:rgba(0, 0, 0, 0);color:#1e4b98\" class=\"has-inline-color\">Global SSE Forum<\/mark><br><mark style=\"background-color:rgba(0, 0, 0, 0);color:#009541\" class=\"has-inline-color\">Bordeaux<\/mark>&nbsp;<mark style=\"background-color:rgba(0, 0, 0, 0);color:#1e4b98\" class=\"has-inline-color\">GSEF<\/mark>&nbsp;<mark style=\"background-color:rgba(0, 0, 0, 0);color:#e4003e\" class=\"has-inline-color\">2025<\/mark><\/strong><\/h1>\n\n\n\n<p><strong>In the autumn of 2025, the Global Social and Solidarity Economy Forum will be held for the first time in France,<\/strong>&nbsp;following previous events held in Seoul, Montreal, Bilbao, Mexico City and Dakar.<\/p>\n\n\n\n<p><strong>This major biennial international event&nbsp;<\/strong>brings together all the\nstakeholders in the Social and Solidarity Economy ecosystem.<\/p>\n<\/div>\n\n\n\n<div class=\"wp-block-column is-layout-flow wp-block-column-is-layout-flow\" style=\"flex-basis:40%\">\n<figure class=\"wp-block-image size-large\"><img fetchpriority=\"high\" decoding=\"async\" width=\"1024\" height=\"742\" sizes=\"(max-width: 1024px) 100vw, 1024px\" src=\"https:\/\/bordeauxgsef2025.org\/wp-content\/uploads\/2024\/10\/gsef-bx-2025-icono2-1024x742-en.png\" alt=\"\" class=\"wp-image-1357\" srcset=\"https:\/\/bordeauxgsef2025.org\/wp-content\/uploads\/2024\/10\/gsef-bx-2025-icono2-1024x742-en.png 1024w, https:\/\/bordeauxgsef2025.org\/wp-content\/uploads\/2024\/10\/gsef-bx-2025-icono2-1024x742-en-300x217.png 300w, https:\/\/bordeauxgsef2025.org\/wp-content\/uploads\/2024\/10\/gsef-bx-2025-icono2-1024x742-en-768x557.png 768w, https:\/\/bordeauxgsef2025.org\/wp-content\/uploads\/2024\/10\/gsef-bx-2025-icono2-1024x742-en-18x12.png 18w\" \/><\/figure>\n<\/div>\n<\/div>\n\n\n\n<p><\/p>\n\n\n\n<div class=\"wp-block-columns bloc-blanc  has-white-background-color has-background is-layout-flex wp-container-core-columns-is-layout-28f84493 wp-block-columns-is-layout-flex\">\n<div class=\"wp-block-column is-layout-flow wp-block-column-is-layout-flow\">\n<h2 class=\"wp-block-heading\"><strong>Presentation of the Forum<\/strong><\/h2>\n\n\n\n<h3 class=\"wp-block-heading\"><strong>The objective<\/strong><\/h3>\n\n\n\n<p class=\"mid-space\">Pooling the visions and practices that can make the SSE the \u201cstandard that will regulate the economy of tomorrow\u201d, imposing the primacy of people and collective projects over capital and structuring an economy of proximity and the long term perspectives.<\/p>\n\n\n\n<p>As with every edition of the Global SSE Forum, Bordeaux GSEF 2025 aims to:<\/p>\n\n\n\n<ul class=\"wp-block-list\">\n<li><strong><mark style=\"background-color:rgba(0, 0, 0, 0);color:#1e4b98\" class=\"has-inline-color\">bring together<\/mark><\/strong>&nbsp;elected representatives and leaders from all over the world, along with international experts, development agencies, networks and stakeholders in the field who are committed to promoting economic models centred on people while respecting the environment. A final declaration sets out the political commitments and a roadmap for the next two years;<\/li>\n\n\n\n<li><strong><mark style=\"background-color:rgba(0, 0, 0, 0);color:#1e4b98\" class=\"has-inline-color\">encourage exchanges of experience and expertise<\/mark>&nbsp;<\/strong>implemented on all continents. The dense programme, co-constructed with the Scientific Committee and the contributions received, will reflect initiatives led by players committed to the SSE, using <a href=\"https:\/\/bordeauxgsef2025.org\/en\/forum-bordeaux-2025\/pre-programme\/#formats\" target=\"_blank\" rel=\"noreferrer noopener\">formats<\/a> that encourage perspective and cross-fertilisation.<\/li>\n<\/ul>\n\n\n\n<div style=\"height:2px\" aria-hidden=\"true\" class=\"wp-block-spacer\"><\/div>\n\n\n\n<h3 class=\"wp-block-heading\"><strong>A highlight on the international agenda<\/strong><\/h3>\n\n\n\n<p class=\"mid-space\"><strong><mark style=\"background-color:rgba(0, 0, 0, 0);color:#1e4b98\" class=\"has-inline-color\">The Global SSE Forum 2025<\/mark>&nbsp;<\/strong>is a key event on the road to achieving the sustainable development goals. With 5 years to go before the 2030 Agenda, <strong><mark style=\"background-color:rgba(0, 0, 0, 0);color:#1e4b98\" class=\"has-inline-color\">it will bring together civil society and local and regional authorities to get things moving, challenge decision-makers and speed up the just transition.<\/mark><\/strong>&nbsp;This meeting is also part of a dense and decisive global sequence, just a few days away from the World Social Forum in Doha (4-6 November 2025), which will bring together heads of state and government to accelerate the implementation of a new global social contract based on the reduction of poverty.<\/p>\n\n\n\n<p>In this context, Bordeaux GSEF 2025 will be a powerful reminder of the key role played by local governments and civil society in building sustainable, inclusive development rooted in the territories. This is a strategic moment to share concrete solutions, strengthen cooperation and make the voice of local players heard on a global scale. This is all the more crucial given the many threats facing the world today: wars, authoritarian regimes, economic disorder, hardening social relations, ecological disasters, disinformation, etc. The SSE is witnessing a new narrative that it is up to us all to write.<\/p>\n\n\n\n<div style=\"height:2px\" aria-hidden=\"true\" class=\"wp-block-spacer\"><\/div>\n\n\n\n<h3 class=\"wp-block-heading\"><strong>In the colours of SSE<\/strong><\/h3>\n\n\n\n<p class=\"mid-space\">In addition to the central site of the event, the Forum will extend over time and space, with a suggested tour route on the eve of the opening to enable visitors to get to know the SSE in their local area, as well as highlighting the SSE for the general public and mobilising hundreds of young people to make their voices heard and give voice to their initiatives.<\/p>\n\n\n\n<p>Open to the city, Bordeaux GSEF 2025 will be an opportunity to showcase the SSE in what it is and could be even more, present in everyone's daily life, serving the common good. Fertile gateways will also be offered to conventional economic players to promote responsible cooperation rooted locally.<\/p>\n\n\n\n<h4 class=\"wp-block-heading\"><strong><mark style=\"background-color:rgba(0, 0, 0, 0);color:#009541\" class=\"has-inline-color\">Bordeaux GSEF 2025, a lively, invigorating, welcoming and engaging Forum!<\/mark><\/strong><\/h4>\n\n\n\n<div style=\"height:15px\" aria-hidden=\"true\" class=\"wp-block-spacer\"><\/div>\n\n\n\n<div class=\"wp-block-columns is-layout-flex wp-container-core-columns-is-layout-347ecc58 wp-block-columns-is-layout-flex\" style=\"padding-top:0px;padding-right:0px;padding-bottom:0px;padding-left:0px\">\n<div class=\"wp-block-column is-layout-flow wp-block-column-is-layout-flow\" style=\"padding-top:0px;padding-right:0px;padding-bottom:0px;padding-left:0px;flex-basis:50%\">\n<h3 class=\"wp-block-heading\" id=\"nbsp-3-jours-de-forum-1-journee-de-parcours-territoriaux-proposes-la-veille-f8f96b87-400b-42b7-ab5d-9042807c1627\"><mark style=\"background-color:rgba(0, 0, 0, 0);color:#fdc700\" class=\"has-inline-color\"><strong>\u2713<\/strong><\/mark><strong>&nbsp; 3-day Forum<\/strong><br><strong>   <\/strong>+ 1 day of <a href=\"https:\/\/bordeauxgsef2025.org\/en\/parcours-territoriaux\/\"><strong>territorial pathways<\/strong><\/a> offered the day before<\/h3>\n\n\n\n<h3 class=\"wp-block-heading\" id=\"nbsp-4-000-participantes-attendues-venues-des-5-continents--d6f4aeab-e23b-4bf6-b0da-ee0241b6382b\"><mark style=\"background-color:rgba(0, 0, 0, 0);color:#fdc700\" class=\"has-inline-color\"><strong>\u2713<\/strong><\/mark><strong>&nbsp; 4 000 participants are expected from all 5 continents:<\/strong><\/h3>\n\n\n\n<p class=\"stick\">local and national governments, institutions, networks and SSE players<\/p>\n\n\n\n<h3 class=\"wp-block-heading\" id=\"nbsp-un-site-dedie-le-palais-2-latlantique-a-bordeauxlac-11ed8f7a-746b-49f7-9ce9-f5bc504ccbc0\"><strong><mark style=\"background-color:rgba(0, 0, 0, 0);color:#fdc700\" class=\"has-inline-color\">\u2713<\/mark>\u00a0<\/strong> <strong>one dedicated site:<\/strong> the <a href=\"https:\/\/bordeauxgsef2025.org\/en\/le-forum\/\" target=\"_blank\" rel=\"noreferrer noopener\">Palais 2 l\u2019Atlantique<\/a> \u00e0 Bordeaux-Lac<\/h3>\n\n\n\n<p class=\"stick\">a high-quality, recently-built infrastructure with great transport links, fully adapted to the format and constraints of the event will host the Forum.<\/p>\n\n\n\n<h4 class=\"wp-block-heading has-text-color has-link-color wp-elements-b99b12ccda3b6552e7d31037191c994f\" id=\"-un-site-en-centreville-au-bord-du-fleuve-le-hangarnbsp14-c7d1c484-bcfd-414b-847e-12e78951e40d\" style=\"color:#1e4b98\"><strong><mark style=\"background-color:rgba(0, 0, 0, 0);color:#fdc700\" class=\"has-inline-color\">+<\/mark> a city centre site on the banks of the river:<\/strong><br>    the <a href=\"#hangar14\">Hangar&nbsp;14<\/a><\/h4>\n\n\n\n<p class=\"stick\">with:<\/p>\n\n\n\n<ul class=\"wp-block-list list-no-space\">\n<li>an area for the general public entitled \u201cSSE, the economy that's good for us\u201d;<\/li>\n\n\n\n<li>meetings and discussions on regional cooperation with players in the conventional economy;<\/li>\n\n\n\n<li>a Bodega for refreshments and snacks;<\/li>\n\n\n\n<li>evenings at the Espace \u201cGaronne\u201d.<\/li>\n<\/ul>\n\n\n\n<p><\/p>\n\n\n\n<h4 class=\"wp-block-heading has-text-color has-link-color wp-elements-6f606cea5b54a44bd049618c71269094\" id=\"-un-lieu-qg-de-la-jeuness-la-cite-bleue-et-un-lieu-associe-chapito-ville-de-begles--1ccaa85f-f87b-4d00-a665-209e3ae5ed38\" style=\"color:#1e4b98\"><strong><mark style=\"background-color:rgba(0, 0, 0, 0);color:#fdc700\" class=\"has-inline-color\">+<\/mark> a <a href=\"https:\/\/bordeauxgsef2025.org\/en\/jeuness\/\">SSE Youth Hub<\/a> :<\/strong> la Cit\u00e9 Bleue.<\/h4>\n\n\n\n<h4 class=\"wp-block-heading\" id=\"des-concerts-des-soirees-festives-et-dautres-surprises-a-decouvrir--106f9ce2-3b33-4215-a9ad-7553c6fbe250\"><strong>Concerts, festive evenings... and lots more surprises to discover! <\/strong><\/h4>\n<\/div>\n\n\n\n<div class=\"wp-block-column is-vertically-aligned-center is-layout-flow wp-block-column-is-layout-flow\" style=\"flex-basis:45%\">\n<figure class=\"wp-block-image aligncenter size-full\"><img decoding=\"async\" width=\"543\" height=\"839\" sizes=\"(max-width: 543px) 100vw, 543px\" src=\"https:\/\/bordeauxgsef2025.org\/wp-content\/uploads\/2025\/04\/visuel-lieux-prepogramme-bx-gsef-2025.jpg\" alt=\"Lieux du forum\" class=\"wp-image-5563\" srcset=\"https:\/\/bordeauxgsef2025.org\/wp-content\/uploads\/2025\/04\/visuel-lieux-prepogramme-bx-gsef-2025.jpg 543w, https:\/\/bordeauxgsef2025.org\/wp-content\/uploads\/2025\/04\/visuel-lieux-prepogramme-bx-gsef-2025-194x300.jpg 194w, https:\/\/bordeauxgsef2025.org\/wp-content\/uploads\/2025\/04\/visuel-lieux-prepogramme-bx-gsef-2025-8x12.jpg 8w\" \/><\/figure>\n<\/div>\n<\/div>\n<\/div>\n<\/div>","protected":false},"excerpt":{"rendered":"<p>Le Forum mondial de l\u2019ESSBordeaux&nbsp;GSEF&nbsp;2025 \u00c0 l\u2019automne 2025, le Forum mondial de l\u2019\u00c9conomie Sociale et Solidaire est organis\u00e9 pour la premi\u00e8re fois en France,&nbsp;faisant suite aux \u00e9ditions de S\u00e9oul, Montr\u00e9al, Bilbao, Mexico et Dakar. Rendez-vous biennal international majeur,&nbsp;il rassemble l\u2019ensemble des parties prenantes de l\u2019\u00e9cosyst\u00e8me de l\u2019\u00c9conomie Sociale et Solidaire. Pr\u00e9sentation du Forum L&rsquo;objectif Mettre [&hellip;]<\/p>","protected":false},"author":1,"featured_media":0,"parent":2414,"menu_order":1,"comment_status":"closed","ping_status":"closed","template":"","meta":{"_acf_changed":false,"advgb_blocks_editor_width":"","advgb_blocks_columns_visual_guide":"","footnotes":""},"class_list":["post-5440","page","type-page","status-publish","hentry"],"acf":[],"yoast_head":"<!-- This site is optimized with the Yoast SEO plugin v26.5 - https:\/\/yoast.com\/wordpress\/plugins\/seo\/ -->\n<title>Pr\u00e9sentation &#8226; FORUM MONDIAL DE l&#039;\u00c9CONOMIE SOCIALE ET SOLIDAIRE<\/title>\n<meta name=\"robots\" content=\"index, follow, max-snippet:-1, max-image-preview:large, max-video-preview:-1\" \/>\n<link rel=\"canonical\" href=\"https:\/\/bordeauxgsef2025.org\/en\/forum-bordeaux-2025\/presentation-forum\/\" \/>\n<meta property=\"og:locale\" content=\"en_US\" \/>\n<meta property=\"og:type\" content=\"article\" \/>\n<meta property=\"og:title\" content=\"Pr\u00e9sentation &#8226; FORUM MONDIAL DE l&#039;\u00c9CONOMIE SOCIALE ET SOLIDAIRE\" \/>\n<meta property=\"og:description\" content=\"Le Forum mondial de l\u2019ESSBordeaux&nbsp;GSEF&nbsp;2025 \u00c0 l\u2019automne 2025, le Forum mondial de l\u2019\u00c9conomie Sociale et Solidaire est organis\u00e9 pour la premi\u00e8re fois en France,&nbsp;faisant suite aux \u00e9ditions de S\u00e9oul, Montr\u00e9al, Bilbao, Mexico et Dakar. Rendez-vous biennal international majeur,&nbsp;il rassemble l\u2019ensemble des parties prenantes de l\u2019\u00e9cosyst\u00e8me de l\u2019\u00c9conomie Sociale et Solidaire. Pr\u00e9sentation du Forum L&rsquo;objectif Mettre [&hellip;]\" \/>\n<meta property=\"og:url\" content=\"https:\/\/bordeauxgsef2025.org\/en\/forum-bordeaux-2025\/presentation-forum\/\" \/>\n<meta property=\"og:site_name\" content=\"FORUM MONDIAL DE l&#039;\u00c9CONOMIE SOCIALE ET SOLIDAIRE\" \/>\n<meta property=\"article:publisher\" content=\"https:\/\/www.facebook.com\/BordeauxGSEF2025\/\" \/>\n<meta property=\"article:modified_time\" content=\"2025-09-29T14:17:27+00:00\" \/>\n<meta property=\"og:image\" content=\"https:\/\/bordeauxgsef2025.org\/wp-content\/uploads\/2024\/10\/gsef-bx-2025-icono2.png\" \/>\n\t<meta property=\"og:image:width\" content=\"1098\" \/>\n\t<meta property=\"og:image:height\" content=\"796\" \/>\n\t<meta property=\"og:image:type\" content=\"image\/png\" \/>\n<meta name=\"twitter:card\" content=\"summary_large_image\" \/>\n<meta name=\"twitter:site\" content=\"@BdxGSEF2025\" \/>\n<script type=\"application\/ld+json\" class=\"yoast-schema-graph\">{\"@context\":\"https:\/\/schema.org\",\"@graph\":[{\"@type\":\"WebPage\",\"@id\":\"https:\/\/bordeauxgsef2025.org\/forum-bordeaux-2025\/presentation-forum\/\",\"url\":\"https:\/\/bordeauxgsef2025.org\/forum-bordeaux-2025\/presentation-forum\/\",\"name\":\"Pr\u00e9sentation &#8226; FORUM MONDIAL DE l&#039;\u00c9CONOMIE SOCIALE ET SOLIDAIRE\",\"isPartOf\":{\"@id\":\"https:\/\/bordeauxgsef2025.org\/#website\"},\"primaryImageOfPage\":{\"@id\":\"https:\/\/bordeauxgsef2025.org\/forum-bordeaux-2025\/presentation-forum\/#primaryimage\"},\"image\":{\"@id\":\"https:\/\/bordeauxgsef2025.org\/forum-bordeaux-2025\/presentation-forum\/#primaryimage\"},\"thumbnailUrl\":\"https:\/\/bordeauxgsef2025.org\/wp-content\/uploads\/2024\/10\/gsef-bx-2025-icono2-1024x742.png\",\"datePublished\":\"2025-04-29T10:50:57+00:00\",\"dateModified\":\"2025-09-29T14:17:27+00:00\",\"breadcrumb\":{\"@id\":\"https:\/\/bordeauxgsef2025.org\/forum-bordeaux-2025\/presentation-forum\/#breadcrumb\"},\"inLanguage\":\"en-US\",\"potentialAction\":[{\"@type\":\"ReadAction\",\"target\":[\"https:\/\/bordeauxgsef2025.org\/forum-bordeaux-2025\/presentation-forum\/\"]}]},{\"@type\":\"ImageObject\",\"inLanguage\":\"en-US\",\"@id\":\"https:\/\/bordeauxgsef2025.org\/forum-bordeaux-2025\/presentation-forum\/#primaryimage\",\"url\":\"https:\/\/bordeauxgsef2025.org\/wp-content\/uploads\/2024\/10\/gsef-bx-2025-icono2-1024x742.png\",\"contentUrl\":\"https:\/\/bordeauxgsef2025.org\/wp-content\/uploads\/2024\/10\/gsef-bx-2025-icono2-1024x742.png\"},{\"@type\":\"BreadcrumbList\",\"@id\":\"https:\/\/bordeauxgsef2025.org\/forum-bordeaux-2025\/presentation-forum\/#breadcrumb\",\"itemListElement\":[{\"@type\":\"ListItem\",\"position\":1,\"name\":\"Accueil\",\"item\":\"https:\/\/bordeauxgsef2025.org\/\"},{\"@type\":\"ListItem\",\"position\":2,\"name\":\"Forum BORDEAUX 2025\",\"item\":\"https:\/\/bordeauxgsef2025.org\/forum-bordeaux-2025\/\"},{\"@type\":\"ListItem\",\"position\":3,\"name\":\"Pr\u00e9sentation\"}]},{\"@type\":\"WebSite\",\"@id\":\"https:\/\/bordeauxgsef2025.org\/#website\",\"url\":\"https:\/\/bordeauxgsef2025.org\/\",\"name\":\"FORUM MONDIAL DE l'\u00c9CONOMIE SOCIALE ET SOLIDAIRE\",\"description\":\"Bordeaux 29 30 31 Octobre 2025\",\"publisher\":{\"@id\":\"https:\/\/bordeauxgsef2025.org\/#organization\"},\"alternateName\":\"BORDEAUX GSEF 225\",\"potentialAction\":[{\"@type\":\"SearchAction\",\"target\":{\"@type\":\"EntryPoint\",\"urlTemplate\":\"https:\/\/bordeauxgsef2025.org\/?s={search_term_string}\"},\"query-input\":{\"@type\":\"PropertyValueSpecification\",\"valueRequired\":true,\"valueName\":\"search_term_string\"}}],\"inLanguage\":\"en-US\"},{\"@type\":\"Organization\",\"@id\":\"https:\/\/bordeauxgsef2025.org\/#organization\",\"name\":\"FORUM MONDIAL DE l'\u00c9CONOMIE SOCIALE ET SOLIDAIRE\",\"alternateName\":\"Bordeaux Gsef 2025\",\"url\":\"https:\/\/bordeauxgsef2025.org\/\",\"logo\":{\"@type\":\"ImageObject\",\"inLanguage\":\"en-US\",\"@id\":\"https:\/\/bordeauxgsef2025.org\/#\/schema\/logo\/image\/\",\"url\":\"https:\/\/bordeauxgsef2025.org\/wp-content\/uploads\/2024\/10\/logo-carre-gsef2025.png\",\"contentUrl\":\"https:\/\/bordeauxgsef2025.org\/wp-content\/uploads\/2024\/10\/logo-carre-gsef2025.png\",\"width\":800,\"height\":800,\"caption\":\"FORUM MONDIAL DE l'\u00c9CONOMIE SOCIALE ET SOLIDAIRE\"},\"image\":{\"@id\":\"https:\/\/bordeauxgsef2025.org\/#\/schema\/logo\/image\/\"},\"sameAs\":[\"https:\/\/www.facebook.com\/BordeauxGSEF2025\/\",\"https:\/\/x.com\/BdxGSEF2025\",\"https:\/\/www.linkedin.com\/company\/bordeaux-gsef-2025\/\",\"https:\/\/www.instagram.com\/bordeaux_gsef2025\/\"]}]}<\/script>\n<!-- \/ Yoast SEO plugin. -->","yoast_head_json":{"title":"Pr\u00e9sentation &#8226; FORUM MONDIAL DE l&#039;\u00c9CONOMIE SOCIALE ET SOLIDAIRE","robots":{"index":"index","follow":"follow","max-snippet":"max-snippet:-1","max-image-preview":"max-image-preview:large","max-video-preview":"max-video-preview:-1"},"canonical":"https:\/\/bordeauxgsef2025.org\/en\/forum-bordeaux-2025\/presentation-forum\/","og_locale":"en_US","og_type":"article","og_title":"Pr\u00e9sentation &#8226; FORUM MONDIAL DE l&#039;\u00c9CONOMIE SOCIALE ET SOLIDAIRE","og_description":"Le Forum mondial de l\u2019ESSBordeaux&nbsp;GSEF&nbsp;2025 \u00c0 l\u2019automne 2025, le Forum mondial de l\u2019\u00c9conomie Sociale et Solidaire est organis\u00e9 pour la premi\u00e8re fois en France,&nbsp;faisant suite aux \u00e9ditions de S\u00e9oul, Montr\u00e9al, Bilbao, Mexico et Dakar. Rendez-vous biennal international majeur,&nbsp;il rassemble l\u2019ensemble des parties prenantes de l\u2019\u00e9cosyst\u00e8me de l\u2019\u00c9conomie Sociale et Solidaire. Pr\u00e9sentation du Forum L&rsquo;objectif Mettre [&hellip;]","og_url":"https:\/\/bordeauxgsef2025.org\/en\/forum-bordeaux-2025\/presentation-forum\/","og_site_name":"FORUM MONDIAL DE l&#039;\u00c9CONOMIE SOCIALE ET SOLIDAIRE","article_publisher":"https:\/\/www.facebook.com\/BordeauxGSEF2025\/","article_modified_time":"2025-09-29T14:17:27+00:00","og_image":[{"width":1098,"height":796,"url":"https:\/\/bordeauxgsef2025.org\/wp-content\/uploads\/2024\/10\/gsef-bx-2025-icono2.png","type":"image\/png"}],"twitter_card":"summary_large_image","twitter_site":"@BdxGSEF2025","schema":{"@context":"https:\/\/schema.org","@graph":[{"@type":"WebPage","@id":"https:\/\/bordeauxgsef2025.org\/forum-bordeaux-2025\/presentation-forum\/","url":"https:\/\/bordeauxgsef2025.org\/forum-bordeaux-2025\/presentation-forum\/","name":"Pr\u00e9sentation &#8226; FORUM MONDIAL DE l&#039;\u00c9CONOMIE SOCIALE ET SOLIDAIRE","isPartOf":{"@id":"https:\/\/bordeauxgsef2025.org\/#website"},"primaryImageOfPage":{"@id":"https:\/\/bordeauxgsef2025.org\/forum-bordeaux-2025\/presentation-forum\/#primaryimage"},"image":{"@id":"https:\/\/bordeauxgsef2025.org\/forum-bordeaux-2025\/presentation-forum\/#primaryimage"},"thumbnailUrl":"https:\/\/bordeauxgsef2025.org\/wp-content\/uploads\/2024\/10\/gsef-bx-2025-icono2-1024x742.png","datePublished":"2025-04-29T10:50:57+00:00","dateModified":"2025-09-29T14:17:27+00:00","breadcrumb":{"@id":"https:\/\/bordeauxgsef2025.org\/forum-bordeaux-2025\/presentation-forum\/#breadcrumb"},"inLanguage":"en-US","potentialAction":[{"@type":"ReadAction","target":["https:\/\/bordeauxgsef2025.org\/forum-bordeaux-2025\/presentation-forum\/"]}]},{"@type":"ImageObject","inLanguage":"en-US","@id":"https:\/\/bordeauxgsef2025.org\/forum-bordeaux-2025\/presentation-forum\/#primaryimage","url":"https:\/\/bordeauxgsef2025.org\/wp-content\/uploads\/2024\/10\/gsef-bx-2025-icono2-1024x742.png","contentUrl":"https:\/\/bordeauxgsef2025.org\/wp-content\/uploads\/2024\/10\/gsef-bx-2025-icono2-1024x742.png"},{"@type":"BreadcrumbList","@id":"https:\/\/bordeauxgsef2025.org\/forum-bordeaux-2025\/presentation-forum\/#breadcrumb","itemListElement":[{"@type":"ListItem","position":1,"name":"Accueil","item":"https:\/\/bordeauxgsef2025.org\/"},{"@type":"ListItem","position":2,"name":"Forum BORDEAUX 2025","item":"https:\/\/bordeauxgsef2025.org\/forum-bordeaux-2025\/"},{"@type":"ListItem","position":3,"name":"Pr\u00e9sentation"}]},{"@type":"WebSite","@id":"https:\/\/bordeauxgsef2025.org\/#website","url":"https:\/\/bordeauxgsef2025.org\/","name":"FORUM MONDIAL DE l'\u00c9CONOMIE SOCIALE ET SOLIDAIRE","description":"Bordeaux 29 30 31 Octobre 2025","publisher":{"@id":"https:\/\/bordeauxgsef2025.org\/#organization"},"alternateName":"BORDEAUX GSEF 225","potentialAction":[{"@type":"SearchAction","target":{"@type":"EntryPoint","urlTemplate":"https:\/\/bordeauxgsef2025.org\/?s={search_term_string}"},"query-input":{"@type":"PropertyValueSpecification","valueRequired":true,"valueName":"search_term_string"}}],"inLanguage":"en-US"},{"@type":"Organization","@id":"https:\/\/bordeauxgsef2025.org\/#organization","name":"FORUM MONDIAL DE l'\u00c9CONOMIE SOCIALE ET SOLIDAIRE","alternateName":"Bordeaux Gsef 2025","url":"https:\/\/bordeauxgsef2025.org\/","logo":{"@type":"ImageObject","inLanguage":"en-US","@id":"https:\/\/bordeauxgsef2025.org\/#\/schema\/logo\/image\/","url":"https:\/\/bordeauxgsef2025.org\/wp-content\/uploads\/2024\/10\/logo-carre-gsef2025.png","contentUrl":"https:\/\/bordeauxgsef2025.org\/wp-content\/uploads\/2024\/10\/logo-carre-gsef2025.png","width":800,"height":800,"caption":"FORUM MONDIAL DE l'\u00c9CONOMIE SOCIALE ET SOLIDAIRE"},"image":{"@id":"https:\/\/bordeauxgsef2025.org\/#\/schema\/logo\/image\/"},"sameAs":["https:\/\/www.facebook.com\/BordeauxGSEF2025\/","https:\/\/x.com\/BdxGSEF2025","https:\/\/www.linkedin.com\/company\/bordeaux-gsef-2025\/","https:\/\/www.instagram.com\/bordeaux_gsef2025\/"]}]}},"coauthors":[],"author_meta":{"author_link":"https:\/\/bordeauxgsef2025.org\/en\/author\/admin-ot\/","display_name":"admin-ot"},"relative_dates":{"created":"Posted 1 year ago","modified":"Updated 7 months ago"},"absolute_dates":{"created":"Posted on 29 April 2025","modified":"Updated on 29 September 2025"},"absolute_dates_time":{"created":"Posted on 29 April 2025 12h50","modified":"Updated on 29 September 2025 16h17"},"featured_img_caption":"","featured_img":false,"series_order":"","_links":{"self":[{"href":"https:\/\/bordeauxgsef2025.org\/en\/wp-json\/wp\/v2\/pages\/5440","targetHints":{"allow":["GET"]}}],"collection":[{"href":"https:\/\/bordeauxgsef2025.org\/en\/wp-json\/wp\/v2\/pages"}],"about":[{"href":"https:\/\/bordeauxgsef2025.org\/en\/wp-json\/wp\/v2\/types\/page"}],"author":[{"embeddable":true,"href":"https:\/\/bordeauxgsef2025.org\/en\/wp-json\/wp\/v2\/users\/1"}],"replies":[{"embeddable":true,"href":"https:\/\/bordeauxgsef2025.org\/en\/wp-json\/wp\/v2\/comments?post=5440"}],"version-history":[{"count":49,"href":"https:\/\/bordeauxgsef2025.org\/en\/wp-json\/wp\/v2\/pages\/5440\/revisions"}],"predecessor-version":[{"id":8380,"href":"https:\/\/bordeauxgsef2025.org\/en\/wp-json\/wp\/v2\/pages\/5440\/revisions\/8380"}],"up":[{"embeddable":true,"href":"https:\/\/bordeauxgsef2025.org\/en\/wp-json\/wp\/v2\/pages\/2414"}],"wp:attachment":[{"href":"https:\/\/bordeauxgsef2025.org\/en\/wp-json\/wp\/v2\/media?parent=5440"}],"curies":[{"name":"wp","href":"https:\/\/api.w.org\/{rel}","templated":true}]}}