{"id":498,"date":"2024-07-30T10:37:58","date_gmt":"2024-07-30T08:37:58","guid":{"rendered":"https:\/\/bordeauxgsef2025.org\/?page_id=498"},"modified":"2025-04-17T17:31:46","modified_gmt":"2025-04-17T15:31:46","slug":"mentions-legales","status":"publish","type":"page","link":"https:\/\/bordeauxgsef2025.org\/en\/mentions-legales\/","title":{"rendered":"Legal information"},"content":{"rendered":"<div style=\"height:30px\" aria-hidden=\"true\" class=\"wp-block-spacer\"><\/div>\n\n\n\n<h1 class=\"wp-block-heading has-text-align-center\"><strong>Legal information<\/strong><\/h1>\n\n\n\n<div style=\"height:30px\" aria-hidden=\"true\" class=\"wp-block-spacer\"><\/div>\n\n\n\n<h2 class=\"wp-block-heading\">Site editor and publication manager :<\/h2>\n\n\n\n<p>The bordeauxgsef2025 forum website is a website promoting the Bordeaux GSEF 2025 World SSE Forum.<\/p>\n\n\n\n<p><strong>Legal representative:<\/strong>&nbsp;Fabienne ORE-COURREGELONGUE - Deputy Director and Head of the Social and Solidarity Economy Department at Bordeaux City Council<\/p>\n\n\n\n<p><strong>Director of publication:<\/strong>&nbsp;Fabienne ORE-COURREGELONGUE - can be reached via the contact button on the home page<\/p>\n\n\n\n<div style=\"height:20px\" aria-hidden=\"true\" class=\"wp-block-spacer\"><\/div>\n\n\n\n<h2 class=\"wp-block-heading\">Graphic design &amp; development :<\/h2>\n\n\n\n<p><strong>AGENCE O TEMPORA<\/strong><\/p>\n\n\n\n<p>147 rue Naujac \u2013 33000 Bordeaux<br>RCS : Bordeaux B 379 597 693<br>N.I.I. : FR93379597693<br>APE : 7022 Z<\/p>\n\n\n\n<p>T\u00e9l : (+33)5 56 81 01 11<br>Email : agence[a]otempora.com<\/p>\n\n\n\n<div style=\"height:20px\" aria-hidden=\"true\" class=\"wp-block-spacer\"><\/div>\n\n\n\n<h2 class=\"wp-block-heading\">Hosting<\/h2>\n\n\n\n<p>OVH SAS RCS Lille M\u00e9tropole 424 761 419 00045<\/p>\n\n\n\n<p>Si\u00e8ge social : 2 rue Kellermann \u2013 BP 80157 \u2013 59053 ROUBAIX CEDEX 1<\/p>\n\n\n\n<div style=\"height:20px\" aria-hidden=\"true\" class=\"wp-block-spacer\"><\/div>\n\n\n\n<h2 class=\"wp-block-heading\">Conditions of access and use<\/h2>\n\n\n\n<p>The bordeauxgsef2025 forum website  <a href=\"https:\/\/bordeauxgsef2025.org\/en\/\">https:\/\/bordeauxgsef2025.org\/en<\/a> is available 24\/7.<\/p>\n\n\n\n<p>Access to and use of this site are subject to the laws applicable in France.<\/p>\n\n\n\n<p>The bordeauxgsef2025 forum organising team reserves the right to modify and update, without prior notice, these conditions and all the elements presented on this site<\/p>","protected":false},"excerpt":{"rendered":"<p>Mentions l\u00e9gales \u00c9diteur du site et responsable de la publication : Le site du forum bordeauxgsef2025 est un site promouvant le Forum mondial de l\u2019ESS Bordeaux GSEF 2025. Repr\u00e9sentant l\u00e9gal :&nbsp;Fabienne ORE-COURREGELONGUE &#8211; Directrice adjointe et cheffe de service Economie sociale et solidaire \u00e0 la Mairie de Bordeaux Directeur de la publication :&nbsp;Fabienne ORE-COURREGELONGUE &#8211; [&hellip;]<\/p>","protected":false},"author":1,"featured_media":0,"parent":0,"menu_order":0,"comment_status":"closed","ping_status":"closed","template":"","meta":{"_acf_changed":false,"advgb_blocks_editor_width":"","advgb_blocks_columns_visual_guide":"","footnotes":""},"class_list":["post-498","page","type-page","status-publish","hentry"],"acf":[],"yoast_head":"<!-- This site is optimized with the Yoast SEO plugin v26.5 - https:\/\/yoast.com\/wordpress\/plugins\/seo\/ -->\n<title>Mentions l\u00e9gales &#8226; FORUM MONDIAL DE l&#039;\u00c9CONOMIE SOCIALE ET SOLIDAIRE<\/title>\n<meta name=\"robots\" content=\"index, follow, max-snippet:-1, max-image-preview:large, max-video-preview:-1\" \/>\n<link rel=\"canonical\" href=\"https:\/\/bordeauxgsef2025.org\/en\/mentions-legales\/\" \/>\n<meta property=\"og:locale\" content=\"en_US\" \/>\n<meta property=\"og:type\" content=\"article\" \/>\n<meta property=\"og:title\" content=\"Mentions l\u00e9gales &#8226; FORUM MONDIAL DE l&#039;\u00c9CONOMIE SOCIALE ET SOLIDAIRE\" \/>\n<meta property=\"og:description\" content=\"Mentions l\u00e9gales \u00c9diteur du site et responsable de la publication : Le site du forum bordeauxgsef2025 est un site promouvant le Forum mondial de l\u2019ESS Bordeaux GSEF 2025. Repr\u00e9sentant l\u00e9gal :&nbsp;Fabienne ORE-COURREGELONGUE &#8211; Directrice adjointe et cheffe de service Economie sociale et solidaire \u00e0 la Mairie de Bordeaux Directeur de la publication :&nbsp;Fabienne ORE-COURREGELONGUE &#8211; [&hellip;]\" \/>\n<meta property=\"og:url\" content=\"https:\/\/bordeauxgsef2025.org\/en\/mentions-legales\/\" \/>\n<meta property=\"og:site_name\" content=\"FORUM MONDIAL DE l&#039;\u00c9CONOMIE SOCIALE ET SOLIDAIRE\" \/>\n<meta property=\"article:publisher\" content=\"https:\/\/www.facebook.com\/BordeauxGSEF2025\/\" \/>\n<meta property=\"article:modified_time\" content=\"2025-04-17T15:31:46+00:00\" \/>\n<meta property=\"og:image\" content=\"https:\/\/bordeauxgsef2025.org\/wp-content\/uploads\/2024\/10\/YOAST-SEO-GSEF.png\" \/>\n\t<meta property=\"og:image:width\" content=\"1200\" \/>\n\t<meta property=\"og:image:height\" content=\"675\" \/>\n\t<meta property=\"og:image:type\" content=\"image\/png\" \/>\n<meta name=\"twitter:card\" content=\"summary_large_image\" \/>\n<meta name=\"twitter:site\" content=\"@BdxGSEF2025\" \/>\n<script type=\"application\/ld+json\" class=\"yoast-schema-graph\">{\"@context\":\"https:\/\/schema.org\",\"@graph\":[{\"@type\":\"WebPage\",\"@id\":\"https:\/\/bordeauxgsef2025.org\/mentions-legales\/\",\"url\":\"https:\/\/bordeauxgsef2025.org\/mentions-legales\/\",\"name\":\"Mentions l\u00e9gales &#8226; FORUM MONDIAL DE l&#039;\u00c9CONOMIE SOCIALE ET SOLIDAIRE\",\"isPartOf\":{\"@id\":\"https:\/\/bordeauxgsef2025.org\/#website\"},\"datePublished\":\"2024-07-30T08:37:58+00:00\",\"dateModified\":\"2025-04-17T15:31:46+00:00\",\"breadcrumb\":{\"@id\":\"https:\/\/bordeauxgsef2025.org\/mentions-legales\/#breadcrumb\"},\"inLanguage\":\"en-US\",\"potentialAction\":[{\"@type\":\"ReadAction\",\"target\":[\"https:\/\/bordeauxgsef2025.org\/mentions-legales\/\"]}]},{\"@type\":\"BreadcrumbList\",\"@id\":\"https:\/\/bordeauxgsef2025.org\/mentions-legales\/#breadcrumb\",\"itemListElement\":[{\"@type\":\"ListItem\",\"position\":1,\"name\":\"Accueil\",\"item\":\"https:\/\/bordeauxgsef2025.org\/\"},{\"@type\":\"ListItem\",\"position\":2,\"name\":\"Mentions l\u00e9gales\"}]},{\"@type\":\"WebSite\",\"@id\":\"https:\/\/bordeauxgsef2025.org\/#website\",\"url\":\"https:\/\/bordeauxgsef2025.org\/\",\"name\":\"FORUM MONDIAL DE l'\u00c9CONOMIE SOCIALE ET SOLIDAIRE\",\"description\":\"Bordeaux 29 30 31 Octobre 2025\",\"publisher\":{\"@id\":\"https:\/\/bordeauxgsef2025.org\/#organization\"},\"alternateName\":\"BORDEAUX GSEF 225\",\"potentialAction\":[{\"@type\":\"SearchAction\",\"target\":{\"@type\":\"EntryPoint\",\"urlTemplate\":\"https:\/\/bordeauxgsef2025.org\/?s={search_term_string}\"},\"query-input\":{\"@type\":\"PropertyValueSpecification\",\"valueRequired\":true,\"valueName\":\"search_term_string\"}}],\"inLanguage\":\"en-US\"},{\"@type\":\"Organization\",\"@id\":\"https:\/\/bordeauxgsef2025.org\/#organization\",\"name\":\"FORUM MONDIAL DE l'\u00c9CONOMIE SOCIALE ET SOLIDAIRE\",\"alternateName\":\"Bordeaux Gsef 2025\",\"url\":\"https:\/\/bordeauxgsef2025.org\/\",\"logo\":{\"@type\":\"ImageObject\",\"inLanguage\":\"en-US\",\"@id\":\"https:\/\/bordeauxgsef2025.org\/#\/schema\/logo\/image\/\",\"url\":\"https:\/\/bordeauxgsef2025.org\/wp-content\/uploads\/2024\/10\/logo-carre-gsef2025.png\",\"contentUrl\":\"https:\/\/bordeauxgsef2025.org\/wp-content\/uploads\/2024\/10\/logo-carre-gsef2025.png\",\"width\":800,\"height\":800,\"caption\":\"FORUM MONDIAL DE l'\u00c9CONOMIE SOCIALE ET SOLIDAIRE\"},\"image\":{\"@id\":\"https:\/\/bordeauxgsef2025.org\/#\/schema\/logo\/image\/\"},\"sameAs\":[\"https:\/\/www.facebook.com\/BordeauxGSEF2025\/\",\"https:\/\/x.com\/BdxGSEF2025\",\"https:\/\/www.linkedin.com\/company\/bordeaux-gsef-2025\/\",\"https:\/\/www.instagram.com\/bordeaux_gsef2025\/\"]}]}<\/script>\n<!-- \/ Yoast SEO plugin. -->","yoast_head_json":{"title":"Mentions l\u00e9gales &#8226; FORUM MONDIAL DE l&#039;\u00c9CONOMIE SOCIALE ET SOLIDAIRE","robots":{"index":"index","follow":"follow","max-snippet":"max-snippet:-1","max-image-preview":"max-image-preview:large","max-video-preview":"max-video-preview:-1"},"canonical":"https:\/\/bordeauxgsef2025.org\/en\/mentions-legales\/","og_locale":"en_US","og_type":"article","og_title":"Mentions l\u00e9gales &#8226; FORUM MONDIAL DE l&#039;\u00c9CONOMIE SOCIALE ET SOLIDAIRE","og_description":"Mentions l\u00e9gales \u00c9diteur du site et responsable de la publication : Le site du forum bordeauxgsef2025 est un site promouvant le Forum mondial de l\u2019ESS Bordeaux GSEF 2025. Repr\u00e9sentant l\u00e9gal :&nbsp;Fabienne ORE-COURREGELONGUE &#8211; Directrice adjointe et cheffe de service Economie sociale et solidaire \u00e0 la Mairie de Bordeaux Directeur de la publication :&nbsp;Fabienne ORE-COURREGELONGUE &#8211; [&hellip;]","og_url":"https:\/\/bordeauxgsef2025.org\/en\/mentions-legales\/","og_site_name":"FORUM MONDIAL DE l&#039;\u00c9CONOMIE SOCIALE ET SOLIDAIRE","article_publisher":"https:\/\/www.facebook.com\/BordeauxGSEF2025\/","article_modified_time":"2025-04-17T15:31:46+00:00","og_image":[{"width":1200,"height":675,"url":"https:\/\/bordeauxgsef2025.org\/wp-content\/uploads\/2024\/10\/YOAST-SEO-GSEF.png","type":"image\/png"}],"twitter_card":"summary_large_image","twitter_site":"@BdxGSEF2025","schema":{"@context":"https:\/\/schema.org","@graph":[{"@type":"WebPage","@id":"https:\/\/bordeauxgsef2025.org\/mentions-legales\/","url":"https:\/\/bordeauxgsef2025.org\/mentions-legales\/","name":"Mentions l\u00e9gales &#8226; FORUM MONDIAL DE l&#039;\u00c9CONOMIE SOCIALE ET SOLIDAIRE","isPartOf":{"@id":"https:\/\/bordeauxgsef2025.org\/#website"},"datePublished":"2024-07-30T08:37:58+00:00","dateModified":"2025-04-17T15:31:46+00:00","breadcrumb":{"@id":"https:\/\/bordeauxgsef2025.org\/mentions-legales\/#breadcrumb"},"inLanguage":"en-US","potentialAction":[{"@type":"ReadAction","target":["https:\/\/bordeauxgsef2025.org\/mentions-legales\/"]}]},{"@type":"BreadcrumbList","@id":"https:\/\/bordeauxgsef2025.org\/mentions-legales\/#breadcrumb","itemListElement":[{"@type":"ListItem","position":1,"name":"Accueil","item":"https:\/\/bordeauxgsef2025.org\/"},{"@type":"ListItem","position":2,"name":"Mentions l\u00e9gales"}]},{"@type":"WebSite","@id":"https:\/\/bordeauxgsef2025.org\/#website","url":"https:\/\/bordeauxgsef2025.org\/","name":"FORUM MONDIAL DE l'\u00c9CONOMIE SOCIALE ET SOLIDAIRE","description":"Bordeaux 29 30 31 Octobre 2025","publisher":{"@id":"https:\/\/bordeauxgsef2025.org\/#organization"},"alternateName":"BORDEAUX GSEF 225","potentialAction":[{"@type":"SearchAction","target":{"@type":"EntryPoint","urlTemplate":"https:\/\/bordeauxgsef2025.org\/?s={search_term_string}"},"query-input":{"@type":"PropertyValueSpecification","valueRequired":true,"valueName":"search_term_string"}}],"inLanguage":"en-US"},{"@type":"Organization","@id":"https:\/\/bordeauxgsef2025.org\/#organization","name":"FORUM MONDIAL DE l'\u00c9CONOMIE SOCIALE ET SOLIDAIRE","alternateName":"Bordeaux Gsef 2025","url":"https:\/\/bordeauxgsef2025.org\/","logo":{"@type":"ImageObject","inLanguage":"en-US","@id":"https:\/\/bordeauxgsef2025.org\/#\/schema\/logo\/image\/","url":"https:\/\/bordeauxgsef2025.org\/wp-content\/uploads\/2024\/10\/logo-carre-gsef2025.png","contentUrl":"https:\/\/bordeauxgsef2025.org\/wp-content\/uploads\/2024\/10\/logo-carre-gsef2025.png","width":800,"height":800,"caption":"FORUM MONDIAL DE l'\u00c9CONOMIE SOCIALE ET SOLIDAIRE"},"image":{"@id":"https:\/\/bordeauxgsef2025.org\/#\/schema\/logo\/image\/"},"sameAs":["https:\/\/www.facebook.com\/BordeauxGSEF2025\/","https:\/\/x.com\/BdxGSEF2025","https:\/\/www.linkedin.com\/company\/bordeaux-gsef-2025\/","https:\/\/www.instagram.com\/bordeaux_gsef2025\/"]}]}},"coauthors":[],"author_meta":{"author_link":"https:\/\/bordeauxgsef2025.org\/en\/author\/admin-ot\/","display_name":"admin-ot"},"relative_dates":{"created":"Posted 2 years ago","modified":"Updated 12 months ago"},"absolute_dates":{"created":"Posted on 30 July 2024","modified":"Updated on 17 April 2025"},"absolute_dates_time":{"created":"Posted on 30 July 2024 10h37","modified":"Updated on 17 April 2025 17h31"},"featured_img_caption":"","featured_img":false,"series_order":"","_links":{"self":[{"href":"https:\/\/bordeauxgsef2025.org\/en\/wp-json\/wp\/v2\/pages\/498","targetHints":{"allow":["GET"]}}],"collection":[{"href":"https:\/\/bordeauxgsef2025.org\/en\/wp-json\/wp\/v2\/pages"}],"about":[{"href":"https:\/\/bordeauxgsef2025.org\/en\/wp-json\/wp\/v2\/types\/page"}],"author":[{"embeddable":true,"href":"https:\/\/bordeauxgsef2025.org\/en\/wp-json\/wp\/v2\/users\/1"}],"replies":[{"embeddable":true,"href":"https:\/\/bordeauxgsef2025.org\/en\/wp-json\/wp\/v2\/comments?post=498"}],"version-history":[{"count":9,"href":"https:\/\/bordeauxgsef2025.org\/en\/wp-json\/wp\/v2\/pages\/498\/revisions"}],"predecessor-version":[{"id":4727,"href":"https:\/\/bordeauxgsef2025.org\/en\/wp-json\/wp\/v2\/pages\/498\/revisions\/4727"}],"wp:attachment":[{"href":"https:\/\/bordeauxgsef2025.org\/en\/wp-json\/wp\/v2\/media?parent=498"}],"curies":[{"name":"wp","href":"https:\/\/api.w.org\/{rel}","templated":true}]}}