{"id":4721,"date":"2025-04-17T17:06:07","date_gmt":"2025-04-17T15:06:07","guid":{"rendered":"https:\/\/bordeauxgsef2025.org\/?page_id=4721"},"modified":"2025-09-29T10:54:46","modified_gmt":"2025-09-29T08:54:46","slug":"jeuness","status":"publish","type":"page","link":"https:\/\/bordeauxgsef2025.org\/en\/jeuness\/","title":{"rendered":"Jeun&rsquo;ESS"},"content":{"rendered":"<div class=\"yoast-breadcrumbs\"><span><span><a href=\"https:\/\/bordeauxgsef2025.org\/en\/\">Home<\/a><\/span> \u00bb <span class=\"breadcrumb_last\" aria-current=\"page\"><strong>Jeun&rsquo;ESS<\/strong><\/span><\/span><\/div>\n\n\n<div style=\"height:20px\" aria-hidden=\"true\" class=\"wp-block-spacer\"><\/div>\n\n\n\n<h1 class=\"wp-block-heading\"><strong>Youth &amp; SSE<\/strong><\/h1>\n\n\n\n<p class=\"has-text-color has-link-color wp-elements-60fd995613c569eb2f1c17a5db89f8df\" style=\"color:#1e4b98\"><strong>Since its creation in 2013, the GSEF has always recognised the importance of involving young people in the Social and Solidarity Economy (SSE)<\/strong>.<br>Through international events, committed advocacy and structured continental dynamics, the GSEF highlights the central role of young people in social, economic and environmental transitions.<\/p>\n\n\n\n<div style=\"height:20px\" aria-hidden=\"true\" class=\"wp-block-spacer\"><\/div>\n\n\n\n\n\n\n\n<div class=\"wp-block-columns bloc-blanc  has-white-background-color has-background is-layout-flex wp-container-core-columns-is-layout-28f84493 wp-block-columns-is-layout-flex\">\n<div class=\"wp-block-column is-vertically-aligned-stretch is-layout-flow wp-block-column-is-layout-flow\" style=\"flex-basis:100%\">\n<div class=\"wp-block-group is-content-justification-left is-nowrap is-layout-flex wp-container-core-group-is-layout-fc9f69e7 wp-block-group-is-layout-flex\">\n<div class=\"wp-block-columns has-white-background-color has-background is-layout-flex wp-container-core-columns-is-layout-c6bc58be wp-block-columns-is-layout-flex\" style=\"padding-top:0px;padding-right:0px;padding-bottom:0px;padding-left:0px\">\n<div class=\"wp-block-column is-layout-flow wp-block-column-is-layout-flow\" style=\"flex-basis:20%\">\n<figure class=\"wp-block-gallery has-nested-images columns-default is-cropped wp-block-gallery-3 is-layout-flex wp-block-gallery-is-layout-flex\">\n<figure class=\"wp-block-image size-full\"><img fetchpriority=\"high\" decoding=\"async\" width=\"458\" height=\"459\" sizes=\"(max-width: 458px) 100vw, 458px\" data-id=\"4945\" src=\"https:\/\/bordeauxgsef2025.org\/wp-content\/uploads\/2025\/04\/badge-anglais.png\" alt=\"\" class=\"wp-image-4945\" srcset=\"https:\/\/bordeauxgsef2025.org\/wp-content\/uploads\/2025\/04\/badge-anglais.png 458w, https:\/\/bordeauxgsef2025.org\/wp-content\/uploads\/2025\/04\/badge-anglais-300x300.png 300w, https:\/\/bordeauxgsef2025.org\/wp-content\/uploads\/2025\/04\/badge-anglais-150x150.png 150w, https:\/\/bordeauxgsef2025.org\/wp-content\/uploads\/2025\/04\/badge-anglais-12x12.png 12w\" \/><\/figure>\n<\/figure>\n<\/div>\n\n\n\n<div class=\"wp-block-column is-vertically-aligned-center is-layout-flow wp-block-column-is-layout-flow\" style=\"flex-basis:90%\">\n<h2 class=\"wp-block-heading has-text-align-left\" id=\"le-pole-jeuness-ec0a6b09-e5d4-40f8-8d8a-2d5132f13c91\"><strong>SSE Youth Hub<\/strong><\/h2>\n\n\n\n<p><mark style=\"background-color:rgba(0, 0, 0, 0)\" class=\"has-inline-color has-black-color\">At the General Assembly of the GSEF2023 in Dakar, the creation of the SSE Youth Hub was voted to recognize <\/mark><br><mark style=\"background-color:rgba(0, 0, 0, 0)\" class=\"has-inline-color has-black-color\">young people as key players in changing the scale of the SSE. <\/mark><\/p>\n\n\n\n<p><strong><mark style=\"background-color:rgba(0, 0, 0, 0);color:#1e4b98\" class=\"has-inline-color\">It has three main areas of activity:<\/mark><\/strong><\/p>\n\n\n\n<ul class=\"wp-block-list\">\n<li><strong>Sensitization<\/strong> : promoting the values of the SSE among young people; <\/li>\n\n\n\n<li><strong>Advocacy<\/strong> : enhancing the role of young people as actors in just transitions;<\/li>\n\n\n\n<li><strong>Support<\/strong> : supporting young people's projects via platforms, incubators and cooperatives.<\/li>\n<\/ul>\n<\/div>\n<\/div>\n<\/div>\n\n\n\n<div class=\"wp-block-columns are-vertically-aligned-top is-layout-flex wp-container-core-columns-is-layout-08d8865c wp-block-columns-is-layout-flex\" style=\"padding-top:40px;padding-right:40px;padding-bottom:40px;padding-left:40px\">\n<div class=\"wp-block-column is-vertically-aligned-top is-layout-flow wp-block-column-is-layout-flow\">\n<p>The SSE Youth Hub is based on a decentralized approach with <strong>five complementary continental dynamics<\/strong>, driven by continental co-pilots and regular meetings.<\/p>\n\n\n\n<div class=\"wp-block-group is-vertical is-content-justification-left is-layout-flex wp-container-core-group-is-layout-b21d21b4 wp-block-group-is-layout-flex\">\n<div class=\"wp-block-group is-nowrap is-layout-flex wp-container-core-group-is-layout-6c531013 wp-block-group-is-layout-flex\">\n<figure class=\"wp-block-image size-full is-resized\"><img decoding=\"async\" width=\"410\" height=\"178\" sizes=\"(max-width: 410px) 100vw, 410px\" src=\"https:\/\/bordeauxgsef2025.org\/wp-content\/uploads\/2025\/04\/Capture-decran-2025-04-18-a-14.21.40.png\" alt=\"\" class=\"wp-image-4795\" style=\"width:113px\" srcset=\"https:\/\/bordeauxgsef2025.org\/wp-content\/uploads\/2025\/04\/Capture-decran-2025-04-18-a-14.21.40.png 410w, https:\/\/bordeauxgsef2025.org\/wp-content\/uploads\/2025\/04\/Capture-decran-2025-04-18-a-14.21.40-300x130.png 300w, https:\/\/bordeauxgsef2025.org\/wp-content\/uploads\/2025\/04\/Capture-decran-2025-04-18-a-14.21.40-18x8.png 18w\" \/><\/figure>\n\n\n\n<p><strong><mark style=\"background-color:rgba(0, 0, 0, 0);color:#009541\" class=\"has-inline-color\">Africa<\/mark><\/strong> :<br>ABEWE (Ivory Coast)<\/p>\n<\/div>\n<\/div>\n\n\n\n<div class=\"wp-block-group is-vertical is-content-justification-left is-layout-flex wp-container-core-group-is-layout-b21d21b4 wp-block-group-is-layout-flex\">\n<div class=\"wp-block-group is-nowrap is-layout-flex wp-container-core-group-is-layout-6c531013 wp-block-group-is-layout-flex\">\n<figure class=\"wp-block-image size-full is-resized\"><img decoding=\"async\" width=\"629\" height=\"195\" sizes=\"(max-width: 629px) 100vw, 629px\" src=\"https:\/\/bordeauxgsef2025.org\/wp-content\/uploads\/2025\/04\/Capture-decran-2025-04-18-a-14.21.51.png\" alt=\"\" class=\"wp-image-4796\" style=\"width:113px\" srcset=\"https:\/\/bordeauxgsef2025.org\/wp-content\/uploads\/2025\/04\/Capture-decran-2025-04-18-a-14.21.51.png 629w, https:\/\/bordeauxgsef2025.org\/wp-content\/uploads\/2025\/04\/Capture-decran-2025-04-18-a-14.21.51-300x93.png 300w, https:\/\/bordeauxgsef2025.org\/wp-content\/uploads\/2025\/04\/Capture-decran-2025-04-18-a-14.21.51-18x6.png 18w\" \/><\/figure>\n\n\n\n<p class=\"has-text-align-left\"><strong><mark style=\"background-color:rgba(0, 0, 0, 0);color:#009541\" class=\"has-inline-color\">North America<\/mark><\/strong> : <br>Aile Jeunesse du Chantier de l\u2019Economie Sociale (Quebec)<\/p>\n<\/div>\n<\/div>\n\n\n\n<div class=\"wp-block-group is-vertical is-content-justification-left is-layout-flex wp-container-core-group-is-layout-b21d21b4 wp-block-group-is-layout-flex\">\n<div class=\"wp-block-group is-nowrap is-layout-flex wp-container-core-group-is-layout-6c531013 wp-block-group-is-layout-flex\">\n<figure class=\"wp-block-image size-full is-resized\"><img loading=\"lazy\" decoding=\"async\" width=\"391\" height=\"216\" sizes=\"(max-width: 391px) 100vw, 391px\" src=\"https:\/\/bordeauxgsef2025.org\/wp-content\/uploads\/2025\/04\/Capture-decran-2025-04-18-a-14.22.03.png\" alt=\"\" class=\"wp-image-4797\" style=\"width:113px\" srcset=\"https:\/\/bordeauxgsef2025.org\/wp-content\/uploads\/2025\/04\/Capture-decran-2025-04-18-a-14.22.03.png 391w, https:\/\/bordeauxgsef2025.org\/wp-content\/uploads\/2025\/04\/Capture-decran-2025-04-18-a-14.22.03-300x166.png 300w, https:\/\/bordeauxgsef2025.org\/wp-content\/uploads\/2025\/04\/Capture-decran-2025-04-18-a-14.22.03-18x10.png 18w\" \/><\/figure>\n\n\n\n<p class=\"has-text-align-left\"><strong><mark style=\"background-color:rgba(0, 0, 0, 0);color:#009541\" class=\"has-inline-color\">Latin America and the Caribbean<\/mark><\/strong> :<br>INAES - National Institute for the Social Economy (Mexico)<\/p>\n<\/div>\n<\/div>\n\n\n\n<div class=\"wp-block-group is-vertical is-content-justification-left is-layout-flex wp-container-core-group-is-layout-b21d21b4 wp-block-group-is-layout-flex\">\n<div class=\"wp-block-group is-nowrap is-layout-flex wp-container-core-group-is-layout-6c531013 wp-block-group-is-layout-flex\">\n<figure class=\"wp-block-image size-full is-resized\"><img loading=\"lazy\" decoding=\"async\" width=\"371\" height=\"178\" sizes=\"(max-width: 371px) 100vw, 371px\" src=\"https:\/\/bordeauxgsef2025.org\/wp-content\/uploads\/2025\/04\/Capture-decran-2025-04-18-a-14.21.30.png\" alt=\"\" class=\"wp-image-4798\" style=\"width:113px\" srcset=\"https:\/\/bordeauxgsef2025.org\/wp-content\/uploads\/2025\/04\/Capture-decran-2025-04-18-a-14.21.30.png 371w, https:\/\/bordeauxgsef2025.org\/wp-content\/uploads\/2025\/04\/Capture-decran-2025-04-18-a-14.21.30-300x144.png 300w, https:\/\/bordeauxgsef2025.org\/wp-content\/uploads\/2025\/04\/Capture-decran-2025-04-18-a-14.21.30-18x9.png 18w\" \/><\/figure>\n\n\n\n<p><strong><mark style=\"background-color:rgba(0, 0, 0, 0);color:#009541\" class=\"has-inline-color\">Asia<\/mark><\/strong> :<br>Seoul Youth Hub (South Korea)<\/p>\n<\/div>\n<\/div>\n\n\n\n<div class=\"wp-block-group is-vertical is-content-justification-left is-layout-flex wp-container-core-group-is-layout-b21d21b4 wp-block-group-is-layout-flex\">\n<div class=\"wp-block-group is-nowrap is-layout-flex wp-container-core-group-is-layout-6c531013 wp-block-group-is-layout-flex\">\n<figure class=\"wp-block-image size-full is-resized\"><img loading=\"lazy\" decoding=\"async\" width=\"367\" height=\"186\" sizes=\"(max-width: 367px) 100vw, 367px\" src=\"https:\/\/bordeauxgsef2025.org\/wp-content\/uploads\/2025\/04\/Capture-decran-2025-04-18-a-14.22.12.png\" alt=\"\" class=\"wp-image-4799\" style=\"width:113px\" srcset=\"https:\/\/bordeauxgsef2025.org\/wp-content\/uploads\/2025\/04\/Capture-decran-2025-04-18-a-14.22.12.png 367w, https:\/\/bordeauxgsef2025.org\/wp-content\/uploads\/2025\/04\/Capture-decran-2025-04-18-a-14.22.12-300x152.png 300w, https:\/\/bordeauxgsef2025.org\/wp-content\/uploads\/2025\/04\/Capture-decran-2025-04-18-a-14.22.12-18x9.png 18w\" \/><\/figure>\n\n\n\n<p><strong><mark style=\"background-color:rgba(0, 0, 0, 0);color:#009541\" class=\"has-inline-color\">Europe<\/mark><\/strong> : <br>R\u00e9gion Nouvelle-Aquitaine (France)<\/p>\n<\/div>\n<\/div>\n<\/div>\n<\/div>\n<\/div>\n<\/div>\n\n\n\n<div class=\"wp-block-columns bloc-blanc has-white-background-color has-background is-layout-flex wp-container-core-columns-is-layout-4afe9440 wp-block-columns-is-layout-flex\" style=\"padding-top:50px;padding-right:50px;padding-bottom:50px;padding-left:50px\">\n<div class=\"wp-block-column is-vertically-aligned-stretch is-layout-flow wp-block-column-is-layout-flow\" style=\"flex-basis:100%\">\n<h2 class=\"wp-block-heading has-text-align-left\" id=\"le-pole-jeuness-ec0a6b09-e5d4-40f8-8d8a-2d5132f13c91\"><strong>Towards a youth advocacy<\/strong><\/h2>\n\n\n\n<p class=\"has-text-align-left\">The momentum is well underway, with the aim of mobilising people,&nbsp;<strong>to promote and make heard the voices of young people<\/strong>&nbsp;committed to fair social, economic and ecological transitions.<\/p>\n\n\n\n<p class=\"has-text-align-left\">Within this framework, a&nbsp;<strong>youth campaign<\/strong>&nbsp;a \u00e9t\u00e9 d\u00e9ploy\u00e9e afin de collecter les visions et les recommandations des jeunes pour construire un plaidoyer par continent. &nbsp;<\/p>\n\n\n\n<p class=\"has-text-align-left\">During the Forum, a workshop will be organized to bring together these continental pleas in the form of an&nbsp;<strong><em>\u00ab&nbsp;D\u00e9claration internationale de la jeunesse pour l\u2019ESS&nbsp;\u00bb<\/em><\/strong>&nbsp;presented at the event's closing ceremony, in front of all the representatives.<\/p>\n\n\n\n<p class=\"has-text-align-center\" style=\"font-size:18px\"><strong><mark style=\"background-color:rgba(0, 0, 0, 0)\" class=\"has-inline-color has-rouge-color\">Don't forget to subscribe to the&nbsp;<a href=\"https:\/\/www.instagram.com\/gsef_secretariat\/?hl=fr\">GSEF's Instagram account<\/a>&nbsp;so you don't miss a thing.<br><\/mark><\/strong><br><\/p>\n<\/div>\n<\/div>\n\n\n\n<div class=\"wp-block-columns bloc-blanc has-white-background-color has-background is-layout-flex wp-container-core-columns-is-layout-4afe9440 wp-block-columns-is-layout-flex\" style=\"padding-top:50px;padding-right:50px;padding-bottom:50px;padding-left:50px\">\n<div class=\"wp-block-column is-vertically-aligned-stretch is-layout-flow wp-block-column-is-layout-flow\" style=\"flex-basis:100%\">\n<h2 class=\"wp-block-heading has-text-align-left\" id=\"le-pole-jeuness-ec0a6b09-e5d4-40f8-8d8a-2d5132f13c91\"><strong>Young people<\/strong> <strong>at the forum<\/strong><\/h2>\n\n\n\n<p>Located in the heart of Bordeaux's Bacalan district, the hybrid venue of the\u00a0<strong>Cit\u00e9 Bleue<\/strong> will host the\u00a0<strong>Young SSE Hub<\/strong>\u00a0during the eve and the 3 days of the Forum.\u00a0<\/p>\n\n\n\n<p>Forum participants and the general public \u2013 young and old alike \u2013 will be able to discover this complementary programme at Palais 2 l'Atlantique, with interactive workshops on a wide variety of topics, exhibitions, cultural events and social areas.<\/p>\n\n\n\n<p>An open-air cinema screening is offered on Tuesday evening with the Cannes award-winning film: L\u2019histoire de Souleymane by <strong>Boris Lojkine<\/strong>.<\/p>\n\n\n\n<p>An <a href=\"https:\/\/docs.google.com\/forms\/d\/e\/1FAIpQLSc391AiFE-efhvVpQ0HBKzTYmAR8S0QDRPnkRchWNP53kziJQ\/viewform\" target=\"_blank\" rel=\"noreferrer noopener\"><strong>international mixed football tournament<\/strong><\/a> is also being organized on Wednesday 29 October at <strong>Batany Stadium<\/strong> to build bridges between young people from here and elsewhere.<\/p>\n\n\n\n<p>A grand evening event on the final night of the Forum will bring the 4 days to a close.<\/p>\n\n\n\n<div class=\"wp-block-buttons is-content-justification-center is-layout-flex wp-container-core-buttons-is-layout-a89b3969 wp-block-buttons-is-layout-flex\">\n<div class=\"wp-block-button is-style-outline is-style-outline--4\"><a class=\"wp-block-button__link has-white-color has-bleu-background-color has-text-color has-background has-link-color has-custom-font-size wp-element-button\" href=\"https:\/\/bordeauxgsef2025.org\/en\/programmation-jeunesse\/\" style=\"border-radius:0px;font-size:16px\" target=\"_blank\" rel=\"noreferrer noopener\">Discover the programme<\/a><\/div>\n<\/div>\n<\/div>\n<\/div>\n\n\n\n<p><\/p>","protected":false},"excerpt":{"rendered":"<p>Dynamique Jeun&rsquo;ESS Depuis sa cr\u00e9ation en 2013, le GSEF a toujours reconnu l\u2019importance de la mobilisation des jeunes dans l\u2019\u00c9conomie Sociale et Solidaire (ESS).Par le biais d\u2019\u00e9v\u00e9nements internationaux, de plaidoyers engag\u00e9s et de dynamiques continentales structur\u00e9es, le GSEF met en lumi\u00e8re le r\u00f4le central des jeunes dans les transitions sociales, \u00e9conomiques et environnementales. Le P\u00f4le [&hellip;]<\/p>","protected":false},"author":1,"featured_media":0,"parent":0,"menu_order":0,"comment_status":"closed","ping_status":"closed","template":"","meta":{"_acf_changed":false,"advgb_blocks_editor_width":"","advgb_blocks_columns_visual_guide":"","footnotes":"[]"},"class_list":["post-4721","page","type-page","status-publish","hentry"],"acf":[],"yoast_head":"<!-- This site is optimized with the Yoast SEO plugin v26.5 - https:\/\/yoast.com\/wordpress\/plugins\/seo\/ -->\n<title>Jeun&#039;ESS &#8226; FORUM MONDIAL DE l&#039;\u00c9CONOMIE SOCIALE ET SOLIDAIRE<\/title>\n<meta name=\"robots\" content=\"index, follow, max-snippet:-1, max-image-preview:large, max-video-preview:-1\" \/>\n<link rel=\"canonical\" href=\"https:\/\/bordeauxgsef2025.org\/en\/jeuness\/\" \/>\n<meta property=\"og:locale\" content=\"en_US\" \/>\n<meta property=\"og:type\" content=\"article\" \/>\n<meta property=\"og:title\" content=\"Jeun&#039;ESS &#8226; FORUM MONDIAL DE l&#039;\u00c9CONOMIE SOCIALE ET SOLIDAIRE\" \/>\n<meta property=\"og:description\" content=\"Dynamique Jeun&rsquo;ESS Depuis sa cr\u00e9ation en 2013, le GSEF a toujours reconnu l\u2019importance de la mobilisation des jeunes dans l\u2019\u00c9conomie Sociale et Solidaire (ESS).Par le biais d\u2019\u00e9v\u00e9nements internationaux, de plaidoyers engag\u00e9s et de dynamiques continentales structur\u00e9es, le GSEF met en lumi\u00e8re le r\u00f4le central des jeunes dans les transitions sociales, \u00e9conomiques et environnementales. Le P\u00f4le [&hellip;]\" \/>\n<meta property=\"og:url\" content=\"https:\/\/bordeauxgsef2025.org\/en\/jeuness\/\" \/>\n<meta property=\"og:site_name\" content=\"FORUM MONDIAL DE l&#039;\u00c9CONOMIE SOCIALE ET SOLIDAIRE\" \/>\n<meta property=\"article:publisher\" content=\"https:\/\/www.facebook.com\/BordeauxGSEF2025\/\" \/>\n<meta property=\"article:modified_time\" content=\"2025-09-29T08:54:46+00:00\" \/>\n<meta property=\"og:image\" content=\"https:\/\/bordeauxgsef2025.org\/wp-content\/uploads\/2025\/04\/Badge-GSEF-Pole-JeunESS.png\" \/>\n\t<meta property=\"og:image:width\" content=\"458\" \/>\n\t<meta property=\"og:image:height\" content=\"459\" \/>\n\t<meta property=\"og:image:type\" content=\"image\/png\" \/>\n<meta name=\"twitter:card\" content=\"summary_large_image\" \/>\n<meta name=\"twitter:site\" content=\"@BdxGSEF2025\" \/>\n<script type=\"application\/ld+json\" class=\"yoast-schema-graph\">{\"@context\":\"https:\/\/schema.org\",\"@graph\":[{\"@type\":\"WebPage\",\"@id\":\"https:\/\/bordeauxgsef2025.org\/jeuness\/\",\"url\":\"https:\/\/bordeauxgsef2025.org\/jeuness\/\",\"name\":\"Jeun'ESS &#8226; FORUM MONDIAL DE l&#039;\u00c9CONOMIE SOCIALE ET SOLIDAIRE\",\"isPartOf\":{\"@id\":\"https:\/\/bordeauxgsef2025.org\/#website\"},\"primaryImageOfPage\":{\"@id\":\"https:\/\/bordeauxgsef2025.org\/jeuness\/#primaryimage\"},\"image\":{\"@id\":\"https:\/\/bordeauxgsef2025.org\/jeuness\/#primaryimage\"},\"thumbnailUrl\":\"https:\/\/bordeauxgsef2025.org\/wp-content\/uploads\/2025\/04\/Badge-GSEF-Pole-JeunESS-300x300.png\",\"datePublished\":\"2025-04-17T15:06:07+00:00\",\"dateModified\":\"2025-09-29T08:54:46+00:00\",\"breadcrumb\":{\"@id\":\"https:\/\/bordeauxgsef2025.org\/jeuness\/#breadcrumb\"},\"inLanguage\":\"en-US\",\"potentialAction\":[{\"@type\":\"ReadAction\",\"target\":[\"https:\/\/bordeauxgsef2025.org\/jeuness\/\"]}]},{\"@type\":\"ImageObject\",\"inLanguage\":\"en-US\",\"@id\":\"https:\/\/bordeauxgsef2025.org\/jeuness\/#primaryimage\",\"url\":\"https:\/\/bordeauxgsef2025.org\/wp-content\/uploads\/2025\/04\/Badge-GSEF-Pole-JeunESS-300x300.png\",\"contentUrl\":\"https:\/\/bordeauxgsef2025.org\/wp-content\/uploads\/2025\/04\/Badge-GSEF-Pole-JeunESS-300x300.png\"},{\"@type\":\"BreadcrumbList\",\"@id\":\"https:\/\/bordeauxgsef2025.org\/jeuness\/#breadcrumb\",\"itemListElement\":[{\"@type\":\"ListItem\",\"position\":1,\"name\":\"Accueil\",\"item\":\"https:\/\/bordeauxgsef2025.org\/\"},{\"@type\":\"ListItem\",\"position\":2,\"name\":\"Jeun&rsquo;ESS\"}]},{\"@type\":\"WebSite\",\"@id\":\"https:\/\/bordeauxgsef2025.org\/#website\",\"url\":\"https:\/\/bordeauxgsef2025.org\/\",\"name\":\"FORUM MONDIAL DE l'\u00c9CONOMIE SOCIALE ET SOLIDAIRE\",\"description\":\"Bordeaux 29 30 31 Octobre 2025\",\"publisher\":{\"@id\":\"https:\/\/bordeauxgsef2025.org\/#organization\"},\"alternateName\":\"BORDEAUX GSEF 225\",\"potentialAction\":[{\"@type\":\"SearchAction\",\"target\":{\"@type\":\"EntryPoint\",\"urlTemplate\":\"https:\/\/bordeauxgsef2025.org\/?s={search_term_string}\"},\"query-input\":{\"@type\":\"PropertyValueSpecification\",\"valueRequired\":true,\"valueName\":\"search_term_string\"}}],\"inLanguage\":\"en-US\"},{\"@type\":\"Organization\",\"@id\":\"https:\/\/bordeauxgsef2025.org\/#organization\",\"name\":\"FORUM MONDIAL DE l'\u00c9CONOMIE SOCIALE ET SOLIDAIRE\",\"alternateName\":\"Bordeaux Gsef 2025\",\"url\":\"https:\/\/bordeauxgsef2025.org\/\",\"logo\":{\"@type\":\"ImageObject\",\"inLanguage\":\"en-US\",\"@id\":\"https:\/\/bordeauxgsef2025.org\/#\/schema\/logo\/image\/\",\"url\":\"https:\/\/bordeauxgsef2025.org\/wp-content\/uploads\/2024\/10\/logo-carre-gsef2025.png\",\"contentUrl\":\"https:\/\/bordeauxgsef2025.org\/wp-content\/uploads\/2024\/10\/logo-carre-gsef2025.png\",\"width\":800,\"height\":800,\"caption\":\"FORUM MONDIAL DE l'\u00c9CONOMIE SOCIALE ET SOLIDAIRE\"},\"image\":{\"@id\":\"https:\/\/bordeauxgsef2025.org\/#\/schema\/logo\/image\/\"},\"sameAs\":[\"https:\/\/www.facebook.com\/BordeauxGSEF2025\/\",\"https:\/\/x.com\/BdxGSEF2025\",\"https:\/\/www.linkedin.com\/company\/bordeaux-gsef-2025\/\",\"https:\/\/www.instagram.com\/bordeaux_gsef2025\/\"]}]}<\/script>\n<!-- \/ Yoast SEO plugin. -->","yoast_head_json":{"title":"Jeun'ESS &#8226; FORUM MONDIAL DE l&#039;\u00c9CONOMIE SOCIALE ET SOLIDAIRE","robots":{"index":"index","follow":"follow","max-snippet":"max-snippet:-1","max-image-preview":"max-image-preview:large","max-video-preview":"max-video-preview:-1"},"canonical":"https:\/\/bordeauxgsef2025.org\/en\/jeuness\/","og_locale":"en_US","og_type":"article","og_title":"Jeun'ESS &#8226; FORUM MONDIAL DE l&#039;\u00c9CONOMIE SOCIALE ET SOLIDAIRE","og_description":"Dynamique Jeun&rsquo;ESS Depuis sa cr\u00e9ation en 2013, le GSEF a toujours reconnu l\u2019importance de la mobilisation des jeunes dans l\u2019\u00c9conomie Sociale et Solidaire (ESS).Par le biais d\u2019\u00e9v\u00e9nements internationaux, de plaidoyers engag\u00e9s et de dynamiques continentales structur\u00e9es, le GSEF met en lumi\u00e8re le r\u00f4le central des jeunes dans les transitions sociales, \u00e9conomiques et environnementales. Le P\u00f4le [&hellip;]","og_url":"https:\/\/bordeauxgsef2025.org\/en\/jeuness\/","og_site_name":"FORUM MONDIAL DE l&#039;\u00c9CONOMIE SOCIALE ET SOLIDAIRE","article_publisher":"https:\/\/www.facebook.com\/BordeauxGSEF2025\/","article_modified_time":"2025-09-29T08:54:46+00:00","og_image":[{"width":458,"height":459,"url":"https:\/\/bordeauxgsef2025.org\/wp-content\/uploads\/2025\/04\/Badge-GSEF-Pole-JeunESS.png","type":"image\/png"}],"twitter_card":"summary_large_image","twitter_site":"@BdxGSEF2025","schema":{"@context":"https:\/\/schema.org","@graph":[{"@type":"WebPage","@id":"https:\/\/bordeauxgsef2025.org\/jeuness\/","url":"https:\/\/bordeauxgsef2025.org\/jeuness\/","name":"Jeun'ESS &#8226; FORUM MONDIAL DE l&#039;\u00c9CONOMIE SOCIALE ET SOLIDAIRE","isPartOf":{"@id":"https:\/\/bordeauxgsef2025.org\/#website"},"primaryImageOfPage":{"@id":"https:\/\/bordeauxgsef2025.org\/jeuness\/#primaryimage"},"image":{"@id":"https:\/\/bordeauxgsef2025.org\/jeuness\/#primaryimage"},"thumbnailUrl":"https:\/\/bordeauxgsef2025.org\/wp-content\/uploads\/2025\/04\/Badge-GSEF-Pole-JeunESS-300x300.png","datePublished":"2025-04-17T15:06:07+00:00","dateModified":"2025-09-29T08:54:46+00:00","breadcrumb":{"@id":"https:\/\/bordeauxgsef2025.org\/jeuness\/#breadcrumb"},"inLanguage":"en-US","potentialAction":[{"@type":"ReadAction","target":["https:\/\/bordeauxgsef2025.org\/jeuness\/"]}]},{"@type":"ImageObject","inLanguage":"en-US","@id":"https:\/\/bordeauxgsef2025.org\/jeuness\/#primaryimage","url":"https:\/\/bordeauxgsef2025.org\/wp-content\/uploads\/2025\/04\/Badge-GSEF-Pole-JeunESS-300x300.png","contentUrl":"https:\/\/bordeauxgsef2025.org\/wp-content\/uploads\/2025\/04\/Badge-GSEF-Pole-JeunESS-300x300.png"},{"@type":"BreadcrumbList","@id":"https:\/\/bordeauxgsef2025.org\/jeuness\/#breadcrumb","itemListElement":[{"@type":"ListItem","position":1,"name":"Accueil","item":"https:\/\/bordeauxgsef2025.org\/"},{"@type":"ListItem","position":2,"name":"Jeun&rsquo;ESS"}]},{"@type":"WebSite","@id":"https:\/\/bordeauxgsef2025.org\/#website","url":"https:\/\/bordeauxgsef2025.org\/","name":"FORUM MONDIAL DE l'\u00c9CONOMIE SOCIALE ET SOLIDAIRE","description":"Bordeaux 29 30 31 Octobre 2025","publisher":{"@id":"https:\/\/bordeauxgsef2025.org\/#organization"},"alternateName":"BORDEAUX GSEF 225","potentialAction":[{"@type":"SearchAction","target":{"@type":"EntryPoint","urlTemplate":"https:\/\/bordeauxgsef2025.org\/?s={search_term_string}"},"query-input":{"@type":"PropertyValueSpecification","valueRequired":true,"valueName":"search_term_string"}}],"inLanguage":"en-US"},{"@type":"Organization","@id":"https:\/\/bordeauxgsef2025.org\/#organization","name":"FORUM MONDIAL DE l'\u00c9CONOMIE SOCIALE ET SOLIDAIRE","alternateName":"Bordeaux Gsef 2025","url":"https:\/\/bordeauxgsef2025.org\/","logo":{"@type":"ImageObject","inLanguage":"en-US","@id":"https:\/\/bordeauxgsef2025.org\/#\/schema\/logo\/image\/","url":"https:\/\/bordeauxgsef2025.org\/wp-content\/uploads\/2024\/10\/logo-carre-gsef2025.png","contentUrl":"https:\/\/bordeauxgsef2025.org\/wp-content\/uploads\/2024\/10\/logo-carre-gsef2025.png","width":800,"height":800,"caption":"FORUM MONDIAL DE l'\u00c9CONOMIE SOCIALE ET SOLIDAIRE"},"image":{"@id":"https:\/\/bordeauxgsef2025.org\/#\/schema\/logo\/image\/"},"sameAs":["https:\/\/www.facebook.com\/BordeauxGSEF2025\/","https:\/\/x.com\/BdxGSEF2025","https:\/\/www.linkedin.com\/company\/bordeaux-gsef-2025\/","https:\/\/www.instagram.com\/bordeaux_gsef2025\/"]}]}},"coauthors":[],"author_meta":{"author_link":"https:\/\/bordeauxgsef2025.org\/en\/author\/admin-ot\/","display_name":"admin-ot"},"relative_dates":{"created":"Posted 1 year ago","modified":"Updated 7 months ago"},"absolute_dates":{"created":"Posted on 17 April 2025","modified":"Updated on 29 September 2025"},"absolute_dates_time":{"created":"Posted on 17 April 2025 17h06","modified":"Updated on 29 September 2025 10h54"},"featured_img_caption":"","featured_img":false,"series_order":"","_links":{"self":[{"href":"https:\/\/bordeauxgsef2025.org\/en\/wp-json\/wp\/v2\/pages\/4721","targetHints":{"allow":["GET"]}}],"collection":[{"href":"https:\/\/bordeauxgsef2025.org\/en\/wp-json\/wp\/v2\/pages"}],"about":[{"href":"https:\/\/bordeauxgsef2025.org\/en\/wp-json\/wp\/v2\/types\/page"}],"author":[{"embeddable":true,"href":"https:\/\/bordeauxgsef2025.org\/en\/wp-json\/wp\/v2\/users\/1"}],"replies":[{"embeddable":true,"href":"https:\/\/bordeauxgsef2025.org\/en\/wp-json\/wp\/v2\/comments?post=4721"}],"version-history":[{"count":193,"href":"https:\/\/bordeauxgsef2025.org\/en\/wp-json\/wp\/v2\/pages\/4721\/revisions"}],"predecessor-version":[{"id":6815,"href":"https:\/\/bordeauxgsef2025.org\/en\/wp-json\/wp\/v2\/pages\/4721\/revisions\/6815"}],"wp:attachment":[{"href":"https:\/\/bordeauxgsef2025.org\/en\/wp-json\/wp\/v2\/media?parent=4721"}],"curies":[{"name":"wp","href":"https:\/\/api.w.org\/{rel}","templated":true}]}}