{"id":3301,"date":"2025-03-04T14:22:53","date_gmt":"2025-03-04T13:22:53","guid":{"rendered":"https:\/\/bordeauxgsef2025.org\/?page_id=3301"},"modified":"2025-09-15T16:54:02","modified_gmt":"2025-09-15T14:54:02","slug":"newsletter-bordeaux-gsef-2025","status":"publish","type":"page","link":"https:\/\/bordeauxgsef2025.org\/en\/ressources\/newsletter-bordeaux-gsef-2025\/","title":{"rendered":"BordeauxGSEF2025 Newsletters"},"content":{"rendered":"<div style=\"height:20px\" aria-hidden=\"true\" class=\"wp-block-spacer\"><\/div>\n\n\n<div class=\"yoast-breadcrumbs\"><span><span><a href=\"https:\/\/bordeauxgsef2025.org\/en\/\">Home<\/a><\/span> \u00bb <span><a href=\"https:\/\/bordeauxgsef2025.org\/en\/ressources\/\">Resources<\/a><\/span> \u00bb <span class=\"breadcrumb_last\" aria-current=\"page\"><strong>BordeauxGSEF2025 Newsletters<\/strong><\/span><\/span><\/div>\n\n\n<div style=\"height:30px\" aria-hidden=\"true\" class=\"wp-block-spacer\"><\/div>\n\n\n\n<h1 class=\"wp-block-heading has-text-align-center\"><strong>BordeauxGSEF2025 Newsletters<\/strong><\/h1>\n\n\n\n<p class=\"has-text-align-center\">This newsletter is intended for all those who wish to be kept informed of progress in the organization of this new edition of the Global Social Solidarity Economy Forum in Bordeaux from October 29 to 31, 2021.<\/p>\n\n\n\n<p class=\"has-text-align-center has-text-color has-link-color wp-elements-573718d5503cebb6337961d1d6c745e6\" style=\"color:#009541\"><strong>To make sure you don't miss any of our upcoming issues (about every month and a half):<\/strong><\/p>\n\n\n\n\t\t<div data-elementor-type=\"container\" data-elementor-id=\"3329\" class=\"elementor elementor-3329\" data-elementor-post-type=\"elementor_library\">\n\t\t\t\t<div class=\"elementor-element elementor-element-1f2ee6d4 e-flex e-con-boxed e-con e-parent\" data-id=\"1f2ee6d4\" data-element_type=\"container\">\n\t\t\t\t\t<div class=\"e-con-inner\">\n\t\t\t\t<div class=\"elementor-element elementor-element-5634e14b elementor-align-center elementor-icon-list--layout-traditional elementor-list-item-link-full_width elementor-widget elementor-widget-icon-list\" data-id=\"5634e14b\" data-element_type=\"widget\" data-widget_type=\"icon-list.default\">\n\t\t\t\t\t\t\t<ul class=\"elementor-icon-list-items\">\n\t\t\t\t\t\t\t<li class=\"elementor-icon-list-item\">\n\t\t\t\t\t\t\t\t\t\t\t<a href=\"#elementor-action%3Aaction%3Dpopup%3Aopen%26settings%3DeyJpZCI6IjE0OTIiLCJ0b2dnbGUiOmZhbHNlfQ%3D%3D\">\n\n\t\t\t\t\t\t\t\t\t\t\t\t<span class=\"elementor-icon-list-icon\">\n\t\t\t\t\t\t\t<svg aria-hidden=\"true\" class=\"e-font-icon-svg e-far-newspaper\" viewbox=\"0 0 576 512\" xmlns=\"http:\/\/www.w3.org\/2000\/svg\"><path d=\"M552 64H112c-20.858 0-38.643 13.377-45.248 32H24c-13.255 0-24 10.745-24 24v272c0 30.928 25.072 56 56 56h496c13.255 0 24-10.745 24-24V88c0-13.255-10.745-24-24-24zM48 392V144h16v248c0 4.411-3.589 8-8 8s-8-3.589-8-8zm480 8H111.422c.374-2.614.578-5.283.578-8V112h416v288zM172 280h136c6.627 0 12-5.373 12-12v-96c0-6.627-5.373-12-12-12H172c-6.627 0-12 5.373-12 12v96c0 6.627 5.373 12 12 12zm28-80h80v40h-80v-40zm-40 140v-24c0-6.627 5.373-12 12-12h136c6.627 0 12 5.373 12 12v24c0 6.627-5.373 12-12 12H172c-6.627 0-12-5.373-12-12zm192 0v-24c0-6.627 5.373-12 12-12h104c6.627 0 12 5.373 12 12v24c0 6.627-5.373 12-12 12H364c-6.627 0-12-5.373-12-12zm0-144v-24c0-6.627 5.373-12 12-12h104c6.627 0 12 5.373 12 12v24c0 6.627-5.373 12-12 12H364c-6.627 0-12-5.373-12-12zm0 72v-24c0-6.627 5.373-12 12-12h104c6.627 0 12 5.373 12 12v24c0 6.627-5.373 12-12 12H364c-6.627 0-12-5.373-12-12z\"><\/path><\/svg>\t\t\t\t\t\t<\/span>\n\t\t\t\t\t\t\t\t\t\t<span class=\"elementor-icon-list-text\">Subscribe to our newsletter <\/span>\n\t\t\t\t\t\t\t\t\t\t\t<\/a>\n\t\t\t\t\t\t\t\t\t<\/li>\n\t\t\t\t\t\t<\/ul>\n\t\t\t\t\t\t<\/div>\n\t\t\t\t\t<\/div>\n\t\t\t\t<\/div>\n\t\t\t\t<\/div>\n\t\t\n\n\n\n<div style=\"height:32px\" aria-hidden=\"true\" class=\"wp-block-spacer\"><\/div>\n\n\n\n<div class=\"wp-block-group is-layout-constrained wp-block-group-is-layout-constrained\">\n<div class=\"wp-block-group alignwide is-layout-flow wp-block-group-is-layout-flow\">\n<div class=\"wp-block-columns is-layout-flex wp-container-core-columns-is-layout-28f84493 wp-block-columns-is-layout-flex\">\n<div class=\"wp-block-column is-layout-flow wp-block-column-is-layout-flow\">\n<h2 class=\"wp-block-heading has-text-align-center\"><strong>Last newsletter<\/strong><\/h2>\n\n\n\n<div class=\"wp-block-columns is-layout-flex wp-container-core-columns-is-layout-28f84493 wp-block-columns-is-layout-flex\">\n<div class=\"wp-block-column is-vertically-aligned-top bloc-blanc  has-white-background-color has-background is-layout-flow wp-block-column-is-layout-flow\">\n<p class=\"has-text-align-center\">French version <\/p>\n\n\n\n<ul class=\"wp-block-list\">\n<li><strong><a href=\"https:\/\/du8c8.r.sp1-brevo.net\/mk\/mr\/sh\/6rqJ8GoudeITQRjnVkgjlOeMIBr\/OK8UAJhKLvA-\" target=\"_blank\" rel=\"noreferrer noopener\">Newsletter #7 Septembre 2025 \u2193<\/a>  <\/strong><\/li>\n<\/ul>\n<\/div>\n\n\n\n<div class=\"wp-block-column is-vertically-aligned-top bloc-blanc  has-white-background-color has-background is-layout-flow wp-block-column-is-layout-flow\">\n<p class=\"has-text-align-center\">English version<\/p>\n\n\n\n<ul class=\"wp-block-list\">\n<li><strong><a href=\"https:\/\/du8c8.r.sp1-brevo.net\/mk\/mr\/sh\/6rqJ8GoudeITQRjnVkgjlOeMIBr\/rQKd3C1pEW5e\" target=\"_blank\" rel=\"noreferrer noopener\">Newsletter #7 September 2025 \u2193<\/a><\/strong><\/li>\n<\/ul>\n<\/div>\n\n\n\n<div class=\"wp-block-column is-vertically-aligned-top bloc-blanc  has-white-background-color has-background is-layout-flow wp-block-column-is-layout-flow\">\n<p class=\"has-text-align-center\">Spanish version<\/p>\n\n\n\n<ul class=\"wp-block-list\">\n<li><strong><a href=\"https:\/\/du8c8.r.sp1-brevo.net\/mk\/mr\/sh\/6rqJ8GoudeITQRjnVkgjlOeMIBr\/5zrmfiTILQwq\" target=\"_blank\" rel=\"noreferrer noopener\">Newsletter #7 Septiembre 2025 \u2193<\/a><\/strong><\/li>\n<\/ul>\n<\/div>\n<\/div>\n<\/div>\n<\/div>\n<\/div>\n<\/div>\n\n\n\n<div style=\"height:53px\" aria-hidden=\"true\" class=\"wp-block-spacer\"><\/div>\n\n\n\n<div class=\"wp-block-group is-layout-constrained wp-block-group-is-layout-constrained\">\n<div class=\"wp-block-group alignwide is-layout-flow wp-block-group-is-layout-flow\">\n<div class=\"wp-block-columns is-layout-flex wp-container-core-columns-is-layout-28f84493 wp-block-columns-is-layout-flex\">\n<div class=\"wp-block-column is-layout-flow wp-block-column-is-layout-flow\">\n<h2 class=\"wp-block-heading has-text-align-center\"><strong>Last newsletters<\/strong><\/h2>\n\n\n\n<div class=\"wp-block-columns is-layout-flex wp-container-core-columns-is-layout-28f84493 wp-block-columns-is-layout-flex\">\n<div class=\"wp-block-column is-vertically-aligned-top bloc-blanc  has-white-background-color has-background is-layout-flow wp-block-column-is-layout-flow\">\n<p class=\"has-text-align-center\">French versions<\/p>\n\n\n\n<ul class=\"wp-block-list\">\n<li><a href=\"https:\/\/du8c8.r.sp1-brevo.net\/mk\/mr\/sh\/SMJz09SDriOHTaK44kSB1sFYGFHT\/X17D_Zluwnvl\" target=\"_blank\" rel=\"noreferrer noopener\"><a href=\"https:\/\/du8c8.r.sp1-brevo.net\/mk\/mr\/sh\/6rqJ8GoudeITQRjnVkgjlOeMIBr\/1y9DPyQoFRzj\" target=\"_blank\" rel=\"noreferrer noopener\">Newsletter #6 Juin 2025 \u2193<\/a> <\/a><\/li>\n\n\n\n<li><a href=\"https:\/\/du8c8.r.sp1-brevo.net\/mk\/mr\/sh\/6rqJ8GoudeITQRjnVkgjlOeMIBr\/xl_WdQCPY4at\" target=\"_blank\" rel=\"noreferrer noopener\">Newsletter #5 Avr 2025 \u2193<\/a><strong> <\/strong><\/li>\n\n\n\n<li><a href=\"https:\/\/du8c8.r.a.d.sendibm1.com\/mk\/mr\/sh\/6rqJ8GoudeITQRjnVkgjlOeMIBr\/vSjEoM3LiLtL\" target=\"_blank\" rel=\"noreferrer noopener\">Newsletter #4 F\u00e9v 2025 \u2193<\/a><\/li>\n\n\n\n<li><a href=\"https:\/\/du8c8.r.a.d.sendibm1.com\/mk\/mr\/sh\/6rqJ8GoudeITQRjnVkgjlOeMIBr\/JZKWu1OflTHm\" target=\"_blank\" rel=\"noreferrer noopener\">Newsletter #3 D\u00e9c 2024 \u2193 <\/a><\/li>\n\n\n\n<li><a href=\"https:\/\/du8c8.r.a.d.sendibm1.com\/mk\/mr\/sh\/6rqJ8GoudeITQRjnVkgjlOeMIBr\/07SIIj4flNUY\" target=\"_blank\" rel=\"noreferrer noopener\">Newsletter #2 Oct 2024  \u2193 <\/a><\/li>\n\n\n\n<li><a href=\"https:\/\/sh1.sendinblue.com\/vlax0xx8lpfe.html?t=1741095428647\">Newsletter #1 Sept 2024 \u2193<\/a><\/li>\n<\/ul>\n<\/div>\n\n\n\n<div class=\"wp-block-column is-vertically-aligned-top bloc-blanc  has-white-background-color has-background is-layout-flow wp-block-column-is-layout-flow\">\n<p class=\"has-text-align-center\">English versions<\/p>\n\n\n\n<ul class=\"wp-block-list\">\n<li><a href=\"https:\/\/du8c8.r.sp1-brevo.net\/mk\/mr\/sh\/SMJz09SDriOHTaK44kSB1sFYGFHT\/X17D_Zluwnvl\" target=\"_blank\" rel=\"noreferrer noopener\">Newsletter #6 June 2025 \u2193<\/a><\/li>\n\n\n\n<li><a href=\"https:\/\/du8c8.r.sp1-brevo.net\/mk\/mr\/sh\/6rqJ8GoudeITQRjnVkgjlOeMIBr\/oFy4LW1ysRdb\" target=\"_blank\" rel=\"noreferrer noopener\">Newsletter #5 Apr 2025 \u2193<\/a><\/li>\n\n\n\n<li><a href=\"https:\/\/du8c8.r.a.d.sendibm1.com\/mk\/mr\/sh\/6rqJ8GoudeITQRjnVkgjlOeMIBr\/l-K9EyVcucxL\" target=\"_blank\" rel=\"noreferrer noopener\">Newsletter #4 Feb 2025 \u2193<\/a><\/li>\n\n\n\n<li><a href=\"https:\/\/du8c8.r.a.d.sendibm1.com\/mk\/mr\/sh\/6rqJ8GoudeITQRjnVkgjlOeMIBr\/nxHzBePVFmiA\" target=\"_blank\" rel=\"noreferrer noopener\">Newsletter #3 Dec 2024 \u2193 <\/a><\/li>\n\n\n\n<li><a href=\"https:\/\/du8c8.r.a.d.sendibm1.com\/mk\/mr\/sh\/6rqJ8GoudeITQjnWCemNQ9IsHhv\/OaObTLXWiD6a\" target=\"_blank\" rel=\"noreferrer noopener\">Newsletter #2  Oct 2024 \u2193<\/a><\/li>\n\n\n\n<li><a href=\"https:\/\/du8c8.r.ag.d.sendibm3.com\/mk\/mr\/sh\/OycXxko2a8zXOEVBuiXxGau7\/RWq7rhKUjwDY\" target=\"_blank\" rel=\"noreferrer noopener\">Newsletter #1 Sept 2024 \u2193 <\/a><\/li>\n<\/ul>\n<\/div>\n\n\n\n<div class=\"wp-block-column is-vertically-aligned-top bloc-blanc  has-white-background-color has-background is-layout-flow wp-block-column-is-layout-flow\">\n<p class=\"has-text-align-center\">Spanish versions<\/p>\n\n\n\n<ul class=\"wp-block-list\">\n<li><a href=\"https:\/\/du8c8.r.sp1-brevo.net\/mk\/mr\/sh\/6rqJ8GoudeITQRjnVkgjlOeMIBr\/og1hR0O4fCjm\" target=\"_blank\" rel=\"noreferrer noopener\">Newsletter #6 Junio 2025 \u2193<\/a><\/li>\n\n\n\n<li><a href=\"https:\/\/du8c8.r.sp1-brevo.net\/mk\/mr\/sh\/6rqJ8GoudeITQRjnVkgjlOeMIBr\/VBiD2Qy9JWiz\" target=\"_blank\" rel=\"noreferrer noopener\">Newsletter #5 Abr 2025 \u2193<\/a><\/li>\n\n\n\n<li><a href=\"https:\/\/du8c8.r.a.d.sendibm1.com\/mk\/mr\/sh\/SMJz09SDriOHTaK44kSB1sFYGFHT\/Mb0b_tPppzUu\">Newsletter #<\/a><a href=\"https:\/\/du8c8.r.a.d.sendibm1.com\/mk\/mr\/sh\/SMJz09SDriOHTaK44kSB1sFYGFHT\/Mb0b_tPppzUu\" target=\"_blank\" rel=\"noreferrer noopener\">4<\/a><a href=\"https:\/\/du8c8.r.a.d.sendibm1.com\/mk\/mr\/sh\/SMJz09SDriOHTaK44kSB1sFYGFHT\/Mb0b_tPppzUu\"> Feb 2025 \u2193<\/a>  <\/li>\n\n\n\n<li><a href=\"https:\/\/du8c8.r.a.d.sendibm1.com\/mk\/mr\/sh\/6rqJ8GoudeITQRjnVkgjlOeMIBr\/DicB7usBKIkf\" target=\"_blank\" rel=\"noreferrer noopener\">Newsletter #3 Dic 2024 \u2193<\/a><\/li>\n\n\n\n<li><a href=\"https:\/\/du8c8.r.a.d.sendibm1.com\/mk\/mr\/sh\/6rqJ8GoudeITQjnWCemNQ9IsHhv\/11Xzth7by2Xr\" target=\"_blank\" rel=\"noreferrer noopener\">Newsletter #2 Oct 2024 \u2193<\/a><\/li>\n\n\n\n<li><a href=\"https:\/\/du8c8.r.ag.d.sendibm3.com\/mk\/mr\/sh\/OycXxko2a8zXOEVBuiXxGau7\/PpEIouEkB4mf\" target=\"_blank\" rel=\"noreferrer noopener\">Newsletter #1 Sept 2024 \u2193<\/a><\/li>\n<\/ul>\n<\/div>\n<\/div>\n<\/div>\n<\/div>\n<\/div>\n<\/div>\n\n\n\n<div style=\"height:17px\" aria-hidden=\"true\" class=\"wp-block-spacer\"><\/div>\n\n\n\n<p><\/p>","protected":false},"excerpt":{"rendered":"<p>Newsletter Bordeaux GSEF 2025 Cette newsletter est \u00e0 l\u2019adresse de toutes celles et ceux qui souhaitent \u00eatre inform\u00e9s de l\u2019avanc\u00e9e de l\u2019organisation de cette nouvelle \u00e9dition du Forum mondial de l\u2019\u00e9conomie sociale et solidaire \u00e0 Bordeaux du 29 au 31 octobre 2021. Pour ne manquer aucun des num\u00e9ros \u00e0 venir (tous les mois et demi [&hellip;]<\/p>","protected":false},"author":3,"featured_media":0,"parent":531,"menu_order":0,"comment_status":"closed","ping_status":"closed","template":"","meta":{"_acf_changed":false,"advgb_blocks_editor_width":"","advgb_blocks_columns_visual_guide":"","footnotes":""},"class_list":["post-3301","page","type-page","status-publish","hentry"],"acf":[],"yoast_head":"<!-- This site is optimized with the Yoast SEO plugin v26.5 - https:\/\/yoast.com\/wordpress\/plugins\/seo\/ -->\n<title>Newsletter Bordeaux GSEF 2025 &#8226; FORUM MONDIAL DE l&#039;\u00c9CONOMIE SOCIALE ET SOLIDAIRE<\/title>\n<meta name=\"robots\" content=\"index, follow, max-snippet:-1, max-image-preview:large, max-video-preview:-1\" \/>\n<link rel=\"canonical\" href=\"https:\/\/bordeauxgsef2025.org\/en\/ressources\/newsletter-bordeaux-gsef-2025\/\" \/>\n<meta property=\"og:locale\" content=\"en_US\" \/>\n<meta property=\"og:type\" content=\"article\" \/>\n<meta property=\"og:title\" content=\"Newsletter Bordeaux GSEF 2025 &#8226; FORUM MONDIAL DE l&#039;\u00c9CONOMIE SOCIALE ET SOLIDAIRE\" \/>\n<meta property=\"og:description\" content=\"Newsletter Bordeaux GSEF 2025 Cette newsletter est \u00e0 l\u2019adresse de toutes celles et ceux qui souhaitent \u00eatre inform\u00e9s de l\u2019avanc\u00e9e de l\u2019organisation de cette nouvelle \u00e9dition du Forum mondial de l\u2019\u00e9conomie sociale et solidaire \u00e0 Bordeaux du 29 au 31 octobre 2021. Pour ne manquer aucun des num\u00e9ros \u00e0 venir (tous les mois et demi [&hellip;]\" \/>\n<meta property=\"og:url\" content=\"https:\/\/bordeauxgsef2025.org\/en\/ressources\/newsletter-bordeaux-gsef-2025\/\" \/>\n<meta property=\"og:site_name\" content=\"FORUM MONDIAL DE l&#039;\u00c9CONOMIE SOCIALE ET SOLIDAIRE\" \/>\n<meta property=\"article:publisher\" content=\"https:\/\/www.facebook.com\/BordeauxGSEF2025\/\" \/>\n<meta property=\"article:modified_time\" content=\"2025-09-15T14:54:02+00:00\" \/>\n<meta property=\"og:image\" content=\"https:\/\/bordeauxgsef2025.org\/wp-content\/uploads\/2024\/10\/YOAST-SEO-GSEF.png\" \/>\n\t<meta property=\"og:image:width\" content=\"1200\" \/>\n\t<meta property=\"og:image:height\" content=\"675\" \/>\n\t<meta property=\"og:image:type\" content=\"image\/png\" \/>\n<meta name=\"twitter:card\" content=\"summary_large_image\" \/>\n<meta name=\"twitter:site\" content=\"@BdxGSEF2025\" \/>\n<script type=\"application\/ld+json\" class=\"yoast-schema-graph\">{\"@context\":\"https:\/\/schema.org\",\"@graph\":[{\"@type\":\"WebPage\",\"@id\":\"https:\/\/bordeauxgsef2025.org\/ressources\/newsletter-bordeaux-gsef-2025\/\",\"url\":\"https:\/\/bordeauxgsef2025.org\/ressources\/newsletter-bordeaux-gsef-2025\/\",\"name\":\"Newsletter Bordeaux GSEF 2025 &#8226; FORUM MONDIAL DE l&#039;\u00c9CONOMIE SOCIALE ET SOLIDAIRE\",\"isPartOf\":{\"@id\":\"https:\/\/bordeauxgsef2025.org\/#website\"},\"datePublished\":\"2025-03-04T13:22:53+00:00\",\"dateModified\":\"2025-09-15T14:54:02+00:00\",\"breadcrumb\":{\"@id\":\"https:\/\/bordeauxgsef2025.org\/ressources\/newsletter-bordeaux-gsef-2025\/#breadcrumb\"},\"inLanguage\":\"en-US\",\"potentialAction\":[{\"@type\":\"ReadAction\",\"target\":[\"https:\/\/bordeauxgsef2025.org\/ressources\/newsletter-bordeaux-gsef-2025\/\"]}]},{\"@type\":\"BreadcrumbList\",\"@id\":\"https:\/\/bordeauxgsef2025.org\/ressources\/newsletter-bordeaux-gsef-2025\/#breadcrumb\",\"itemListElement\":[{\"@type\":\"ListItem\",\"position\":1,\"name\":\"Accueil\",\"item\":\"https:\/\/bordeauxgsef2025.org\/\"},{\"@type\":\"ListItem\",\"position\":2,\"name\":\"Ressources\",\"item\":\"https:\/\/bordeauxgsef2025.org\/ressources\/\"},{\"@type\":\"ListItem\",\"position\":3,\"name\":\"Newsletter Bordeaux GSEF 2025\"}]},{\"@type\":\"WebSite\",\"@id\":\"https:\/\/bordeauxgsef2025.org\/#website\",\"url\":\"https:\/\/bordeauxgsef2025.org\/\",\"name\":\"FORUM MONDIAL DE l'\u00c9CONOMIE SOCIALE ET SOLIDAIRE\",\"description\":\"Bordeaux 29 30 31 Octobre 2025\",\"publisher\":{\"@id\":\"https:\/\/bordeauxgsef2025.org\/#organization\"},\"alternateName\":\"BORDEAUX GSEF 225\",\"potentialAction\":[{\"@type\":\"SearchAction\",\"target\":{\"@type\":\"EntryPoint\",\"urlTemplate\":\"https:\/\/bordeauxgsef2025.org\/?s={search_term_string}\"},\"query-input\":{\"@type\":\"PropertyValueSpecification\",\"valueRequired\":true,\"valueName\":\"search_term_string\"}}],\"inLanguage\":\"en-US\"},{\"@type\":\"Organization\",\"@id\":\"https:\/\/bordeauxgsef2025.org\/#organization\",\"name\":\"FORUM MONDIAL DE l'\u00c9CONOMIE SOCIALE ET SOLIDAIRE\",\"alternateName\":\"Bordeaux Gsef 2025\",\"url\":\"https:\/\/bordeauxgsef2025.org\/\",\"logo\":{\"@type\":\"ImageObject\",\"inLanguage\":\"en-US\",\"@id\":\"https:\/\/bordeauxgsef2025.org\/#\/schema\/logo\/image\/\",\"url\":\"https:\/\/bordeauxgsef2025.org\/wp-content\/uploads\/2024\/10\/logo-carre-gsef2025.png\",\"contentUrl\":\"https:\/\/bordeauxgsef2025.org\/wp-content\/uploads\/2024\/10\/logo-carre-gsef2025.png\",\"width\":800,\"height\":800,\"caption\":\"FORUM MONDIAL DE l'\u00c9CONOMIE SOCIALE ET SOLIDAIRE\"},\"image\":{\"@id\":\"https:\/\/bordeauxgsef2025.org\/#\/schema\/logo\/image\/\"},\"sameAs\":[\"https:\/\/www.facebook.com\/BordeauxGSEF2025\/\",\"https:\/\/x.com\/BdxGSEF2025\",\"https:\/\/www.linkedin.com\/company\/bordeaux-gsef-2025\/\",\"https:\/\/www.instagram.com\/bordeaux_gsef2025\/\"]}]}<\/script>\n<!-- \/ Yoast SEO plugin. -->","yoast_head_json":{"title":"Newsletter Bordeaux GSEF 2025 &#8226; FORUM MONDIAL DE l&#039;\u00c9CONOMIE SOCIALE ET SOLIDAIRE","robots":{"index":"index","follow":"follow","max-snippet":"max-snippet:-1","max-image-preview":"max-image-preview:large","max-video-preview":"max-video-preview:-1"},"canonical":"https:\/\/bordeauxgsef2025.org\/en\/ressources\/newsletter-bordeaux-gsef-2025\/","og_locale":"en_US","og_type":"article","og_title":"Newsletter Bordeaux GSEF 2025 &#8226; FORUM MONDIAL DE l&#039;\u00c9CONOMIE SOCIALE ET SOLIDAIRE","og_description":"Newsletter Bordeaux GSEF 2025 Cette newsletter est \u00e0 l\u2019adresse de toutes celles et ceux qui souhaitent \u00eatre inform\u00e9s de l\u2019avanc\u00e9e de l\u2019organisation de cette nouvelle \u00e9dition du Forum mondial de l\u2019\u00e9conomie sociale et solidaire \u00e0 Bordeaux du 29 au 31 octobre 2021. Pour ne manquer aucun des num\u00e9ros \u00e0 venir (tous les mois et demi [&hellip;]","og_url":"https:\/\/bordeauxgsef2025.org\/en\/ressources\/newsletter-bordeaux-gsef-2025\/","og_site_name":"FORUM MONDIAL DE l&#039;\u00c9CONOMIE SOCIALE ET SOLIDAIRE","article_publisher":"https:\/\/www.facebook.com\/BordeauxGSEF2025\/","article_modified_time":"2025-09-15T14:54:02+00:00","og_image":[{"width":1200,"height":675,"url":"https:\/\/bordeauxgsef2025.org\/wp-content\/uploads\/2024\/10\/YOAST-SEO-GSEF.png","type":"image\/png"}],"twitter_card":"summary_large_image","twitter_site":"@BdxGSEF2025","schema":{"@context":"https:\/\/schema.org","@graph":[{"@type":"WebPage","@id":"https:\/\/bordeauxgsef2025.org\/ressources\/newsletter-bordeaux-gsef-2025\/","url":"https:\/\/bordeauxgsef2025.org\/ressources\/newsletter-bordeaux-gsef-2025\/","name":"Newsletter Bordeaux GSEF 2025 &#8226; FORUM MONDIAL DE l&#039;\u00c9CONOMIE SOCIALE ET SOLIDAIRE","isPartOf":{"@id":"https:\/\/bordeauxgsef2025.org\/#website"},"datePublished":"2025-03-04T13:22:53+00:00","dateModified":"2025-09-15T14:54:02+00:00","breadcrumb":{"@id":"https:\/\/bordeauxgsef2025.org\/ressources\/newsletter-bordeaux-gsef-2025\/#breadcrumb"},"inLanguage":"en-US","potentialAction":[{"@type":"ReadAction","target":["https:\/\/bordeauxgsef2025.org\/ressources\/newsletter-bordeaux-gsef-2025\/"]}]},{"@type":"BreadcrumbList","@id":"https:\/\/bordeauxgsef2025.org\/ressources\/newsletter-bordeaux-gsef-2025\/#breadcrumb","itemListElement":[{"@type":"ListItem","position":1,"name":"Accueil","item":"https:\/\/bordeauxgsef2025.org\/"},{"@type":"ListItem","position":2,"name":"Ressources","item":"https:\/\/bordeauxgsef2025.org\/ressources\/"},{"@type":"ListItem","position":3,"name":"Newsletter Bordeaux GSEF 2025"}]},{"@type":"WebSite","@id":"https:\/\/bordeauxgsef2025.org\/#website","url":"https:\/\/bordeauxgsef2025.org\/","name":"FORUM MONDIAL DE l'\u00c9CONOMIE SOCIALE ET SOLIDAIRE","description":"Bordeaux 29 30 31 Octobre 2025","publisher":{"@id":"https:\/\/bordeauxgsef2025.org\/#organization"},"alternateName":"BORDEAUX GSEF 225","potentialAction":[{"@type":"SearchAction","target":{"@type":"EntryPoint","urlTemplate":"https:\/\/bordeauxgsef2025.org\/?s={search_term_string}"},"query-input":{"@type":"PropertyValueSpecification","valueRequired":true,"valueName":"search_term_string"}}],"inLanguage":"en-US"},{"@type":"Organization","@id":"https:\/\/bordeauxgsef2025.org\/#organization","name":"FORUM MONDIAL DE l'\u00c9CONOMIE SOCIALE ET SOLIDAIRE","alternateName":"Bordeaux Gsef 2025","url":"https:\/\/bordeauxgsef2025.org\/","logo":{"@type":"ImageObject","inLanguage":"en-US","@id":"https:\/\/bordeauxgsef2025.org\/#\/schema\/logo\/image\/","url":"https:\/\/bordeauxgsef2025.org\/wp-content\/uploads\/2024\/10\/logo-carre-gsef2025.png","contentUrl":"https:\/\/bordeauxgsef2025.org\/wp-content\/uploads\/2024\/10\/logo-carre-gsef2025.png","width":800,"height":800,"caption":"FORUM MONDIAL DE l'\u00c9CONOMIE SOCIALE ET SOLIDAIRE"},"image":{"@id":"https:\/\/bordeauxgsef2025.org\/#\/schema\/logo\/image\/"},"sameAs":["https:\/\/www.facebook.com\/BordeauxGSEF2025\/","https:\/\/x.com\/BdxGSEF2025","https:\/\/www.linkedin.com\/company\/bordeaux-gsef-2025\/","https:\/\/www.instagram.com\/bordeaux_gsef2025\/"]}]}},"coauthors":[],"author_meta":{"author_link":"https:\/\/bordeauxgsef2025.org\/en\/author\/lorena\/","display_name":"Lorena Lacombe"},"relative_dates":{"created":"Posted 1 year ago","modified":"Updated 8 months ago"},"absolute_dates":{"created":"Posted on 4 March 2025","modified":"Updated on 15 September 2025"},"absolute_dates_time":{"created":"Posted on 4 March 2025 14h22","modified":"Updated on 15 September 2025 16h54"},"featured_img_caption":"","featured_img":false,"series_order":"","_links":{"self":[{"href":"https:\/\/bordeauxgsef2025.org\/en\/wp-json\/wp\/v2\/pages\/3301","targetHints":{"allow":["GET"]}}],"collection":[{"href":"https:\/\/bordeauxgsef2025.org\/en\/wp-json\/wp\/v2\/pages"}],"about":[{"href":"https:\/\/bordeauxgsef2025.org\/en\/wp-json\/wp\/v2\/types\/page"}],"author":[{"embeddable":true,"href":"https:\/\/bordeauxgsef2025.org\/en\/wp-json\/wp\/v2\/users\/3"}],"replies":[{"embeddable":true,"href":"https:\/\/bordeauxgsef2025.org\/en\/wp-json\/wp\/v2\/comments?post=3301"}],"version-history":[{"count":52,"href":"https:\/\/bordeauxgsef2025.org\/en\/wp-json\/wp\/v2\/pages\/3301\/revisions"}],"predecessor-version":[{"id":6619,"href":"https:\/\/bordeauxgsef2025.org\/en\/wp-json\/wp\/v2\/pages\/3301\/revisions\/6619"}],"up":[{"embeddable":true,"href":"https:\/\/bordeauxgsef2025.org\/en\/wp-json\/wp\/v2\/pages\/531"}],"wp:attachment":[{"href":"https:\/\/bordeauxgsef2025.org\/en\/wp-json\/wp\/v2\/media?parent=3301"}],"curies":[{"name":"wp","href":"https:\/\/api.w.org\/{rel}","templated":true}]}}