{"id":3,"date":"2024-07-03T14:46:23","date_gmt":"2024-07-03T12:46:23","guid":{"rendered":"https:\/\/bordeauxgsef2025.org\/?page_id=3"},"modified":"2025-03-25T15:12:58","modified_gmt":"2025-03-25T14:12:58","slug":"politique-de-confidentialite","status":"publish","type":"page","link":"https:\/\/bordeauxgsef2025.org\/en\/politique-de-confidentialite\/","title":{"rendered":"Privacy policy"},"content":{"rendered":"<div style=\"height:30px\" aria-hidden=\"true\" class=\"wp-block-spacer\"><\/div>\n\n\n\n<h1 class=\"wp-block-heading has-text-align-center\"><strong>Privacy policy<\/strong><\/h1>\n\n\n\n<div style=\"height:30px\" aria-hidden=\"true\" class=\"wp-block-spacer\"><\/div>\n\n\n\n<h2 class=\"wp-block-heading\">Article 1: Introduction<\/h2>\n\n\n\n<p>This confidentiality policy applies to the :&nbsp;<a href=\"https:\/\/bordeauxgsef2025.org\/en\/mentions-legales\/\">https:\/\/bordeauxgsef2025.org\/en<\/a><\/p>\n\n\n\n<p>The purpose of this confidentiality policy is to inform users of the:<br>\u2022 The way in which their personal data is collected and processed. Personal data is any data that is likely to identify a user. This includes, in particular, a user's first and last names, age, postal address, e-mail address, location and IP address;<br>\u2022 The rights that users have over this data<br>\u2022 Who is responsible for processing the personal data collected and processed?<br>\u2022  To whom this data is transmitted ;<br>\u2022 Possibly, the site's policy on cookies.<\/p>\n\n\n\n<p>This privacy policy supplements the legal notice and the General Terms and Conditions of Use, which users can consult at the address below: <a href=\"https:\/\/bordeauxgsef2025.org\/en\/mentions-legales\/\">https:\/\/bordeauxgsef2025.org\/en\/mentions-legales\/<\/a><\/p>\n\n\n\n<div style=\"height:20px\" aria-hidden=\"true\" class=\"wp-block-spacer\"><\/div>\n\n\n\n<h2 class=\"wp-block-heading\">Article 2: General principles for data collection and processing<\/h2>\n\n\n\n<p>In accordance with the provisions of Article 5 of European Regulation 2016\/679, the collection and processing of site users' data complies with the following principles:<\/p>\n\n\n\n<ul class=\"wp-block-list\">\n<li>Lawfulness, fairness and transparency: data may only be collected and processed with the consent of the user who owns the data. Whenever personal data is collected, the user will be informed that his or her data is being collected and for what purpose;<\/li>\n\n\n\n<li>Limited purposes: data is collected and processed for one or more of the purposes set out in these general terms and conditions of use;<\/li>\n\n\n\n<li>Minimisation of data collection and processing: only the data necessary for the proper execution of the objectives pursued by the site are collected;<\/li>\n\n\n\n<li>Conservation of data reduced in time: data is kept for a limited period, of which the user is informed.<\/li>\n\n\n\n<li>Integrity and confidentiality of the data collected and processed: the data controller undertakes to guarantee the integrity and confidentiality of the data collected.<\/li>\n<\/ul>\n\n\n\n<p>In order to be lawful, and in accordance with the requirements of Article 6 of European Regulation 2016\/679, personal data may only be collected and processed if at least one of the following conditions is met:<\/p>\n\n\n\n<ul class=\"wp-block-list\">\n<li>The user has expressly consented to the processing ;<\/li>\n\n\n\n<li>The processing is necessary for the proper performance of a contract;<\/li>\n\n\n\n<li>The processing is carried out in accordance with a legal obligation;<\/li>\n\n\n\n<li>The processing is necessary in order to safeguard the vital interests of the data subject or of another natural person;<\/li>\n\n\n\n<li>Processing may be necessary for the performance of a task carried out in the public interest or in the exercise of official authority;<\/li>\n\n\n\n<li>The processing and collection of personal data is necessary for the purposes of the legitimate and private interests pursued by the controller or by a third party.<\/li>\n<\/ul>\n\n\n\n<div style=\"height:20px\" aria-hidden=\"true\" class=\"wp-block-spacer\"><\/div>\n\n\n\n<h2 class=\"wp-block-heading\">Article 3: Personal data collected and processed when browsing the site<\/h2>\n\n\n\n<h3 class=\"wp-block-heading\">A. Data collected and processed and method of collection<\/h3>\n\n\n\n<p>Le site collecte les adresse emails des visiteurs souhaitant s&rsquo;inscrire \u00e0 la newsletter du forum Gsef Bordeaux 2025.<\/p>\n\n\n\n<p>The data controller will keep all the data collected on the site's computer systems under reasonable security conditions for a period of : 3 years.<\/p>\n\n\n\n<p>La collecte et le traitement des donn\u00e9es issus des mails envoy\u00e9s directement par le formulaire de contact r\u00e9pondent aux finalit\u00e9s suivantes :<\/p>\n\n\n\n<ul class=\"wp-block-list\">\n<li>E-mail, nom, pr\u00e9nom : envoi de lettres d\u2019information, r\u00e9ponse \u00e0 une demande d\u2019information<\/li>\n\n\n\n<li>Inscription \u00e0 la newsletter : Se tenir inform\u00e9s sur l&rsquo;organisation du forum Gsef Bordeaux 2025<\/li>\n<\/ul>\n\n\n\n<h3 class=\"wp-block-heading\">B. Data transmission<\/h3>\n\n\n\n<p>We do not pass on data collected on the site to third parties.<\/p>\n\n\n\n<h3 class=\"wp-block-heading\">C. Data hosting<\/h3>\n\n\n\n<p>The website <a href=\"https:\/\/bordeauxgsef2025.org\/en\/mentions-legales\/\">https:\/\/bordeauxgsef2025.org\/en<\/a> is hosted by:<br><strong>OVH<\/strong><br>whose registered office is located at the following address: 2 rue Kellermann - 59100 Roubaix - France<br>phone: 1007<\/p>\n\n\n\n<p>The data collected and processed by the site is exclusively hosted and processed in France.<\/p>\n\n\n\n<div style=\"height:20px\" aria-hidden=\"true\" class=\"wp-block-spacer\"><\/div>\n\n\n\n<h2 class=\"wp-block-heading\">ARTICLE 4: DATA CONTROLLER AND DATA PROTECTION OFFICER<\/h2>\n\n\n\n<h3 class=\"wp-block-heading\">A. The data controller<\/h3>\n\n\n\n<p>The data controller is:<br>Fabienne ORE-COURREGELONGUE - Deputy Director and Head of the Social and Solidarity Economy Department at Bordeaux City Council<\/p>\n\n\n\n<p>He can be contacted as follows: via the contact button on the home page. <\/p>\n\n\n\n<p>The data controller is responsible for determining the purposes and means of processing personal data.<\/p>\n\n\n\n<h3 class=\"wp-block-heading\">B. Obligations of the data controller<\/h3>\n\n\n\n<p>The data controller undertakes to protect the personal data collected, not to pass it on to third parties without the user's knowledge and to respect the purposes for which the data was collected.<\/p>\n\n\n\n<p>The site has an SSL certificate to guarantee that information and data transfer via the site is secure.<\/p>\n\n\n\n<p>An SSL certificate (\u2018Secure Socket Layer\u2019 Certificate) is designed to secure the data exchanged between the user and the site.<\/p>\n\n\n\n<p>Furthermore, the data controller undertakes to notify the user in the event of rectification or deletion of the data, unless this would entail disproportionate formalities, costs and steps for the user.<\/p>\n\n\n\n<p>In the event that the integrity, confidentiality or security of the user's personal data is compromised, the data controller undertakes to inform the user by any means necessary.<\/p>\n\n\n\n<h3 class=\"wp-block-heading\">C. The Data Protection Officer<\/h3>\n\n\n\n<p>Furthermore, the user is informed that Fabienne ORE-COURREGELONGUE - Deputy Director and Head of the Social and Solidarity Economy Department at Bordeaux City Council has been appointed Data Protection Officer:<\/p>\n\n\n\n<p>The role of the Data Protection Officer is to ensure that national and supranational provisions relating to the collection and processing of personal data are properly implemented. He or she may also be appointed Data Protection Officer (DPO).<\/p>\n\n\n\n<p>He can be contacted as follows: via the contact button on the home page. <\/p>\n\n\n\n<div style=\"height:20px\" aria-hidden=\"true\" class=\"wp-block-spacer\"><\/div>\n\n\n\n<h2 class=\"wp-block-heading\">ARTICLE 5: USER RIGHTS<\/h2>\n\n\n\n<p>In accordance with the regulations concerning the processing of personal data, the user has the rights listed below.<\/p>\n\n\n\n<p>In order for the data controller to comply with the request, the user must provide the following information: first name, surname and e-mail address.<\/p>\n\n\n\n<p>The data controller is obliged to respond to the user within a maximum of 30 (thirty) days.<\/p>\n\n\n\n<h3 class=\"wp-block-heading\">A. Presentation of user rights with regard to data collection and processing<\/h3>\n\n\n\n<p><em>a. Right of access, rectification and deletion<\/em><br>Users may view, update, modify or request the deletion of data concerning them by following the procedure set out below:<br>The user must send an e-mail to the person responsible for processing personal data, specifying the subject of the request and using the contact e-mail address provided above.<\/p>\n\n\n\n<p><em>b. Right to data portability<\/em><br>Users have the right to request the portability of their personal data held by the site to another site, in accordance with the following procedure:<br>The user must send an e-mail to the person responsible for processing personal data, specifying the subject of the request and using the contact e-mail address provided above.<\/p>\n\n\n\n<p><em>c. Right to limit and object to data processing<\/em><br>The user has the right to request the limitation of or to oppose the processing of his\/her data by the site, without the site being able to refuse, unless it can demonstrate the existence of legitimate and overriding reasons, which may prevail over the interests and rights and freedoms of the user.<br>In order to request a restriction on the processing of his\/her data or to formulate an objection to the processing of his\/her data, the user must follow the following procedure:<br>The user must send an e-mail to the person responsible for processing personal data, specifying the subject of the request and using the contact e-mail address provided above.<\/p>\n\n\n\n<p><em>d. The right not to be subject to a decision based exclusively on an automated process<\/em><br>In accordance with the provisions of Regulation 2016\/679, the user has the right not to be subject to a decision based exclusively on an automated process if the decision produces legal effects concerning him or her, or significantly affects him or her in a similar way.<\/p>\n\n\n\n<p><em>e. Right to determine the fate of data after death<\/em><br>Users are reminded that they can organise what is to become of their data collected and processed if they die, in accordance with law no. 2016-1321 of 7 October 2016.<\/p>\n\n\n\n<p><em>f. Right to refer a matter to the competent supervisory authority<\/em><br>If the data controller decides not to respond to the user's request, and the user wishes to contest this decision, or if he\/she believes that one of the rights listed above has been infringed, he\/she is entitled to refer the matter to the CNIL (Commission Nationale de l'Informatique et des Libert\u00e9s, https:\/\/www.cnil.fr) or to any competent court.<\/p>\n\n\n\n<div style=\"height:20px\" aria-hidden=\"true\" class=\"wp-block-spacer\"><\/div>\n\n\n\n<h2 class=\"wp-block-heading\">ARTICLE 6: USE OF COOKIES<\/h2>\n\n\n\n<p>The site may use \u2018cookies\u2019.<br>A \u2018cookie\u2019 is a small file (less than 4 kb) stored by the site on the user's hard drive, containing information about the user's browsing habits.<br>These files enable us to process traffic statistics and information, facilitate browsing and improve the service for the user's convenience.<\/p>\n\n\n\n<p>For the use of \u2018cookie\u2019 files involving the storage and analysis of personal data, the user's consent must be obtained.<br>The user's consent is considered valid for a maximum period of 13 (thirteen) months. At the end of this period, the site will again request the user's authorisation to save \u2018cookies\u2019 files on their hard drive.<\/p>\n\n\n\n<p><em>a. The user's objection to the use of \u2018cookies\u2019 by the site<\/em><br>Users are informed that they may refuse to accept cookies by configuring their browser software.<br>For information, users can find out how to configure their browser software to prevent cookies being stored at the following addresses:<\/p>\n\n\n\n<ul class=\"wp-block-list\">\n<li>Chrome : https:\/\/support.google.com\/accounts\/answer\/61416?hl=fr<\/li>\n\n\n\n<li>Firefox : https:\/\/support.mozilla.org\/fr\/kb\/enable-and-disable-cookies-website-preferences<\/li>\n\n\n\n<li>Safari : https:\/\/www.apple.com\/legal\/privacy\/fr-ww\/<\/li>\n\n\n\n<li>Internet Explorer : https:\/\/support.microsoft.com\/fr-fr\/help\/17442\/windows-internet-explorer-delete-manage-cookies<\/li>\n\n\n\n<li>Opera : https:\/\/www.opera.com\/help\/tutorials\/security\/cookies\/<\/li>\n<\/ul>\n\n\n\n<p>If the user decides to deactivate the \u2018cookies\u2019 files, he\/she will be able to continue browsing the site. However, any malfunction of the site caused by this manipulation cannot be considered to be the fault of the site editor.<\/p>\n\n\n\n<p><em>b. Description of the \u2018cookie\u2019 files used by the site<\/em><br>The site editor draws the user's attention to the fact that the following cookies are used during browsing:<\/p>\n\n\n\n<ul class=\"wp-block-list\">\n<li>a session cookie is automatically installed. It is mandatory for the site to function properly.<\/li>\n\n\n\n<li>Google Analytics cookies to measure the site's audience&nbsp;<\/li>\n<\/ul>\n\n\n\n<div style=\"height:20px\" aria-hidden=\"true\" class=\"wp-block-spacer\"><\/div>\n\n\n\n<h2 class=\"wp-block-heading\">ARTICLE 7: CONDITIONS FOR AMENDING THE PRIVACY POLICY<\/h2>\n\n\n\n<p>This privacy policy can be consulted at any time on this page.<\/p>\n\n\n\n<p>The site editor reserves the right to modify it in order to ensure that it complies with current legislation. Consequently, the user is invited to consult this confidentiality policy regularly in order to keep abreast of the latest changes. Users are informed that this privacy policy was last updated on: 30 July 2024.<\/p>\n\n\n\n<p>By browsing the site, users certify that they have read and understood this privacy policy and accept its terms, particularly as regards the collection and processing of their personal data and the use of cookies.<\/p>\n\n\n\n<p>This confidentiality policy applies to the :&nbsp;<a href=\"https:\/\/bordeauxgsef2025.org\/en\/mentions-legales\/\">https:\/\/bordeauxgsef2025.org\/en<\/a><\/p>\n\n\n\n<p>The purpose of this confidentiality policy is to inform users of the:<br>\u2022 The way in which their personal data is collected and processed. Personal data is any data that is likely to identify a user. This includes, in particular, a user's first and last names, age, postal address, e-mail address, location and IP address;<br>\u2022 The rights that users have over this data<br>\u2022 Who is responsible for processing the personal data collected and processed?<br>\u2022  To whom this data is transmitted ;<br>\u2022 Possibly, the site's policy on cookies.<\/p>\n\n\n\n<p>This privacy policy supplements the legal notice and the General Terms and Conditions of Use, which users can consult at the address below:&nbsp;<a href=\"https:\/\/bordeauxgsef2025.org\/en\/mentions-legales\/\" data-type=\"link\" data-id=\"https:\/\/bordeauxgsef2025.org\/mentions-legales\/\">https:\/\/bordeauxgsef2025.org\/en\/mentions-legales\/<\/a><\/p>\n\n\n\n<p><\/p>","protected":false},"excerpt":{"rendered":"<p>Politique de confidentialit\u00e9 Article 1 : Pr\u00e9ambule Cette politique de confidentialit\u00e9 s\u2019applique au site :&nbsp;https:\/\/bordeauxgsef2025.org La pr\u00e9sente politique de confidentialit\u00e9 a pour but d\u2019exposer aux utilisateurs du site :\u2022 La mani\u00e8re dont sont collect\u00e9es et trait\u00e9es leurs donn\u00e9es \u00e0 caract\u00e8re personnel. Doivent \u00eatre consid\u00e9r\u00e9es comme donn\u00e9es personnelles toutes les donn\u00e9es \u00e9tant susceptibles d\u2019identifier un utilisateur. [&hellip;]<\/p>","protected":false},"author":1,"featured_media":0,"parent":0,"menu_order":0,"comment_status":"closed","ping_status":"closed","template":"","meta":{"_acf_changed":false,"advgb_blocks_editor_width":"","advgb_blocks_columns_visual_guide":"","footnotes":""},"class_list":["post-3","page","type-page","status-publish","hentry"],"acf":[],"yoast_head":"<!-- This site is optimized with the Yoast SEO plugin v26.5 - https:\/\/yoast.com\/wordpress\/plugins\/seo\/ -->\n<title>Politique de confidentialit\u00e9 &#8226; FORUM MONDIAL DE l&#039;\u00c9CONOMIE SOCIALE ET SOLIDAIRE<\/title>\n<meta name=\"robots\" content=\"index, follow, max-snippet:-1, max-image-preview:large, max-video-preview:-1\" \/>\n<link rel=\"canonical\" href=\"https:\/\/bordeauxgsef2025.org\/en\/politique-de-confidentialite\/\" \/>\n<meta property=\"og:locale\" content=\"en_US\" \/>\n<meta property=\"og:type\" content=\"article\" \/>\n<meta property=\"og:title\" content=\"Politique de confidentialit\u00e9 &#8226; FORUM MONDIAL DE l&#039;\u00c9CONOMIE SOCIALE ET SOLIDAIRE\" \/>\n<meta property=\"og:description\" content=\"Politique de confidentialit\u00e9 Article 1 : Pr\u00e9ambule Cette politique de confidentialit\u00e9 s\u2019applique au site :&nbsp;https:\/\/bordeauxgsef2025.org La pr\u00e9sente politique de confidentialit\u00e9 a pour but d\u2019exposer aux utilisateurs du site :\u2022 La mani\u00e8re dont sont collect\u00e9es et trait\u00e9es leurs donn\u00e9es \u00e0 caract\u00e8re personnel. Doivent \u00eatre consid\u00e9r\u00e9es comme donn\u00e9es personnelles toutes les donn\u00e9es \u00e9tant susceptibles d\u2019identifier un utilisateur. [&hellip;]\" \/>\n<meta property=\"og:url\" content=\"https:\/\/bordeauxgsef2025.org\/en\/politique-de-confidentialite\/\" \/>\n<meta property=\"og:site_name\" content=\"FORUM MONDIAL DE l&#039;\u00c9CONOMIE SOCIALE ET SOLIDAIRE\" \/>\n<meta property=\"article:publisher\" content=\"https:\/\/www.facebook.com\/BordeauxGSEF2025\/\" \/>\n<meta property=\"article:modified_time\" content=\"2025-03-25T14:12:58+00:00\" \/>\n<meta property=\"og:image\" content=\"https:\/\/bordeauxgsef2025.org\/wp-content\/uploads\/2024\/10\/YOAST-SEO-GSEF.png\" \/>\n\t<meta property=\"og:image:width\" content=\"1200\" \/>\n\t<meta property=\"og:image:height\" content=\"675\" \/>\n\t<meta property=\"og:image:type\" content=\"image\/png\" \/>\n<meta name=\"twitter:card\" content=\"summary_large_image\" \/>\n<meta name=\"twitter:site\" content=\"@BdxGSEF2025\" \/>\n<script type=\"application\/ld+json\" class=\"yoast-schema-graph\">{\"@context\":\"https:\/\/schema.org\",\"@graph\":[{\"@type\":\"WebPage\",\"@id\":\"https:\/\/bordeauxgsef2025.org\/politique-de-confidentialite\/\",\"url\":\"https:\/\/bordeauxgsef2025.org\/politique-de-confidentialite\/\",\"name\":\"Politique de confidentialit\u00e9 &#8226; FORUM MONDIAL DE l&#039;\u00c9CONOMIE SOCIALE ET SOLIDAIRE\",\"isPartOf\":{\"@id\":\"https:\/\/bordeauxgsef2025.org\/#website\"},\"datePublished\":\"2024-07-03T12:46:23+00:00\",\"dateModified\":\"2025-03-25T14:12:58+00:00\",\"breadcrumb\":{\"@id\":\"https:\/\/bordeauxgsef2025.org\/politique-de-confidentialite\/#breadcrumb\"},\"inLanguage\":\"en-US\",\"potentialAction\":[{\"@type\":\"ReadAction\",\"target\":[\"https:\/\/bordeauxgsef2025.org\/politique-de-confidentialite\/\"]}]},{\"@type\":\"BreadcrumbList\",\"@id\":\"https:\/\/bordeauxgsef2025.org\/politique-de-confidentialite\/#breadcrumb\",\"itemListElement\":[{\"@type\":\"ListItem\",\"position\":1,\"name\":\"Accueil\",\"item\":\"https:\/\/bordeauxgsef2025.org\/\"},{\"@type\":\"ListItem\",\"position\":2,\"name\":\"Politique de confidentialit\u00e9\"}]},{\"@type\":\"WebSite\",\"@id\":\"https:\/\/bordeauxgsef2025.org\/#website\",\"url\":\"https:\/\/bordeauxgsef2025.org\/\",\"name\":\"FORUM MONDIAL DE l'\u00c9CONOMIE SOCIALE ET SOLIDAIRE\",\"description\":\"Bordeaux 29 30 31 Octobre 2025\",\"publisher\":{\"@id\":\"https:\/\/bordeauxgsef2025.org\/#organization\"},\"alternateName\":\"BORDEAUX GSEF 225\",\"potentialAction\":[{\"@type\":\"SearchAction\",\"target\":{\"@type\":\"EntryPoint\",\"urlTemplate\":\"https:\/\/bordeauxgsef2025.org\/?s={search_term_string}\"},\"query-input\":{\"@type\":\"PropertyValueSpecification\",\"valueRequired\":true,\"valueName\":\"search_term_string\"}}],\"inLanguage\":\"en-US\"},{\"@type\":\"Organization\",\"@id\":\"https:\/\/bordeauxgsef2025.org\/#organization\",\"name\":\"FORUM MONDIAL DE l'\u00c9CONOMIE SOCIALE ET SOLIDAIRE\",\"alternateName\":\"Bordeaux Gsef 2025\",\"url\":\"https:\/\/bordeauxgsef2025.org\/\",\"logo\":{\"@type\":\"ImageObject\",\"inLanguage\":\"en-US\",\"@id\":\"https:\/\/bordeauxgsef2025.org\/#\/schema\/logo\/image\/\",\"url\":\"https:\/\/bordeauxgsef2025.org\/wp-content\/uploads\/2024\/10\/logo-carre-gsef2025.png\",\"contentUrl\":\"https:\/\/bordeauxgsef2025.org\/wp-content\/uploads\/2024\/10\/logo-carre-gsef2025.png\",\"width\":800,\"height\":800,\"caption\":\"FORUM MONDIAL DE l'\u00c9CONOMIE SOCIALE ET SOLIDAIRE\"},\"image\":{\"@id\":\"https:\/\/bordeauxgsef2025.org\/#\/schema\/logo\/image\/\"},\"sameAs\":[\"https:\/\/www.facebook.com\/BordeauxGSEF2025\/\",\"https:\/\/x.com\/BdxGSEF2025\",\"https:\/\/www.linkedin.com\/company\/bordeaux-gsef-2025\/\",\"https:\/\/www.instagram.com\/bordeaux_gsef2025\/\"]}]}<\/script>\n<!-- \/ Yoast SEO plugin. -->","yoast_head_json":{"title":"Politique de confidentialit\u00e9 &#8226; FORUM MONDIAL DE l&#039;\u00c9CONOMIE SOCIALE ET SOLIDAIRE","robots":{"index":"index","follow":"follow","max-snippet":"max-snippet:-1","max-image-preview":"max-image-preview:large","max-video-preview":"max-video-preview:-1"},"canonical":"https:\/\/bordeauxgsef2025.org\/en\/politique-de-confidentialite\/","og_locale":"en_US","og_type":"article","og_title":"Politique de confidentialit\u00e9 &#8226; FORUM MONDIAL DE l&#039;\u00c9CONOMIE SOCIALE ET SOLIDAIRE","og_description":"Politique de confidentialit\u00e9 Article 1 : Pr\u00e9ambule Cette politique de confidentialit\u00e9 s\u2019applique au site :&nbsp;https:\/\/bordeauxgsef2025.org La pr\u00e9sente politique de confidentialit\u00e9 a pour but d\u2019exposer aux utilisateurs du site :\u2022 La mani\u00e8re dont sont collect\u00e9es et trait\u00e9es leurs donn\u00e9es \u00e0 caract\u00e8re personnel. Doivent \u00eatre consid\u00e9r\u00e9es comme donn\u00e9es personnelles toutes les donn\u00e9es \u00e9tant susceptibles d\u2019identifier un utilisateur. [&hellip;]","og_url":"https:\/\/bordeauxgsef2025.org\/en\/politique-de-confidentialite\/","og_site_name":"FORUM MONDIAL DE l&#039;\u00c9CONOMIE SOCIALE ET SOLIDAIRE","article_publisher":"https:\/\/www.facebook.com\/BordeauxGSEF2025\/","article_modified_time":"2025-03-25T14:12:58+00:00","og_image":[{"width":1200,"height":675,"url":"https:\/\/bordeauxgsef2025.org\/wp-content\/uploads\/2024\/10\/YOAST-SEO-GSEF.png","type":"image\/png"}],"twitter_card":"summary_large_image","twitter_site":"@BdxGSEF2025","schema":{"@context":"https:\/\/schema.org","@graph":[{"@type":"WebPage","@id":"https:\/\/bordeauxgsef2025.org\/politique-de-confidentialite\/","url":"https:\/\/bordeauxgsef2025.org\/politique-de-confidentialite\/","name":"Politique de confidentialit\u00e9 &#8226; FORUM MONDIAL DE l&#039;\u00c9CONOMIE SOCIALE ET SOLIDAIRE","isPartOf":{"@id":"https:\/\/bordeauxgsef2025.org\/#website"},"datePublished":"2024-07-03T12:46:23+00:00","dateModified":"2025-03-25T14:12:58+00:00","breadcrumb":{"@id":"https:\/\/bordeauxgsef2025.org\/politique-de-confidentialite\/#breadcrumb"},"inLanguage":"en-US","potentialAction":[{"@type":"ReadAction","target":["https:\/\/bordeauxgsef2025.org\/politique-de-confidentialite\/"]}]},{"@type":"BreadcrumbList","@id":"https:\/\/bordeauxgsef2025.org\/politique-de-confidentialite\/#breadcrumb","itemListElement":[{"@type":"ListItem","position":1,"name":"Accueil","item":"https:\/\/bordeauxgsef2025.org\/"},{"@type":"ListItem","position":2,"name":"Politique de confidentialit\u00e9"}]},{"@type":"WebSite","@id":"https:\/\/bordeauxgsef2025.org\/#website","url":"https:\/\/bordeauxgsef2025.org\/","name":"FORUM MONDIAL DE l'\u00c9CONOMIE SOCIALE ET SOLIDAIRE","description":"Bordeaux 29 30 31 Octobre 2025","publisher":{"@id":"https:\/\/bordeauxgsef2025.org\/#organization"},"alternateName":"BORDEAUX GSEF 225","potentialAction":[{"@type":"SearchAction","target":{"@type":"EntryPoint","urlTemplate":"https:\/\/bordeauxgsef2025.org\/?s={search_term_string}"},"query-input":{"@type":"PropertyValueSpecification","valueRequired":true,"valueName":"search_term_string"}}],"inLanguage":"en-US"},{"@type":"Organization","@id":"https:\/\/bordeauxgsef2025.org\/#organization","name":"FORUM MONDIAL DE l'\u00c9CONOMIE SOCIALE ET SOLIDAIRE","alternateName":"Bordeaux Gsef 2025","url":"https:\/\/bordeauxgsef2025.org\/","logo":{"@type":"ImageObject","inLanguage":"en-US","@id":"https:\/\/bordeauxgsef2025.org\/#\/schema\/logo\/image\/","url":"https:\/\/bordeauxgsef2025.org\/wp-content\/uploads\/2024\/10\/logo-carre-gsef2025.png","contentUrl":"https:\/\/bordeauxgsef2025.org\/wp-content\/uploads\/2024\/10\/logo-carre-gsef2025.png","width":800,"height":800,"caption":"FORUM MONDIAL DE l'\u00c9CONOMIE SOCIALE ET SOLIDAIRE"},"image":{"@id":"https:\/\/bordeauxgsef2025.org\/#\/schema\/logo\/image\/"},"sameAs":["https:\/\/www.facebook.com\/BordeauxGSEF2025\/","https:\/\/x.com\/BdxGSEF2025","https:\/\/www.linkedin.com\/company\/bordeaux-gsef-2025\/","https:\/\/www.instagram.com\/bordeaux_gsef2025\/"]}]}},"coauthors":[],"author_meta":{"author_link":"https:\/\/bordeauxgsef2025.org\/en\/author\/admin-ot\/","display_name":"admin-ot"},"relative_dates":{"created":"Posted 2 years ago","modified":"Updated 1 year ago"},"absolute_dates":{"created":"Posted on 3 July 2024","modified":"Updated on 25 March 2025"},"absolute_dates_time":{"created":"Posted on 3 July 2024 14h46","modified":"Updated on 25 March 2025 15h12"},"featured_img_caption":"","featured_img":false,"series_order":"","_links":{"self":[{"href":"https:\/\/bordeauxgsef2025.org\/en\/wp-json\/wp\/v2\/pages\/3","targetHints":{"allow":["GET"]}}],"collection":[{"href":"https:\/\/bordeauxgsef2025.org\/en\/wp-json\/wp\/v2\/pages"}],"about":[{"href":"https:\/\/bordeauxgsef2025.org\/en\/wp-json\/wp\/v2\/types\/page"}],"author":[{"embeddable":true,"href":"https:\/\/bordeauxgsef2025.org\/en\/wp-json\/wp\/v2\/users\/1"}],"replies":[{"embeddable":true,"href":"https:\/\/bordeauxgsef2025.org\/en\/wp-json\/wp\/v2\/comments?post=3"}],"version-history":[{"count":9,"href":"https:\/\/bordeauxgsef2025.org\/en\/wp-json\/wp\/v2\/pages\/3\/revisions"}],"predecessor-version":[{"id":3676,"href":"https:\/\/bordeauxgsef2025.org\/en\/wp-json\/wp\/v2\/pages\/3\/revisions\/3676"}],"wp:attachment":[{"href":"https:\/\/bordeauxgsef2025.org\/en\/wp-json\/wp\/v2\/media?parent=3"}],"curies":[{"name":"wp","href":"https:\/\/api.w.org\/{rel}","templated":true}]}}