{"id":1644,"date":"2024-10-17T11:48:29","date_gmt":"2024-10-17T09:48:29","guid":{"rendered":"https:\/\/bordeauxgsef2025.org\/?page_id=1644"},"modified":"2024-12-02T15:03:16","modified_gmt":"2024-12-02T14:03:16","slug":"gsef-editions-precedentes","status":"publish","type":"page","link":"https:\/\/bordeauxgsef2025.org\/en\/le-gsef\/gsef-editions-precedentes\/","title":{"rendered":"Previous editions"},"content":{"rendered":"<div style=\"height:20px\" aria-hidden=\"true\" class=\"wp-block-spacer\"><\/div>\n\n\n<div class=\"yoast-breadcrumbs\"><span><span><a href=\"https:\/\/bordeauxgsef2025.org\/en\/\">Home<\/a><\/span> \u00bb <span><a href=\"https:\/\/bordeauxgsef2025.org\/en\/le-gsef\/\">GSEF<\/a><\/span> \u00bb <span class=\"breadcrumb_last\" aria-current=\"page\"><strong>Previous editions<\/strong><\/span><\/span><\/div>\n\n\n<div style=\"height:20px\" aria-hidden=\"true\" class=\"wp-block-spacer\"><\/div>\n\n\n\n<h1 class=\"wp-block-heading\"><strong>Previous editions<\/strong> of the forum<\/h1>\n\n\n\n<div class=\"wp-block-columns bloc-blanc  has-white-background-color has-background is-layout-flex wp-container-core-columns-is-layout-28f84493 wp-block-columns-is-layout-flex\">\n<div class=\"wp-block-column is-vertically-aligned-stretch is-layout-flow wp-block-column-is-layout-flow\" style=\"flex-basis:100%\">\n<p><strong>In 10 years, the GSEF has become a recognised global network, demonstrating its ability to mobilise a wide range of players from every continent. This is illustrated by the success of the last six GSEF Global Forums (Seoul, Montreal, Bilbao, Mexico and Dakar). Every two years, the GSEF General Assembly entrusts the organization of this major event to a candidate host city. <mark style=\"background-color:rgba(0, 0, 0, 0);color:#e4003e\" class=\"has-inline-color\">Bordeaux will host the 7th edition of the Forum.<\/mark><\/strong><\/p>\n\n\n\n<figure data-wp-context=\"{&quot;imageId&quot;:&quot;69d493e07736f&quot;}\" data-wp-interactive=\"core\/image\" data-wp-key=\"69d493e07736f\" class=\"wp-block-image aligncenter size-full wp-lightbox-container\"><img fetchpriority=\"high\" decoding=\"async\" width=\"1024\" height=\"287\" data-wp-class--hide=\"state.isContentHidden\" data-wp-class--show=\"state.isContentVisible\" data-wp-init=\"callbacks.setButtonStyles\" data-wp-on--click=\"actions.showLightbox\" data-wp-on--load=\"callbacks.setButtonStyles\" data-wp-on-window--resize=\"callbacks.setButtonStyles\" sizes=\"(max-width: 1024px) 100vw, 1024px\" src=\"https:\/\/bordeauxgsef2025.org\/wp-content\/uploads\/2024\/10\/timeline-gsef-forums-historique.png\" alt=\"\" class=\"wp-image-1696\" srcset=\"https:\/\/bordeauxgsef2025.org\/wp-content\/uploads\/2024\/10\/timeline-gsef-forums-historique.png 1024w, https:\/\/bordeauxgsef2025.org\/wp-content\/uploads\/2024\/10\/timeline-gsef-forums-historique-300x84.png 300w, https:\/\/bordeauxgsef2025.org\/wp-content\/uploads\/2024\/10\/timeline-gsef-forums-historique-768x215.png 768w, https:\/\/bordeauxgsef2025.org\/wp-content\/uploads\/2024\/10\/timeline-gsef-forums-historique-18x5.png 18w\" \/><button\n\t\t\tclass=\"lightbox-trigger\"\n\t\t\ttype=\"button\"\n\t\t\taria-haspopup=\"dialog\"\n\t\t\taria-label=\"Enlarge\"\n\t\t\tdata-wp-init=\"callbacks.initTriggerButton\"\n\t\t\tdata-wp-on--click=\"actions.showLightbox\"\n\t\t\tdata-wp-style--right=\"state.imageButtonRight\"\n\t\t\tdata-wp-style--top=\"state.imageButtonTop\"\n\t\t>\n\t\t\t<svg xmlns=\"http:\/\/www.w3.org\/2000\/svg\" width=\"12\" height=\"12\" fill=\"none\" viewbox=\"0 0 12 12\">\n\t\t\t\t<path fill=\"#fff\" d=\"M2 0a2 2 0 0 0-2 2v2h1.5V2a.5.5 0 0 1 .5-.5h2V0H2Zm2 10.5H2a.5.5 0 0 1-.5-.5V8H0v2a2 2 0 0 0 2 2h2v-1.5ZM8 12v-1.5h2a.5.5 0 0 0 .5-.5V8H12v2a2 2 0 0 1-2 2H8Zm2-12a2 2 0 0 1 2 2v2h-1.5V2a.5.5 0 0 0-.5-.5H8V0h2Z\" \/>\n\t\t\t<\/svg>\n\t\t<\/button><\/figure>\n<\/div>\n<\/div>\n\n\n\n<div style=\"height:46px\" aria-hidden=\"true\" class=\"wp-block-spacer\"><\/div>\n\n\n\n<h2 class=\"wp-block-heading has-text-align-center\"><strong>The GSEF Declarations<\/strong><\/h2>\n\n\n\n<p class=\"has-text-align-center\">In addition to fostering exchanges of experience and expertise, each edition of the Global SSE Forum pursues a political objective of deploying the Social and Solidarity Economy. A final declaration sets out the political commitments made, translating into a roadmap for the next two years.<\/p>\n\n\n\n<div class=\"wp-block-columns is-layout-flex wp-container-core-columns-is-layout-28f84493 wp-block-columns-is-layout-flex\">\n<div class=\"wp-block-column bloc-blanc  has-white-background-color has-background is-layout-flow wp-block-column-is-layout-flow\">\n<h3 class=\"wp-block-heading has-text-align-center\"><strong>GSEF 2014<\/strong><\/h3>\n\n\n\n<p class=\"has-text-align-center\"><a href=\"https:\/\/www.gsef-net.org\/en\/the-seoul-declaration\" target=\"_blank\" rel=\"noreferrer noopener\">The Seoul Declaration<\/a><\/p>\n<\/div>\n\n\n\n<div class=\"wp-block-column bloc-blanc  has-white-background-color has-background is-layout-flow wp-block-column-is-layout-flow\">\n<h3 class=\"wp-block-heading has-text-align-center\"><strong>GSEF 2016<\/strong><\/h3>\n\n\n\n<p class=\"has-text-align-center\"><a href=\"https:\/\/www.gsef-net.org\/en\/the-montreal-declaration\" target=\"_blank\" rel=\"noreferrer noopener\">The Montreal Declaration<\/a><\/p>\n<\/div>\n\n\n\n<div class=\"wp-block-column bloc-blanc  has-white-background-color has-background is-layout-flow wp-block-column-is-layout-flow\">\n<h3 class=\"wp-block-heading has-text-align-center\"><strong>GSEF 2018<\/strong><\/h3>\n\n\n\n<p class=\"has-text-align-center\"><a href=\"https:\/\/www.gsef-net.org\/en\/node\/26139\" target=\"_blank\" rel=\"noreferrer noopener\">The Bilbao Declaration<\/a><\/p>\n<\/div>\n\n\n\n<div class=\"wp-block-column bloc-blanc  has-white-background-color has-background is-layout-flow wp-block-column-is-layout-flow\">\n<h3 class=\"wp-block-heading has-text-align-center\"><strong>GSEF 2021<\/strong><\/h3>\n\n\n\n<p class=\"has-text-align-center\"><a href=\"https:\/\/www.gsef-net.org\/en\/the-mexico-city-declaration\" target=\"_blank\" rel=\"noreferrer noopener\">The Mexico City Declaration<\/a><\/p>\n<\/div>\n\n\n\n<div class=\"wp-block-column bloc-blanc  has-white-background-color has-background is-layout-flow wp-block-column-is-layout-flow\">\n<h3 class=\"wp-block-heading has-text-align-center\"><strong>GSEF 2023<\/strong><\/h3>\n\n\n\n<p class=\"has-text-align-center\"><a href=\"https:\/\/dakar2023.gsef-net.org\/en\/gsef_declarationdakargsef2023\/\" target=\"_blank\" rel=\"noreferrer noopener\">The Dakar Declaration<\/a><\/p>\n<\/div>\n<\/div>\n\n\n\n<div style=\"height:27px\" aria-hidden=\"true\" class=\"wp-block-spacer\"><\/div>\n\n\n\n<div style=\"height:46px\" aria-hidden=\"true\" class=\"wp-block-spacer\"><\/div>\n\n\n\n<div class=\"wp-block-columns bloc-blanc  has-white-background-color has-background is-layout-flex wp-container-core-columns-is-layout-28f84493 wp-block-columns-is-layout-flex\">\n<div class=\"wp-block-column is-vertically-aligned-stretch is-layout-flow wp-block-column-is-layout-flow\" style=\"flex-basis:100%\">\n<div class=\"wp-block-columns is-layout-flex wp-container-core-columns-is-layout-28f84493 wp-block-columns-is-layout-flex\">\n<div class=\"wp-block-column is-layout-flow wp-block-column-is-layout-flow\" style=\"flex-basis:70%\">\n<h2 class=\"wp-block-heading\"><mark style=\"background-color:rgba(0, 0, 0, 0);color:#fcc00b\" class=\"has-inline-color\"><strong>Focus on<\/strong><\/mark> <strong>DakarGSEF2023<\/strong><\/h2>\n\n\n\n<p><strong>Dakar hosted the 2023 edition of the GSEF Global SSE Forum, co-organised by the City of Dakar, RACTES, the GSEF and the Senegalese Ministry of Micro\ufb01nance and SSE. <\/strong>This six-day event featured a GSEF Forum preceded by two pre-forum events: \u201cJeun\u2019ESS\u201d focusing on youth, and \u201cFemm\u2019ESS\u201d focusing on women. The event was very well attended, with a large number of participants from Senegal and West Africa. This edition culminated in the\nreading of the Dakar Declaration at the closing plenary session.<\/p>\n\n\n\n<ul class=\"wp-block-list\">\n<li>10 plenary sessions<\/li>\n\n\n\n<li>More than 250 contributions<\/li>\n\n\n\n<li>80 workshops and self-managed sessions<\/li>\n\n\n\n<li>402 speakers from 37 countries on 5 continents<\/li>\n\n\n\n<li>3,000 participants<\/li>\n\n\n\n<li>230 national and local governments\nrepresented<\/li>\n\n\n\n<li>260 cities in 60 countries on 5 continents<\/li>\n<\/ul>\n<\/div>\n\n\n\n<div class=\"wp-block-column is-layout-flow wp-block-column-is-layout-flow\" style=\"flex-basis:30%\">\n<figure class=\"wp-block-image size-full\"><img decoding=\"async\" width=\"292\" height=\"314\" sizes=\"(max-width: 292px) 100vw, 292px\" src=\"https:\/\/bordeauxgsef2025.org\/wp-content\/uploads\/2024\/10\/illu-dakar.png\" alt=\"\" class=\"wp-image-1658\" srcset=\"https:\/\/bordeauxgsef2025.org\/wp-content\/uploads\/2024\/10\/illu-dakar.png 292w, https:\/\/bordeauxgsef2025.org\/wp-content\/uploads\/2024\/10\/illu-dakar-279x300.png 279w, https:\/\/bordeauxgsef2025.org\/wp-content\/uploads\/2024\/10\/illu-dakar-11x12.png 11w\" \/><\/figure>\n\n\n\n<figure class=\"wp-block-image size-full\"><img decoding=\"async\" width=\"870\" height=\"390\" sizes=\"(max-width: 870px) 100vw, 870px\" src=\"https:\/\/bordeauxgsef2025.org\/wp-content\/uploads\/2024\/10\/gsef-dakar2023-02.jpg\" alt=\"\" class=\"wp-image-1704\" srcset=\"https:\/\/bordeauxgsef2025.org\/wp-content\/uploads\/2024\/10\/gsef-dakar2023-02.jpg 870w, https:\/\/bordeauxgsef2025.org\/wp-content\/uploads\/2024\/10\/gsef-dakar2023-02-300x134.jpg 300w, https:\/\/bordeauxgsef2025.org\/wp-content\/uploads\/2024\/10\/gsef-dakar2023-02-768x344.jpg 768w, https:\/\/bordeauxgsef2025.org\/wp-content\/uploads\/2024\/10\/gsef-dakar2023-02-18x8.jpg 18w\" \/><\/figure>\n<\/div>\n<\/div>\n\n\n\n<div class=\"wp-block-buttons is-content-justification-center is-layout-flex wp-container-core-buttons-is-layout-a89b3969 wp-block-buttons-is-layout-flex\">\n<div class=\"wp-block-button\"><a class=\"wp-block-button__link has-white-color has-text-color has-background has-link-color wp-element-button\" href=\"https:\/\/dakar2023.gsef-net.org\/en\/\" style=\"border-radius:0px;background-color:#009541\" target=\"_blank\" rel=\"noreferrer noopener\"><strong>Dakar Forum in words and pictures (proceedings, videos...)<\/strong><\/a><\/div>\n<\/div>\n<\/div>\n<\/div>\n\n\n\n<p><\/p>","protected":false},"excerpt":{"rendered":"<p>Les \u00e9ditions pr\u00e9c\u00e9dentes du forum Au cours des dix derni\u00e8res ann\u00e9es, le GSEF a acquis une r\u00e9putation internationale, d\u00e9montrant sa capacit\u00e9 \u00e0 mobiliser une multitude d&rsquo;acteurs de tous les continents. C&rsquo;est notamment le cas des six derni\u00e8res \u00e9ditions des Forums mondiaux GSEF (S\u00e9oul, Montr\u00e9al, Bilbao, Mexico et Dakar). L\u2019assembl\u00e9e g\u00e9n\u00e9rale du GSEF confie tous les [&hellip;]<\/p>","protected":false},"author":1,"featured_media":0,"parent":2410,"menu_order":2,"comment_status":"closed","ping_status":"closed","template":"","meta":{"_acf_changed":false,"advgb_blocks_editor_width":"","advgb_blocks_columns_visual_guide":"","footnotes":""},"class_list":["post-1644","page","type-page","status-publish","hentry"],"acf":[],"yoast_head":"<!-- This site is optimized with the Yoast SEO plugin v26.5 - https:\/\/yoast.com\/wordpress\/plugins\/seo\/ -->\n<title>Les \u00e9ditions pr\u00e9c\u00e9dentes &#8226; FORUM MONDIAL DE l&#039;\u00c9CONOMIE SOCIALE ET SOLIDAIRE<\/title>\n<meta name=\"robots\" content=\"index, follow, max-snippet:-1, max-image-preview:large, max-video-preview:-1\" \/>\n<link rel=\"canonical\" href=\"https:\/\/bordeauxgsef2025.org\/en\/le-gsef\/gsef-editions-precedentes\/\" \/>\n<meta property=\"og:locale\" content=\"en_US\" \/>\n<meta property=\"og:type\" content=\"article\" \/>\n<meta property=\"og:title\" content=\"Les \u00e9ditions pr\u00e9c\u00e9dentes &#8226; FORUM MONDIAL DE l&#039;\u00c9CONOMIE SOCIALE ET SOLIDAIRE\" \/>\n<meta property=\"og:description\" content=\"Les \u00e9ditions pr\u00e9c\u00e9dentes du forum Au cours des dix derni\u00e8res ann\u00e9es, le GSEF a acquis une r\u00e9putation internationale, d\u00e9montrant sa capacit\u00e9 \u00e0 mobiliser une multitude d&rsquo;acteurs de tous les continents. C&rsquo;est notamment le cas des six derni\u00e8res \u00e9ditions des Forums mondiaux GSEF (S\u00e9oul, Montr\u00e9al, Bilbao, Mexico et Dakar). L\u2019assembl\u00e9e g\u00e9n\u00e9rale du GSEF confie tous les [&hellip;]\" \/>\n<meta property=\"og:url\" content=\"https:\/\/bordeauxgsef2025.org\/en\/le-gsef\/gsef-editions-precedentes\/\" \/>\n<meta property=\"og:site_name\" content=\"FORUM MONDIAL DE l&#039;\u00c9CONOMIE SOCIALE ET SOLIDAIRE\" \/>\n<meta property=\"article:publisher\" content=\"https:\/\/www.facebook.com\/BordeauxGSEF2025\/\" \/>\n<meta property=\"article:modified_time\" content=\"2024-12-02T14:03:16+00:00\" \/>\n<meta property=\"og:image\" content=\"https:\/\/bordeauxgsef2025.org\/wp-content\/uploads\/2024\/10\/timeline-gsef-forums-historique.png\" \/>\n\t<meta property=\"og:image:width\" content=\"1024\" \/>\n\t<meta property=\"og:image:height\" content=\"287\" \/>\n\t<meta property=\"og:image:type\" content=\"image\/png\" \/>\n<meta name=\"twitter:card\" content=\"summary_large_image\" \/>\n<meta name=\"twitter:site\" content=\"@BdxGSEF2025\" \/>\n<script type=\"application\/ld+json\" class=\"yoast-schema-graph\">{\"@context\":\"https:\/\/schema.org\",\"@graph\":[{\"@type\":\"WebPage\",\"@id\":\"https:\/\/bordeauxgsef2025.org\/le-gsef\/gsef-editions-precedentes\/\",\"url\":\"https:\/\/bordeauxgsef2025.org\/le-gsef\/gsef-editions-precedentes\/\",\"name\":\"Les \u00e9ditions pr\u00e9c\u00e9dentes &#8226; FORUM MONDIAL DE l&#039;\u00c9CONOMIE SOCIALE ET SOLIDAIRE\",\"isPartOf\":{\"@id\":\"https:\/\/bordeauxgsef2025.org\/#website\"},\"primaryImageOfPage\":{\"@id\":\"https:\/\/bordeauxgsef2025.org\/le-gsef\/gsef-editions-precedentes\/#primaryimage\"},\"image\":{\"@id\":\"https:\/\/bordeauxgsef2025.org\/le-gsef\/gsef-editions-precedentes\/#primaryimage\"},\"thumbnailUrl\":\"https:\/\/bordeauxgsef2025.org\/wp-content\/uploads\/2024\/10\/timeline-gsef-forums-historique.png\",\"datePublished\":\"2024-10-17T09:48:29+00:00\",\"dateModified\":\"2024-12-02T14:03:16+00:00\",\"breadcrumb\":{\"@id\":\"https:\/\/bordeauxgsef2025.org\/le-gsef\/gsef-editions-precedentes\/#breadcrumb\"},\"inLanguage\":\"en-US\",\"potentialAction\":[{\"@type\":\"ReadAction\",\"target\":[\"https:\/\/bordeauxgsef2025.org\/le-gsef\/gsef-editions-precedentes\/\"]}]},{\"@type\":\"ImageObject\",\"inLanguage\":\"en-US\",\"@id\":\"https:\/\/bordeauxgsef2025.org\/le-gsef\/gsef-editions-precedentes\/#primaryimage\",\"url\":\"https:\/\/bordeauxgsef2025.org\/wp-content\/uploads\/2024\/10\/timeline-gsef-forums-historique.png\",\"contentUrl\":\"https:\/\/bordeauxgsef2025.org\/wp-content\/uploads\/2024\/10\/timeline-gsef-forums-historique.png\"},{\"@type\":\"BreadcrumbList\",\"@id\":\"https:\/\/bordeauxgsef2025.org\/le-gsef\/gsef-editions-precedentes\/#breadcrumb\",\"itemListElement\":[{\"@type\":\"ListItem\",\"position\":1,\"name\":\"Accueil\",\"item\":\"https:\/\/bordeauxgsef2025.org\/\"},{\"@type\":\"ListItem\",\"position\":2,\"name\":\"Le Gsef\",\"item\":\"https:\/\/bordeauxgsef2025.org\/le-gsef\/\"},{\"@type\":\"ListItem\",\"position\":3,\"name\":\"Les \u00e9ditions pr\u00e9c\u00e9dentes\"}]},{\"@type\":\"WebSite\",\"@id\":\"https:\/\/bordeauxgsef2025.org\/#website\",\"url\":\"https:\/\/bordeauxgsef2025.org\/\",\"name\":\"FORUM MONDIAL DE l'\u00c9CONOMIE SOCIALE ET SOLIDAIRE\",\"description\":\"Bordeaux 29 30 31 Octobre 2025\",\"publisher\":{\"@id\":\"https:\/\/bordeauxgsef2025.org\/#organization\"},\"alternateName\":\"BORDEAUX GSEF 225\",\"potentialAction\":[{\"@type\":\"SearchAction\",\"target\":{\"@type\":\"EntryPoint\",\"urlTemplate\":\"https:\/\/bordeauxgsef2025.org\/?s={search_term_string}\"},\"query-input\":{\"@type\":\"PropertyValueSpecification\",\"valueRequired\":true,\"valueName\":\"search_term_string\"}}],\"inLanguage\":\"en-US\"},{\"@type\":\"Organization\",\"@id\":\"https:\/\/bordeauxgsef2025.org\/#organization\",\"name\":\"FORUM MONDIAL DE l'\u00c9CONOMIE SOCIALE ET SOLIDAIRE\",\"alternateName\":\"Bordeaux Gsef 2025\",\"url\":\"https:\/\/bordeauxgsef2025.org\/\",\"logo\":{\"@type\":\"ImageObject\",\"inLanguage\":\"en-US\",\"@id\":\"https:\/\/bordeauxgsef2025.org\/#\/schema\/logo\/image\/\",\"url\":\"https:\/\/bordeauxgsef2025.org\/wp-content\/uploads\/2024\/10\/logo-carre-gsef2025.png\",\"contentUrl\":\"https:\/\/bordeauxgsef2025.org\/wp-content\/uploads\/2024\/10\/logo-carre-gsef2025.png\",\"width\":800,\"height\":800,\"caption\":\"FORUM MONDIAL DE l'\u00c9CONOMIE SOCIALE ET SOLIDAIRE\"},\"image\":{\"@id\":\"https:\/\/bordeauxgsef2025.org\/#\/schema\/logo\/image\/\"},\"sameAs\":[\"https:\/\/www.facebook.com\/BordeauxGSEF2025\/\",\"https:\/\/x.com\/BdxGSEF2025\",\"https:\/\/www.linkedin.com\/company\/bordeaux-gsef-2025\/\",\"https:\/\/www.instagram.com\/bordeaux_gsef2025\/\"]}]}<\/script>\n<!-- \/ Yoast SEO plugin. -->","yoast_head_json":{"title":"Les \u00e9ditions pr\u00e9c\u00e9dentes &#8226; FORUM MONDIAL DE l&#039;\u00c9CONOMIE SOCIALE ET SOLIDAIRE","robots":{"index":"index","follow":"follow","max-snippet":"max-snippet:-1","max-image-preview":"max-image-preview:large","max-video-preview":"max-video-preview:-1"},"canonical":"https:\/\/bordeauxgsef2025.org\/en\/le-gsef\/gsef-editions-precedentes\/","og_locale":"en_US","og_type":"article","og_title":"Les \u00e9ditions pr\u00e9c\u00e9dentes &#8226; FORUM MONDIAL DE l&#039;\u00c9CONOMIE SOCIALE ET SOLIDAIRE","og_description":"Les \u00e9ditions pr\u00e9c\u00e9dentes du forum Au cours des dix derni\u00e8res ann\u00e9es, le GSEF a acquis une r\u00e9putation internationale, d\u00e9montrant sa capacit\u00e9 \u00e0 mobiliser une multitude d&rsquo;acteurs de tous les continents. C&rsquo;est notamment le cas des six derni\u00e8res \u00e9ditions des Forums mondiaux GSEF (S\u00e9oul, Montr\u00e9al, Bilbao, Mexico et Dakar). L\u2019assembl\u00e9e g\u00e9n\u00e9rale du GSEF confie tous les [&hellip;]","og_url":"https:\/\/bordeauxgsef2025.org\/en\/le-gsef\/gsef-editions-precedentes\/","og_site_name":"FORUM MONDIAL DE l&#039;\u00c9CONOMIE SOCIALE ET SOLIDAIRE","article_publisher":"https:\/\/www.facebook.com\/BordeauxGSEF2025\/","article_modified_time":"2024-12-02T14:03:16+00:00","og_image":[{"width":1024,"height":287,"url":"https:\/\/bordeauxgsef2025.org\/wp-content\/uploads\/2024\/10\/timeline-gsef-forums-historique.png","type":"image\/png"}],"twitter_card":"summary_large_image","twitter_site":"@BdxGSEF2025","schema":{"@context":"https:\/\/schema.org","@graph":[{"@type":"WebPage","@id":"https:\/\/bordeauxgsef2025.org\/le-gsef\/gsef-editions-precedentes\/","url":"https:\/\/bordeauxgsef2025.org\/le-gsef\/gsef-editions-precedentes\/","name":"Les \u00e9ditions pr\u00e9c\u00e9dentes &#8226; FORUM MONDIAL DE l&#039;\u00c9CONOMIE SOCIALE ET SOLIDAIRE","isPartOf":{"@id":"https:\/\/bordeauxgsef2025.org\/#website"},"primaryImageOfPage":{"@id":"https:\/\/bordeauxgsef2025.org\/le-gsef\/gsef-editions-precedentes\/#primaryimage"},"image":{"@id":"https:\/\/bordeauxgsef2025.org\/le-gsef\/gsef-editions-precedentes\/#primaryimage"},"thumbnailUrl":"https:\/\/bordeauxgsef2025.org\/wp-content\/uploads\/2024\/10\/timeline-gsef-forums-historique.png","datePublished":"2024-10-17T09:48:29+00:00","dateModified":"2024-12-02T14:03:16+00:00","breadcrumb":{"@id":"https:\/\/bordeauxgsef2025.org\/le-gsef\/gsef-editions-precedentes\/#breadcrumb"},"inLanguage":"en-US","potentialAction":[{"@type":"ReadAction","target":["https:\/\/bordeauxgsef2025.org\/le-gsef\/gsef-editions-precedentes\/"]}]},{"@type":"ImageObject","inLanguage":"en-US","@id":"https:\/\/bordeauxgsef2025.org\/le-gsef\/gsef-editions-precedentes\/#primaryimage","url":"https:\/\/bordeauxgsef2025.org\/wp-content\/uploads\/2024\/10\/timeline-gsef-forums-historique.png","contentUrl":"https:\/\/bordeauxgsef2025.org\/wp-content\/uploads\/2024\/10\/timeline-gsef-forums-historique.png"},{"@type":"BreadcrumbList","@id":"https:\/\/bordeauxgsef2025.org\/le-gsef\/gsef-editions-precedentes\/#breadcrumb","itemListElement":[{"@type":"ListItem","position":1,"name":"Accueil","item":"https:\/\/bordeauxgsef2025.org\/"},{"@type":"ListItem","position":2,"name":"Le Gsef","item":"https:\/\/bordeauxgsef2025.org\/le-gsef\/"},{"@type":"ListItem","position":3,"name":"Les \u00e9ditions pr\u00e9c\u00e9dentes"}]},{"@type":"WebSite","@id":"https:\/\/bordeauxgsef2025.org\/#website","url":"https:\/\/bordeauxgsef2025.org\/","name":"FORUM MONDIAL DE l'\u00c9CONOMIE SOCIALE ET SOLIDAIRE","description":"Bordeaux 29 30 31 Octobre 2025","publisher":{"@id":"https:\/\/bordeauxgsef2025.org\/#organization"},"alternateName":"BORDEAUX GSEF 225","potentialAction":[{"@type":"SearchAction","target":{"@type":"EntryPoint","urlTemplate":"https:\/\/bordeauxgsef2025.org\/?s={search_term_string}"},"query-input":{"@type":"PropertyValueSpecification","valueRequired":true,"valueName":"search_term_string"}}],"inLanguage":"en-US"},{"@type":"Organization","@id":"https:\/\/bordeauxgsef2025.org\/#organization","name":"FORUM MONDIAL DE l'\u00c9CONOMIE SOCIALE ET SOLIDAIRE","alternateName":"Bordeaux Gsef 2025","url":"https:\/\/bordeauxgsef2025.org\/","logo":{"@type":"ImageObject","inLanguage":"en-US","@id":"https:\/\/bordeauxgsef2025.org\/#\/schema\/logo\/image\/","url":"https:\/\/bordeauxgsef2025.org\/wp-content\/uploads\/2024\/10\/logo-carre-gsef2025.png","contentUrl":"https:\/\/bordeauxgsef2025.org\/wp-content\/uploads\/2024\/10\/logo-carre-gsef2025.png","width":800,"height":800,"caption":"FORUM MONDIAL DE l'\u00c9CONOMIE SOCIALE ET SOLIDAIRE"},"image":{"@id":"https:\/\/bordeauxgsef2025.org\/#\/schema\/logo\/image\/"},"sameAs":["https:\/\/www.facebook.com\/BordeauxGSEF2025\/","https:\/\/x.com\/BdxGSEF2025","https:\/\/www.linkedin.com\/company\/bordeaux-gsef-2025\/","https:\/\/www.instagram.com\/bordeaux_gsef2025\/"]}]}},"coauthors":[],"author_meta":{"author_link":"https:\/\/bordeauxgsef2025.org\/en\/author\/admin-ot\/","display_name":"admin-ot"},"relative_dates":{"created":"Posted 1 year ago","modified":"Updated 1 year ago"},"absolute_dates":{"created":"Posted on 17 October 2024","modified":"Updated on 2 December 2024"},"absolute_dates_time":{"created":"Posted on 17 October 2024 11h48","modified":"Updated on 2 December 2024 15h03"},"featured_img_caption":"","featured_img":false,"series_order":"","_links":{"self":[{"href":"https:\/\/bordeauxgsef2025.org\/en\/wp-json\/wp\/v2\/pages\/1644","targetHints":{"allow":["GET"]}}],"collection":[{"href":"https:\/\/bordeauxgsef2025.org\/en\/wp-json\/wp\/v2\/pages"}],"about":[{"href":"https:\/\/bordeauxgsef2025.org\/en\/wp-json\/wp\/v2\/types\/page"}],"author":[{"embeddable":true,"href":"https:\/\/bordeauxgsef2025.org\/en\/wp-json\/wp\/v2\/users\/1"}],"replies":[{"embeddable":true,"href":"https:\/\/bordeauxgsef2025.org\/en\/wp-json\/wp\/v2\/comments?post=1644"}],"version-history":[{"count":78,"href":"https:\/\/bordeauxgsef2025.org\/en\/wp-json\/wp\/v2\/pages\/1644\/revisions"}],"predecessor-version":[{"id":2770,"href":"https:\/\/bordeauxgsef2025.org\/en\/wp-json\/wp\/v2\/pages\/1644\/revisions\/2770"}],"up":[{"embeddable":true,"href":"https:\/\/bordeauxgsef2025.org\/en\/wp-json\/wp\/v2\/pages\/2410"}],"wp:attachment":[{"href":"https:\/\/bordeauxgsef2025.org\/en\/wp-json\/wp\/v2\/media?parent=1644"}],"curies":[{"name":"wp","href":"https:\/\/api.w.org\/{rel}","templated":true}]}}